{"id":734492,"date":"2025-08-27T22:29:30","date_gmt":"2025-08-27T19:29:30","guid":{"rendered":"https:\/\/roveyayinevi.com.tr\/index.php\/urun\/viking-koyu-korsan-maviparmak-2\/"},"modified":"2026-04-16T02:42:09","modified_gmt":"2026-04-15T23:42:09","slug":"viking-koyu-korsan-maviparmak-2","status":"publish","type":"product","link":"https:\/\/roveyayinevi.com.tr\/index.php\/urun\/viking-koyu-korsan-maviparmak-2\/","title":{"rendered":"Viking K\u00f6y\u00fc &#8211; Korsan Maviparmak 2"},"content":{"rendered":"<p>Korsan Maviparmak \u00f6yle sizin bildi\u011finiz korsanlardan de\u011fil. Di\u011ferleri gibi \u00e7il \u00e7il alt\u0131nlardan olu\u015fan bir hazine aram\u0131yor. Onun derdi evrenin s\u0131rr\u0131n\u0131 bulmak. Entel korsan\u0131n h\u00e2li de bir ba\u015fka oluyor.Maviparmak, arad\u0131\u011f\u0131 s\u0131rr\u0131 bulabilmek i\u00e7in diyar diyar geziyor. Gitti\u011fi yerlerde yeni insanlarla, farkl\u0131 k\u00fclt\u00fcrlerle tan\u0131\u015f\u0131yor. Her yerde yeni bir \u015fey \u00f6\u011freniyor. \u00d6\u011frendi\u011fi her yeni \u015fey onu evrenin s\u0131rr\u0131na biraz daha yakla\u015ft\u0131r\u0131yor. Buraya kadar her \u015fey kula\u011fa g\u00fczel geliyor, de\u011fil mi? Gezmek, g\u00f6rmek, \u00f6\u011frenmek&#8230; Bu kadar olsa iyi ama bu seyahatlerin aksiyon dozu da biraz y\u00fcksek oluyor her seferinde. Eee, yok \u00f6yle evrenin s\u0131rr\u0131n\u0131 tereya\u011f\u0131ndan k\u0131l \u00e7eker gibi bulup gitmek. Nazik ve k\u00fclt\u00fcrl\u00fc bir korsan olsan da, evrenin s\u0131rr\u0131n\u0131 arasan da maceradan ka\u00e7am\u0131yorsun.Bu kez istikamet so\u011fuk r\u00fczg\u00e2rlar\u0131yla, turuncu sa\u00e7l\u0131 insanlar\u0131yla me\u015fhur bir Viking k\u00f6y\u00fc&#8230; Bilirsiniz Vikingleri, de\u011fi\u015fiklerdir ama bu k\u00f6yde daha b\u00fcy\u00fck bir gariplik var. \u0130nsanlar hep ayn\u0131 yemekleri yiyor, ayn\u0131 k\u0131yafetleri giyiyor, ayn\u0131 kitab\u0131 okuyor, ayn\u0131 \u015feyleri yap\u0131yor. Maviparmak ve arkada\u015flar\u0131 Alfa, Dudu, Hipatya bu duruma anlam veremiyor. Hep birlikte evrenin s\u0131rr\u0131ndan \u00f6nce bu gizemi \u00e7\u00f6zmeye \u00e7al\u0131\u015f\u0131yorlar. Bir k\u00f6y dolusu insan neden ve nas\u0131l birbirinin kopyas\u0131 h\u00e2line gelmi\u015f olabilir ki? Korsan Maviparmak-Viking K\u00f6y\u00fc; korkular, \u00f6nyarg\u0131lar ve hi\u00e7 sorgulamad\u0131klar\u0131 kurallar y\u00fcz\u00fcnden birbirinin fotokopisi haline gelmi\u015f insanlarla dolu bir yerde ge\u00e7iyor. Farkl\u0131l\u0131klar\u0131n bir toplumu ne kadar zenginle\u015ftirebilece\u011fini s\u00fcr\u00fckleyici bir macera ile anlat\u0131yor. <\/p>\n","protected":false},"excerpt":{"rendered":"<p>Korsan Maviparmak \u00f6yle sizin bildi\u011finiz korsanlardan de\u011fil. Di\u011ferleri gibi \u00e7il \u00e7il alt\u0131nlardan olu\u015fan bir hazine aram\u0131yor. Onun derdi evrenin s\u0131rr\u0131n\u0131 bulmak. Entel korsan\u0131n h\u00e2li de bir<span class=\"excerpt-hellip\"> [\u2026]<\/span><\/p>\n","protected":false},"featured_media":0,"template":"","meta":{"_monsterinsights_skip_tracking":false,"_monsterinsights_sitenote_active":false,"_monsterinsights_sitenote_note":"","_monsterinsights_sitenote_category":0},"product_brand":[],"product_cat":[12275,12274],"product_tag":[],"class_list":{"0":"post-734492","1":"product","2":"type-product","3":"status-publish","5":"product_cat-6-12-yas-kitaplari","6":"product_cat-cocuk-ve-genclik-kitaplari","7":"pa_cilt-ciltsiz","8":"pa_tur-kitap","9":"pa_yayinevi-timas-cocuk","10":"pa_yazar-birsen-ekim-ozen","12":"first","13":"instock","14":"sale","15":"shipping-taxable","16":"purchasable","17":"product-type-simple"},"_links":{"self":[{"href":"https:\/\/roveyayinevi.com.tr\/index.php\/wp-json\/wp\/v2\/product\/734492","targetHints":{"allow":["GET"]}}],"collection":[{"href":"https:\/\/roveyayinevi.com.tr\/index.php\/wp-json\/wp\/v2\/product"}],"about":[{"href":"https:\/\/roveyayinevi.com.tr\/index.php\/wp-json\/wp\/v2\/types\/product"}],"wp:attachment":[{"href":"https:\/\/roveyayinevi.com.tr\/index.php\/wp-json\/wp\/v2\/media?parent=734492"}],"wp:term":[{"taxonomy":"product_brand","embeddable":true,"href":"https:\/\/roveyayinevi.com.tr\/index.php\/wp-json\/wp\/v2\/product_brand?post=734492"},{"taxonomy":"product_cat","embeddable":true,"href":"https:\/\/roveyayinevi.com.tr\/index.php\/wp-json\/wp\/v2\/product_cat?post=734492"},{"taxonomy":"product_tag","embeddable":true,"href":"https:\/\/roveyayinevi.com.tr\/index.php\/wp-json\/wp\/v2\/product_tag?post=734492"}],"curies":[{"name":"wp","href":"https:\/\/api.w.org\/{rel}","templated":true}]}}