{"id":734490,"date":"2025-08-27T22:29:28","date_gmt":"2025-08-27T19:29:28","guid":{"rendered":"https:\/\/roveyayinevi.com.tr\/index.php\/urun\/link-hayvanlar-baglanti-kurma-oyunu\/"},"modified":"2026-04-16T02:42:09","modified_gmt":"2026-04-15T23:42:09","slug":"link-hayvanlar-baglanti-kurma-oyunu","status":"publish","type":"product","link":"https:\/\/roveyayinevi.com.tr\/index.php\/urun\/link-hayvanlar-baglanti-kurma-oyunu\/","title":{"rendered":"Link &#8211; Hayvanlar Ba\u011flant\u0131 Kurma Oyunu"},"content":{"rendered":"<p>Hayvan dostlar\u0131m\u0131z\u0131n ya\u015fam alanlar\u0131n\u0131 ve yedikleri besinleri resimler aras\u0131 ili\u015fki kurarak \u00f6\u011frenmeye  ne dersiniz ? Yeni Nesil Ba\u011flant\u0131 Kurma Oyunu ile e\u011flenerek ba\u011flant\u0131 kurun! Hem hayvanlar\u0131 hem ya\u015fam alanlar\u0131n\u0131 hem de besinleri kolayl\u0131kla \u00f6\u011frenin. Bu oyun dikkarti art\u0131r\u0131r, mant\u0131k ve muhakemeyi geli\u015ftirir, motor kas koordinasyonunu sa\u011flar, karar verme yetisini ilerletir&#8230; Hepsinden \u00f6te b\u00fct\u00fcn bunlar\u0131n keyifle yap\u0131lmas\u0131n\u0131 sa\u011flar. Haydi, Link&#8217;e&#8230;<\/p>\n","protected":false},"excerpt":{"rendered":"<p>Hayvan dostlar\u0131m\u0131z\u0131n ya\u015fam alanlar\u0131n\u0131 ve yedikleri besinleri resimler aras\u0131 ili\u015fki kurarak \u00f6\u011frenmeye ne dersiniz ? Yeni Nesil Ba\u011flant\u0131 Kurma Oyunu ile e\u011flenerek ba\u011flant\u0131 kurun! Hem hayvanlar\u0131<span class=\"excerpt-hellip\"> [\u2026]<\/span><\/p>\n","protected":false},"featured_media":0,"template":"","meta":{"_monsterinsights_skip_tracking":false,"_monsterinsights_sitenote_active":false,"_monsterinsights_sitenote_note":"","_monsterinsights_sitenote_category":0},"product_brand":[],"product_cat":[12913,12274],"product_tag":[],"class_list":{"0":"post-734490","1":"product","2":"type-product","3":"status-publish","5":"product_cat-3-6-yas-kitaplari","6":"product_cat-cocuk-ve-genclik-kitaplari","7":"pa_cilt-ciltsiz","8":"pa_tur-oyun","9":"pa_yayinevi-bi-kutu-oyun","10":"pa_yazar-bi-kutu-oyun-kolektif","12":"first","13":"instock","14":"sale","15":"shipping-taxable","16":"purchasable","17":"product-type-simple"},"_links":{"self":[{"href":"https:\/\/roveyayinevi.com.tr\/index.php\/wp-json\/wp\/v2\/product\/734490","targetHints":{"allow":["GET"]}}],"collection":[{"href":"https:\/\/roveyayinevi.com.tr\/index.php\/wp-json\/wp\/v2\/product"}],"about":[{"href":"https:\/\/roveyayinevi.com.tr\/index.php\/wp-json\/wp\/v2\/types\/product"}],"wp:attachment":[{"href":"https:\/\/roveyayinevi.com.tr\/index.php\/wp-json\/wp\/v2\/media?parent=734490"}],"wp:term":[{"taxonomy":"product_brand","embeddable":true,"href":"https:\/\/roveyayinevi.com.tr\/index.php\/wp-json\/wp\/v2\/product_brand?post=734490"},{"taxonomy":"product_cat","embeddable":true,"href":"https:\/\/roveyayinevi.com.tr\/index.php\/wp-json\/wp\/v2\/product_cat?post=734490"},{"taxonomy":"product_tag","embeddable":true,"href":"https:\/\/roveyayinevi.com.tr\/index.php\/wp-json\/wp\/v2\/product_tag?post=734490"}],"curies":[{"name":"wp","href":"https:\/\/api.w.org\/{rel}","templated":true}]}}