{"id":734489,"date":"2025-08-27T22:29:27","date_gmt":"2025-08-27T19:29:27","guid":{"rendered":"https:\/\/roveyayinevi.com.tr\/index.php\/urun\/siir-mimarlik\/"},"modified":"2026-04-16T02:42:09","modified_gmt":"2026-04-15T23:42:09","slug":"siir-mimarlik","status":"publish","type":"product","link":"https:\/\/roveyayinevi.com.tr\/index.php\/urun\/siir-mimarlik\/","title":{"rendered":"\u015eiir &#8211; Mimarl\u0131k"},"content":{"rendered":"<p>\u00d6zellikle R\u00f6nesans\u2019tan beri, mimarl\u0131\u011f\u0131n binayla, in\u015fayla ili\u015fkilendirilmesini reddeden ve onu sanat olarak, \u015fiir olarak, hatta felsefe olarak tasavvur edenler olmu\u015f. Bu ret\u00e7i g\u00f6r\u00fc\u015fler, mimarl\u0131\u011f\u0131n i\u015fleve, faydaya indirgenmesine kar\u015f\u0131 \u00e7\u0131km\u0131\u015flar. Onlara g\u00f6re mimarl\u0131k, birtak\u0131m rit\u00fcellerdir, kutsal ruhlarla efsunlanarak canlanan heykellerdir, kozmik yarat\u0131klara ev sahipli\u011fi yapan labirentlerdir, semiyotik mabetlerdir, alt\u0131n \u00e7a\u011f\u0131n \u00fctopyalar\u0131d\u0131r&#8230; Sonsuz bir hayal ve arzu \u00e2lemidir. Dolay\u0131s\u0131yla mimarl\u0131k, ancak binay\u0131 ihlal ederek mimarl\u0131k olabilir. Mimarl\u0131\u011f\u0131n k\u00f6keni bina-olmayandad\u0131r. Bahar Avano\u011flu, \u00f6nce mimarl\u0131\u011f\u0131 \u015fiir ve ele\u015ftiri olarak kavrayan bu gelene\u011fin kapsaml\u0131 bir arkeolojisini yapmakta, ard\u0131ndan da onun \u00e7a\u011fda\u015f ifadesi olan Unbuilt d\u00fc\u015f\u00fcncesine ili\u015fkin d\u00f6rt metin sunmaktad\u0131r.<\/p>\n","protected":false},"excerpt":{"rendered":"<p>\u00d6zellikle R\u00f6nesans\u2019tan beri, mimarl\u0131\u011f\u0131n binayla, in\u015fayla ili\u015fkilendirilmesini reddeden ve onu sanat olarak, \u015fiir olarak, hatta felsefe olarak tasavvur edenler olmu\u015f. Bu ret\u00e7i g\u00f6r\u00fc\u015fler, mimarl\u0131\u011f\u0131n i\u015fleve, faydaya<span class=\"excerpt-hellip\"> [\u2026]<\/span><\/p>\n","protected":false},"featured_media":0,"template":"","meta":{"_monsterinsights_skip_tracking":false,"_monsterinsights_sitenote_active":false,"_monsterinsights_sitenote_note":"","_monsterinsights_sitenote_category":0},"product_brand":[],"product_cat":[13512,12408],"product_tag":[],"class_list":{"0":"post-734489","1":"product","2":"type-product","3":"status-publish","5":"product_cat-mimarlik","6":"product_cat-sanat","7":"pa_cilt-ciltsiz","8":"pa_tur-kitap","9":"pa_yayinevi-iletisim-yayinlari","10":"pa_yazar-bahar-avanoglu","12":"first","13":"instock","14":"sale","15":"shipping-taxable","16":"purchasable","17":"product-type-simple"},"_links":{"self":[{"href":"https:\/\/roveyayinevi.com.tr\/index.php\/wp-json\/wp\/v2\/product\/734489","targetHints":{"allow":["GET"]}}],"collection":[{"href":"https:\/\/roveyayinevi.com.tr\/index.php\/wp-json\/wp\/v2\/product"}],"about":[{"href":"https:\/\/roveyayinevi.com.tr\/index.php\/wp-json\/wp\/v2\/types\/product"}],"wp:attachment":[{"href":"https:\/\/roveyayinevi.com.tr\/index.php\/wp-json\/wp\/v2\/media?parent=734489"}],"wp:term":[{"taxonomy":"product_brand","embeddable":true,"href":"https:\/\/roveyayinevi.com.tr\/index.php\/wp-json\/wp\/v2\/product_brand?post=734489"},{"taxonomy":"product_cat","embeddable":true,"href":"https:\/\/roveyayinevi.com.tr\/index.php\/wp-json\/wp\/v2\/product_cat?post=734489"},{"taxonomy":"product_tag","embeddable":true,"href":"https:\/\/roveyayinevi.com.tr\/index.php\/wp-json\/wp\/v2\/product_tag?post=734489"}],"curies":[{"name":"wp","href":"https:\/\/api.w.org\/{rel}","templated":true}]}}