{"id":734488,"date":"2025-08-27T22:29:26","date_gmt":"2025-08-27T19:29:26","guid":{"rendered":"https:\/\/roveyayinevi.com.tr\/index.php\/urun\/sosyal-hizmet-mesleginin-abcsi\/"},"modified":"2026-04-16T02:42:09","modified_gmt":"2026-04-15T23:42:09","slug":"sosyal-hizmet-mesleginin-abcsi","status":"publish","type":"product","link":"https:\/\/roveyayinevi.com.tr\/index.php\/urun\/sosyal-hizmet-mesleginin-abcsi\/","title":{"rendered":"Sosyal Hizmet Mesle\u011finin Abc\u2019si"},"content":{"rendered":"<p>Yoksulluk, yoksunluk, i\u015fsizlik, kronik sa\u011fl\u0131k sorunlar\u0131, e\u015fitsizlik, ayr\u0131mc\u0131l\u0131k, k\u00f6t\u00fc muamele ve \u015fiddet gibi sosyal sorunlar yerelden k\u00fcresel \u00f6l\u00e7e\u011fe do\u011fru h\u0131zla yay\u0131lmaya ve derinle\u015fmeye devam ediyor. Sosyal d\u00fcnyam\u0131zda ya\u015fam kalitesini korumak hem zorla\u015f\u0131yor hem de ya\u015fam\u0131n kendisi gittik\u00e7e karma\u015f\u0131kla\u015f\u0131yor.Temel amac\u0131 sosyal sorunlarla m\u00fccadele etmek olan sosyal hizmet mesle\u011fi ise \u2014maruz kald\u0131\u011f\u0131 meydan okumalara ra\u011fmen\u2014 d\u00fcnyan\u0131n her yerinde aktif varl\u0131\u011f\u0131n\u0131 s\u00fcrd\u00fcr\u00fcyor. \u00c7\u00fcnk\u00fc her \u00fclkenin sosyal kalk\u0131nmas\u0131n\u0131n somut g\u00f6stergeleri aras\u0131nda profesyonel sosyal hizmet i\u015fg\u00fcc\u00fc ve sosyal refah politikalar\u0131 yer al\u0131yor. Bug\u00fcn say\u0131lar\u0131 4 milyonu a\u015fan sosyal hizmet uzmanlar\u0131, 192 \u00fclkede sosyal refah kurumlar\u0131n\u0131n \u00e7at\u0131s\u0131 alt\u0131nda \u00e7al\u0131\u015f\u0131yorlar. Sosyal hizmet uzmanlar\u0131n\u0131n; \u00e7ocuk, engelli, ya\u015fl\u0131, kad\u0131n, kronik hasta, m\u00fclteci, aile vb. odakl\u0131 psikososyal m\u00fcdahaleleri iki nihai amaca hizmet ediyor: Koruma ve g\u00fc\u00e7lendirme.Bu kitapta Prof. Dr. Tar\u0131k Tuncay ve Do\u00e7. Dr. Hasan H. Tekin, akademik bir disiplin ve meslek olarak bir as\u0131rdan fazla s\u00fcreyi geride b\u0131rakm\u0131\u015f olan sosyal hizmeti \u00f6zg\u00fcn bir teori ve pratik tecr\u00fcbesi ile analitik zeminde ele al\u0131yorlar.Kitab\u0131n okuyucu profili, mesle\u011fin ilgilendi\u011fi sosyal sorunlar ve s\u00fcrekli geni\u015fleyen \u00e7al\u0131\u015fma alanlar\u0131 gibi zengindir: Sosyal hizmet e\u011fitiminde lisans, y\u00fcksek lisans veya doktora e\u011fitimi g\u00f6renler; sosyal hizmet akademisinde ara\u015ft\u0131rmac\u0131 ve e\u011fitimci olarak g\u00f6rev yapanlar;  sosyal hizmet b\u00fcrokrasisinde sosyal hizmet uzmanlar\u0131n\u0131n da i\u00e7inde oldu\u011fu \u2014psikoloji, psikolojik dan\u0131\u015fma, \u00e7ocuk geli\u015fimi, sosyoloji vb.\u2014 sosyal mesleklerin \u00e7al\u0131\u015fanlar\u0131 ile sosyal refah hizmetleri y\u00f6netimi ve sosyal politika alanlar\u0131nda \u00e7al\u0131\u015fanlard\u0131r.<\/p>\n","protected":false},"excerpt":{"rendered":"<p>Yoksulluk, yoksunluk, i\u015fsizlik, kronik sa\u011fl\u0131k sorunlar\u0131, e\u015fitsizlik, ayr\u0131mc\u0131l\u0131k, k\u00f6t\u00fc muamele ve \u015fiddet gibi sosyal sorunlar yerelden k\u00fcresel \u00f6l\u00e7e\u011fe do\u011fru h\u0131zla yay\u0131lmaya ve derinle\u015fmeye devam ediyor. Sosyal<span class=\"excerpt-hellip\"> [\u2026]<\/span><\/p>\n","protected":false},"featured_media":0,"template":"","meta":{"_monsterinsights_skip_tracking":false,"_monsterinsights_sitenote_active":false,"_monsterinsights_sitenote_note":"","_monsterinsights_sitenote_category":0},"product_brand":[],"product_cat":[12835,12324],"product_tag":[],"class_list":{"0":"post-734488","1":"product","2":"type-product","3":"status-publish","5":"product_cat-genel-sosyoloji","6":"product_cat-sosyoloji","7":"pa_cilt-ciltsiz","8":"pa_tur-kitap","9":"pa_yayinevi-nika-yayinevi","10":"pa_yazar-tarik-tuncay-hasan-huseyin-tekin","12":"first","13":"instock","14":"sale","15":"shipping-taxable","16":"purchasable","17":"product-type-simple"},"_links":{"self":[{"href":"https:\/\/roveyayinevi.com.tr\/index.php\/wp-json\/wp\/v2\/product\/734488","targetHints":{"allow":["GET"]}}],"collection":[{"href":"https:\/\/roveyayinevi.com.tr\/index.php\/wp-json\/wp\/v2\/product"}],"about":[{"href":"https:\/\/roveyayinevi.com.tr\/index.php\/wp-json\/wp\/v2\/types\/product"}],"wp:attachment":[{"href":"https:\/\/roveyayinevi.com.tr\/index.php\/wp-json\/wp\/v2\/media?parent=734488"}],"wp:term":[{"taxonomy":"product_brand","embeddable":true,"href":"https:\/\/roveyayinevi.com.tr\/index.php\/wp-json\/wp\/v2\/product_brand?post=734488"},{"taxonomy":"product_cat","embeddable":true,"href":"https:\/\/roveyayinevi.com.tr\/index.php\/wp-json\/wp\/v2\/product_cat?post=734488"},{"taxonomy":"product_tag","embeddable":true,"href":"https:\/\/roveyayinevi.com.tr\/index.php\/wp-json\/wp\/v2\/product_tag?post=734488"}],"curies":[{"name":"wp","href":"https:\/\/api.w.org\/{rel}","templated":true}]}}