{"id":734486,"date":"2025-08-27T22:29:25","date_gmt":"2025-08-27T19:29:25","guid":{"rendered":"https:\/\/roveyayinevi.com.tr\/index.php\/urun\/tarihe-iz-birakan-olaylar\/"},"modified":"2026-04-16T02:42:09","modified_gmt":"2026-04-15T23:42:09","slug":"tarihe-iz-birakan-olaylar","status":"publish","type":"product","link":"https:\/\/roveyayinevi.com.tr\/index.php\/urun\/tarihe-iz-birakan-olaylar\/","title":{"rendered":"Tarihe \u0130z B\u0131rakan Olaylar"},"content":{"rendered":"<p>D\u00fcnyada var oldu\u011fumuz g\u00fcnden beri, geli\u015fimimizi etkileyen bir\u00e7ok olay ya\u015fad\u0131k. \u0130\u015fte bu kitapta insanl\u0131\u011f\u0131n tarihini de\u011fi\u015ftiren baz\u0131 olaylara ve d\u00f6nemlere tan\u0131k olacaks\u0131n\u0131z. Tarihe \u0130z B\u0131rakan Olaylar\u2019a haz\u0131r olun! Birazdan yaz\u0131y\u0131 bulacak, \u015fehirleri ele ge\u00e7irecek, seferler d\u00fczenleyecek, ke\u015fiflere \u00e7\u0131kacak ve uzaya gidece\u011fiz&#8230;   \u00a7  Yaz\u0131n\u0131n icad\u0131ndan \u00a7  \u0130stanbul\u2019un fethine \u00a7  Matbaan\u0131n kullan\u0131m\u0131ndan \u00a7  A\u015f\u0131n\u0131n icad\u0131na \u00a7  Uzay yolculuklar\u0131ndan \u00a7  Berlin Duvar\u0131\u2019n\u0131n y\u0131k\u0131l\u0131\u015f\u0131na kadar uzanan ser\u00fcvenlere kat\u0131lmaya var m\u0131s\u0131n\u0131z? <\/p>\n","protected":false},"excerpt":{"rendered":"<p>D\u00fcnyada var oldu\u011fumuz g\u00fcnden beri, geli\u015fimimizi etkileyen bir\u00e7ok olay ya\u015fad\u0131k. \u0130\u015fte bu kitapta insanl\u0131\u011f\u0131n tarihini de\u011fi\u015ftiren baz\u0131 olaylara ve d\u00f6nemlere tan\u0131k olacaks\u0131n\u0131z. Tarihe \u0130z B\u0131rakan Olaylar\u2019a<span class=\"excerpt-hellip\"> [\u2026]<\/span><\/p>\n","protected":false},"featured_media":0,"template":"","meta":{"_monsterinsights_skip_tracking":false,"_monsterinsights_sitenote_active":false,"_monsterinsights_sitenote_note":"","_monsterinsights_sitenote_category":0},"product_brand":[],"product_cat":[12275,12274],"product_tag":[],"class_list":{"0":"post-734486","1":"product","2":"type-product","3":"status-publish","5":"product_cat-6-12-yas-kitaplari","6":"product_cat-cocuk-ve-genclik-kitaplari","7":"pa_cilt-ciltsiz","8":"pa_tur-kitap","9":"pa_yayinevi-masalperest","10":"pa_yazar-erdi-inci","12":"first","13":"instock","14":"sale","15":"shipping-taxable","16":"purchasable","17":"product-type-simple"},"_links":{"self":[{"href":"https:\/\/roveyayinevi.com.tr\/index.php\/wp-json\/wp\/v2\/product\/734486","targetHints":{"allow":["GET"]}}],"collection":[{"href":"https:\/\/roveyayinevi.com.tr\/index.php\/wp-json\/wp\/v2\/product"}],"about":[{"href":"https:\/\/roveyayinevi.com.tr\/index.php\/wp-json\/wp\/v2\/types\/product"}],"wp:attachment":[{"href":"https:\/\/roveyayinevi.com.tr\/index.php\/wp-json\/wp\/v2\/media?parent=734486"}],"wp:term":[{"taxonomy":"product_brand","embeddable":true,"href":"https:\/\/roveyayinevi.com.tr\/index.php\/wp-json\/wp\/v2\/product_brand?post=734486"},{"taxonomy":"product_cat","embeddable":true,"href":"https:\/\/roveyayinevi.com.tr\/index.php\/wp-json\/wp\/v2\/product_cat?post=734486"},{"taxonomy":"product_tag","embeddable":true,"href":"https:\/\/roveyayinevi.com.tr\/index.php\/wp-json\/wp\/v2\/product_tag?post=734486"}],"curies":[{"name":"wp","href":"https:\/\/api.w.org\/{rel}","templated":true}]}}