{"id":734484,"date":"2025-08-27T22:29:22","date_gmt":"2025-08-27T19:29:22","guid":{"rendered":"https:\/\/roveyayinevi.com.tr\/index.php\/urun\/cup-cis-kaka\/"},"modified":"2026-04-16T02:42:09","modified_gmt":"2026-04-15T23:42:09","slug":"cup-cis-kaka","status":"publish","type":"product","link":"https:\/\/roveyayinevi.com.tr\/index.php\/urun\/cup-cis-kaka\/","title":{"rendered":"Cup \u00c7i\u015f Kaka"},"content":{"rendered":"<p>Bebek beziyle daha fazla rahat edemeyince, Annem oturttu beni koltuk gibi komik bir yere. B\u00f6ylece ba\u015flad\u0131k tuvalet e\u011fitimine. Ya\u015fas\u0131n \u00e7i\u015f yapt\u0131m tuvalete! Bazen hemen gelmese de, Annemin \u00e7\u0131kard\u0131\u011f\u0131 komik seslerle Kakam da cup diye d\u00fc\u015ft\u00fc i\u00e7ine. <\/p>\n","protected":false},"excerpt":{"rendered":"<p>Bebek beziyle daha fazla rahat edemeyince, Annem oturttu beni koltuk gibi komik bir yere. B\u00f6ylece ba\u015flad\u0131k tuvalet e\u011fitimine. Ya\u015fas\u0131n \u00e7i\u015f yapt\u0131m tuvalete! Bazen hemen gelmese de,<span class=\"excerpt-hellip\"> [\u2026]<\/span><\/p>\n","protected":false},"featured_media":0,"template":"","meta":{"_monsterinsights_skip_tracking":false,"_monsterinsights_sitenote_active":false,"_monsterinsights_sitenote_note":"","_monsterinsights_sitenote_category":0},"product_brand":[],"product_cat":[12913,12274],"product_tag":[],"class_list":{"0":"post-734484","1":"product","2":"type-product","3":"status-publish","5":"product_cat-3-6-yas-kitaplari","6":"product_cat-cocuk-ve-genclik-kitaplari","7":"pa_cilt-ciltsiz","8":"pa_tur-kitap","9":"pa_yayinevi-masalperest","10":"pa_yazar-seyma-goksay","12":"first","13":"instock","14":"sale","15":"shipping-taxable","16":"purchasable","17":"product-type-simple"},"_links":{"self":[{"href":"https:\/\/roveyayinevi.com.tr\/index.php\/wp-json\/wp\/v2\/product\/734484","targetHints":{"allow":["GET"]}}],"collection":[{"href":"https:\/\/roveyayinevi.com.tr\/index.php\/wp-json\/wp\/v2\/product"}],"about":[{"href":"https:\/\/roveyayinevi.com.tr\/index.php\/wp-json\/wp\/v2\/types\/product"}],"wp:attachment":[{"href":"https:\/\/roveyayinevi.com.tr\/index.php\/wp-json\/wp\/v2\/media?parent=734484"}],"wp:term":[{"taxonomy":"product_brand","embeddable":true,"href":"https:\/\/roveyayinevi.com.tr\/index.php\/wp-json\/wp\/v2\/product_brand?post=734484"},{"taxonomy":"product_cat","embeddable":true,"href":"https:\/\/roveyayinevi.com.tr\/index.php\/wp-json\/wp\/v2\/product_cat?post=734484"},{"taxonomy":"product_tag","embeddable":true,"href":"https:\/\/roveyayinevi.com.tr\/index.php\/wp-json\/wp\/v2\/product_tag?post=734484"}],"curies":[{"name":"wp","href":"https:\/\/api.w.org\/{rel}","templated":true}]}}