{"id":734476,"date":"2025-08-27T22:29:13","date_gmt":"2025-08-27T19:29:13","guid":{"rendered":"https:\/\/roveyayinevi.com.tr\/index.php\/urun\/birimiz-olmek-uzere-birimiz-yalan-soyluyor-2-kitap-ciltli\/"},"modified":"2026-04-16T02:42:09","modified_gmt":"2026-04-15T23:42:09","slug":"birimiz-olmek-uzere-birimiz-yalan-soyluyor-2-kitap-ciltli","status":"publish","type":"product","link":"https:\/\/roveyayinevi.com.tr\/index.php\/urun\/birimiz-olmek-uzere-birimiz-yalan-soyluyor-2-kitap-ciltli\/","title":{"rendered":"Birimiz \u00d6lmek \u00dczere &#8211; Birimiz Yalan S\u00f6yl\u00fcyor 2. Kitap (Ciltli)"},"content":{"rendered":"<p>Bayview Lisesi\u2019nde yeni bir d\u00f6nem ba\u015fl\u0131yor. Art\u0131k kimsenin s\u0131rr\u0131 g\u00fcvende de\u011fil.   Yeni bir oyuna haz\u0131r m\u0131s\u0131n, Bayview?   Simon\u2019\u0131n \u00f6l\u00fcm\u00fcnden sonra bir s\u00fcr\u00fc taklit\u00e7i t\u00fcrese de, Bayview Lisesi\u2019nin dedikodu a\u00e7l\u0131\u011f\u0131 bitecek gibi de\u011fildi \u00e7\u00fcnk\u00fc kimse ger\u00e7ek s\u0131rlara ula\u015fam\u0131yordu. Ta ki gizli numaradan okuldaki herkese bir mesaj gelene kadar:   DO\u011eRULUK MU CESARET M\u0130?   Phoebe ilk hedefti. E\u011fer oyuna kat\u0131lmay\u0131 reddederse bir s\u0131rr\u0131 a\u00e7\u0131klanacakt\u0131 ve onunki asla g\u00fcn y\u00fcz\u00fcne \u00e7\u0131kmamal\u0131yd\u0131.   Sonraki mesaj Maeve i\u00e7indi ve ya\u015fananlardan ders \u00e7\u0131kard\u0131ysa mutlaka cesareti se\u00e7meliydi.   S\u0131ra Knox\u2019a geldi\u011finde, i\u015fler \u00e7oktan tehlikeli h\u00e2le gelmi\u015fti. \u00d6nceki y\u0131l zor yoldan \u00f6\u011frendikleri gibi, yard\u0131m asla polisten gelmeyecekti.   \u0130ntikam almaya yeminli biri vard\u0131 ve bu oyunun kurallar\u0131n\u0131 o koydu\u011fu s\u00fcrece zaman herkes i\u00e7in azal\u0131yordu:   T\u0130K TAK T\u0130K TAK\u2026   \u201cKimse Karen McManus gibi gen\u00e7lik gizem roman\u0131 yazamaz.\u201d \u2014Entertainment Weekly   \u201cOkurlar\u0131n bay\u0131laca\u011f\u0131 ters k\u00f6\u015felerle dolu bir gizem.\u201d \u2014Booklist   \u201cHer sayfada yeni bir s\u00fcrpriz sizi bekliyor.\u201d \u2014Paste   \u201cMcManus hayranlar\u0131, intikam ve dostlukla \u00f6r\u00fcl\u00fc bu hik\u00e2yeyi soluksuz okuyacak.\u201d \u2014Publishers Weekly, starred review   \u201cS\u0131radan bir polisiye romandan \u00e7ok daha fazlas\u0131. Hem ger\u00e7ek\u00e7i hem de \u015fa\u015f\u0131rt\u0131c\u0131.\u201d \u2014USA Today   \u201cBir oturu\u015fta bitirece\u011finiz, ba\u011f\u0131ml\u0131l\u0131k yapacak bir gerilim.\u201d \u2014Kara Thomas<\/p>\n","protected":false},"excerpt":{"rendered":"<p>Bayview Lisesi\u2019nde yeni bir d\u00f6nem ba\u015fl\u0131yor. Art\u0131k kimsenin s\u0131rr\u0131 g\u00fcvende de\u011fil. Yeni bir oyuna haz\u0131r m\u0131s\u0131n, Bayview? Simon\u2019\u0131n \u00f6l\u00fcm\u00fcnden sonra bir s\u00fcr\u00fc taklit\u00e7i t\u00fcrese de, Bayview<span class=\"excerpt-hellip\"> [\u2026]<\/span><\/p>\n","protected":false},"featured_media":0,"template":"","meta":{"_monsterinsights_skip_tracking":false,"_monsterinsights_sitenote_active":false,"_monsterinsights_sitenote_note":"","_monsterinsights_sitenote_category":0},"product_brand":[],"product_cat":[12291,15445],"product_tag":[],"class_list":{"0":"post-734476","1":"product","2":"type-product","3":"status-publish","5":"product_cat-edebiyat","6":"product_cat-polisiye","7":"pa_cilt-ciltli","8":"pa_tur-kitap","9":"pa_yayinevi-yabanci-yayinevi","10":"pa_yazar-karen-m-mcmanus","12":"first","13":"instock","14":"sale","15":"shipping-taxable","16":"purchasable","17":"product-type-simple"},"_links":{"self":[{"href":"https:\/\/roveyayinevi.com.tr\/index.php\/wp-json\/wp\/v2\/product\/734476","targetHints":{"allow":["GET"]}}],"collection":[{"href":"https:\/\/roveyayinevi.com.tr\/index.php\/wp-json\/wp\/v2\/product"}],"about":[{"href":"https:\/\/roveyayinevi.com.tr\/index.php\/wp-json\/wp\/v2\/types\/product"}],"wp:attachment":[{"href":"https:\/\/roveyayinevi.com.tr\/index.php\/wp-json\/wp\/v2\/media?parent=734476"}],"wp:term":[{"taxonomy":"product_brand","embeddable":true,"href":"https:\/\/roveyayinevi.com.tr\/index.php\/wp-json\/wp\/v2\/product_brand?post=734476"},{"taxonomy":"product_cat","embeddable":true,"href":"https:\/\/roveyayinevi.com.tr\/index.php\/wp-json\/wp\/v2\/product_cat?post=734476"},{"taxonomy":"product_tag","embeddable":true,"href":"https:\/\/roveyayinevi.com.tr\/index.php\/wp-json\/wp\/v2\/product_tag?post=734476"}],"curies":[{"name":"wp","href":"https:\/\/api.w.org\/{rel}","templated":true}]}}