{"id":734475,"date":"2025-08-27T22:29:12","date_gmt":"2025-08-27T19:29:12","guid":{"rendered":"https:\/\/roveyayinevi.com.tr\/index.php\/urun\/hoppala-cumbala-tumbala-butun-hayirlar-buraya\/"},"modified":"2026-04-16T02:42:09","modified_gmt":"2026-04-15T23:42:09","slug":"hoppala-cumbala-tumbala-butun-hayirlar-buraya","status":"publish","type":"product","link":"https:\/\/roveyayinevi.com.tr\/index.php\/urun\/hoppala-cumbala-tumbala-butun-hayirlar-buraya\/","title":{"rendered":"Hoppala Cumbala Tumbala, B\u00fct\u00fcn Hay\u0131rlar Buraya"},"content":{"rendered":"<p>\u201cHay\u0131r!\u201d demekten \u00e7ekinen bir \u00e7ocuk olan Ada, bir sabah kendini \u00e7ok hasta hissedince eve doktor gelir. Doktorun te\u015fhisine g\u00f6re Ada\u2019da \u201chay\u0131r t\u0131kanmas\u0131\u201d vard\u0131r ancak birka\u00e7 kez \u201cHay\u0131r!\u201d derse bu sorun kolayca \u00e7\u00f6z\u00fclebilir. Ve b\u00f6ylece, doktorun \u00e7antas\u0131ndan \u00e7\u0131kan \u00e7izgili pijamal\u0131 bir fille birlikte, Ada\u2019n\u0131n \u201cHay\u0131r!\u201d deme yolculu\u011fu ba\u015flar! \u0130stemedi\u011fini ifade etmek ve hay\u0131r diyebilmek \u00fczerine reng\u00e2renk, s\u0131ms\u0131cak bir hik\u00e2ye&#8230; <\/p>\n","protected":false},"excerpt":{"rendered":"<p>\u201cHay\u0131r!\u201d demekten \u00e7ekinen bir \u00e7ocuk olan Ada, bir sabah kendini \u00e7ok hasta hissedince eve doktor gelir. Doktorun te\u015fhisine g\u00f6re Ada\u2019da \u201chay\u0131r t\u0131kanmas\u0131\u201d vard\u0131r ancak birka\u00e7 kez<span class=\"excerpt-hellip\"> [\u2026]<\/span><\/p>\n","protected":false},"featured_media":0,"template":"","meta":{"_monsterinsights_skip_tracking":false,"_monsterinsights_sitenote_active":false,"_monsterinsights_sitenote_note":"","_monsterinsights_sitenote_category":0},"product_brand":[],"product_cat":[12274,12518],"product_tag":[],"class_list":{"0":"post-734475","1":"product","2":"type-product","3":"status-publish","5":"product_cat-cocuk-ve-genclik-kitaplari","6":"product_cat-okul-oncesi-kitaplar","7":"pa_cilt-ciltsiz","8":"pa_tur-kitap","9":"pa_yayinevi-ithaki-yayinlari","10":"pa_yazar-aysegul-kahvecioglu","12":"first","13":"instock","14":"sale","15":"shipping-taxable","16":"purchasable","17":"product-type-simple"},"_links":{"self":[{"href":"https:\/\/roveyayinevi.com.tr\/index.php\/wp-json\/wp\/v2\/product\/734475","targetHints":{"allow":["GET"]}}],"collection":[{"href":"https:\/\/roveyayinevi.com.tr\/index.php\/wp-json\/wp\/v2\/product"}],"about":[{"href":"https:\/\/roveyayinevi.com.tr\/index.php\/wp-json\/wp\/v2\/types\/product"}],"wp:attachment":[{"href":"https:\/\/roveyayinevi.com.tr\/index.php\/wp-json\/wp\/v2\/media?parent=734475"}],"wp:term":[{"taxonomy":"product_brand","embeddable":true,"href":"https:\/\/roveyayinevi.com.tr\/index.php\/wp-json\/wp\/v2\/product_brand?post=734475"},{"taxonomy":"product_cat","embeddable":true,"href":"https:\/\/roveyayinevi.com.tr\/index.php\/wp-json\/wp\/v2\/product_cat?post=734475"},{"taxonomy":"product_tag","embeddable":true,"href":"https:\/\/roveyayinevi.com.tr\/index.php\/wp-json\/wp\/v2\/product_tag?post=734475"}],"curies":[{"name":"wp","href":"https:\/\/api.w.org\/{rel}","templated":true}]}}