{"id":734473,"date":"2025-08-27T22:29:11","date_gmt":"2025-08-27T19:29:11","guid":{"rendered":"https:\/\/roveyayinevi.com.tr\/index.php\/urun\/liberal-dusunce-dergisi-sayi-103-yaz-2021\/"},"modified":"2026-04-16T02:42:09","modified_gmt":"2026-04-15T23:42:09","slug":"liberal-dusunce-dergisi-sayi-103-yaz-2021","status":"publish","type":"product","link":"https:\/\/roveyayinevi.com.tr\/index.php\/urun\/liberal-dusunce-dergisi-sayi-103-yaz-2021\/","title":{"rendered":"Liberal D\u00fc\u015f\u00fcnce Dergisi Say\u0131 103 &#8211; Yaz 2021"},"content":{"rendered":"<p>\u201cBir \u015eey\u201d \u0130ken \u201cHer \u015eey\u201d Olmak: \u00dcniversitelerin Yerel, B\u00f6lgesel, Ulusal ve K\u00fcresel Aras\u0131nda \u201cEvrensel\u201d Kalma \u00c7abalar\u0131 From Being \u201cOne Thing\u201d to Being \u201cEverything\u201d: Efforts of the Universities to Keep \u201cUniversal\u201d Among Local, Regional, National, and Global Metin U\u00e7ar   Bar\u0131\u015f \u00c7al\u0131\u015fmalar\u0131nda Sosyal Temsiller Kuram\u0131: Gruplararas\u0131 Farkl\u0131l\u0131klar ve Ba\u011flamsal Etkiler Social Representations Theory in Peace Studies: Intergroup Differences and Contextual Effects K\u00fcbra \u00d6zkan Demir   Nicolai Hartmann\u2019\u0131n Yeni Ontoloji Perspektifinden Ahl\u00e2k\u00ee \u00d6zg\u00fcrl\u00fck Yorumu ve Kant Ele\u015ftirisi The Interpretation of Moral Freedom and a Critique of Kant from Nicolai Hartmann\u2019s New Ontology Perspective Ziya Yavuz   Kamusal Alan\u0131 Dijitalle\u015fme \u00c7er\u00e7evesinde Yeniden Okumak Re-Reading Public Sphere Within the Frame of Digitalisation Ceren Avcil   Irk\u00e7\u0131l\u0131\u011f\u0131n Avrupa\u2019daki Geli\u015fimi ve Uluslararas\u0131 Hukuka Etkisi: James Lorimer \u00d6rne\u011fi Development of Racism in Europe and Its Effect on International Law: The Case of James Lorimer Murat Sara\u00e7l\u0131   Alman Anayasa Hukuku Sisteminde Dini Cemaatlerle Yap\u0131lan Din- Devlet S\u00f6zle\u015fmeleri: Religionsverfassungsrechtliche Staatsvertraege Religion \u2013 State Contracts with the Religious Communities in the German Constitutional System: Religionsverfassungsrechtliche Staatsvertraege Muhterem Dilbirli\u011fi   Bir T\u00fcrk Siyaseti Okuma Bi\u00e7imi Olarak Gelenek\u00e7i Yakla\u015f\u0131m Traditionalist Approach As A Way of Reading Turkish Political History \u0130brahim Buldur<\/p>\n","protected":false},"excerpt":{"rendered":"<p>\u201cBir \u015eey\u201d \u0130ken \u201cHer \u015eey\u201d Olmak: \u00dcniversitelerin Yerel, B\u00f6lgesel, Ulusal ve K\u00fcresel Aras\u0131nda \u201cEvrensel\u201d Kalma \u00c7abalar\u0131 From Being \u201cOne Thing\u201d to Being \u201cEverything\u201d: Efforts of the<span class=\"excerpt-hellip\"> [\u2026]<\/span><\/p>\n","protected":false},"featured_media":0,"template":"","meta":{"_monsterinsights_skip_tracking":false,"_monsterinsights_sitenote_active":false,"_monsterinsights_sitenote_note":"","_monsterinsights_sitenote_category":0},"product_brand":[],"product_cat":[13527],"product_tag":[],"class_list":{"0":"post-734473","1":"product","2":"type-product","3":"status-publish","5":"product_cat-sureli-yayinlar","6":"pa_cilt-ciltsiz","7":"pa_tur-dergi","8":"pa_yayinevi-liberte-yayinlari","9":"pa_yazar-liberte-yayinlari-kolektif","11":"first","12":"instock","13":"sale","14":"shipping-taxable","15":"purchasable","16":"product-type-simple"},"_links":{"self":[{"href":"https:\/\/roveyayinevi.com.tr\/index.php\/wp-json\/wp\/v2\/product\/734473","targetHints":{"allow":["GET"]}}],"collection":[{"href":"https:\/\/roveyayinevi.com.tr\/index.php\/wp-json\/wp\/v2\/product"}],"about":[{"href":"https:\/\/roveyayinevi.com.tr\/index.php\/wp-json\/wp\/v2\/types\/product"}],"wp:attachment":[{"href":"https:\/\/roveyayinevi.com.tr\/index.php\/wp-json\/wp\/v2\/media?parent=734473"}],"wp:term":[{"taxonomy":"product_brand","embeddable":true,"href":"https:\/\/roveyayinevi.com.tr\/index.php\/wp-json\/wp\/v2\/product_brand?post=734473"},{"taxonomy":"product_cat","embeddable":true,"href":"https:\/\/roveyayinevi.com.tr\/index.php\/wp-json\/wp\/v2\/product_cat?post=734473"},{"taxonomy":"product_tag","embeddable":true,"href":"https:\/\/roveyayinevi.com.tr\/index.php\/wp-json\/wp\/v2\/product_tag?post=734473"}],"curies":[{"name":"wp","href":"https:\/\/api.w.org\/{rel}","templated":true}]}}