{"id":734470,"date":"2025-08-27T22:29:08","date_gmt":"2025-08-27T19:29:08","guid":{"rendered":"https:\/\/roveyayinevi.com.tr\/index.php\/urun\/utangaclik-ve-sosyal-kaygi-calisma-kitabi\/"},"modified":"2026-04-16T02:42:09","modified_gmt":"2026-04-15T23:42:09","slug":"utangaclik-ve-sosyal-kaygi-calisma-kitabi","status":"publish","type":"product","link":"https:\/\/roveyayinevi.com.tr\/index.php\/urun\/utangaclik-ve-sosyal-kaygi-calisma-kitabi\/","title":{"rendered":"Utanga\u00e7l\u0131k ve Sosyal Kayg\u0131 \u00c7al\u0131\u015fma Kitab\u0131"},"content":{"rendered":"<p>Sosyal Durumlar Korkunuz, \u0130stedi\u011finiz Hayat\u0131 Ya\u015faman\u0131z\u0131 Engelliyor mu?Utanga\u00e7 olmak k\u00f6t\u00fc bir \u015fey de\u011fildir. Ama sosyal kayg\u0131n\u0131z ba\u015fkalar\u0131yla ili\u015fki kurman\u0131z\u0131, e\u011fitim veya kariyerinizde ilerlemenizi ya da g\u00fcnl\u00fck i\u015flevlerinize devam etmenizi engelliyorsa, keyifli, doyum verici bir ya\u015fam i\u00e7in korkular\u0131n\u0131zla y\u00fczle\u015fmeniz gerekebilir. Utanga\u00e7l\u0131k ve Sosyal Kayg\u0131 \u00c7al\u0131\u015fma Kitab\u0131\u2019n\u0131n bu yeni bask\u0131s\u0131nda, bunu yapman\u0131zda size yard\u0131mc\u0131 olmak i\u00e7in kapsaml\u0131 bir program yer almaktad\u0131r.Bu \u00e7al\u0131\u015fma kitab\u0131ndaki aktiviteleri tamamlad\u0131\u011f\u0131n\u0131zda:\u2022 Kendi kendinizi de\u011ferlendirme ile g\u00fc\u00e7l\u00fc ve zay\u0131f y\u00f6nlerinizi a\u00e7\u0131\u011fa \u00e7\u0131karmay\u0131\u2022 Korkular\u0131n\u0131z\u0131 ke\u015ffetmeyi ve incelemeyi\u2022 De\u011fi\u015fim i\u00e7in ki\u015fiselle\u015ftirilmi\u015f bir plan yapmay\u0131\u2022 Sosyal durumlar\u0131n \u00fcst\u00fcne hafif\u00e7e ve yava\u015f\u00e7a giderek, plan\u0131n\u0131z\u0131 eyleme d\u00f6n\u00fc\u015ft\u00fcrmeyi \u00f6\u011frenebilirsiniz.Tedavi, ila\u00e7 tedavileri ve di\u011fer kaynaklar hakk\u0131nda da bilgiye yer verilmi\u015ftir. Bu program\u0131 tamamlad\u0131ktan sonra etraf\u0131n\u0131zdakilerle ba\u011flant\u0131 kurmak i\u00e7in donan\u0131ml\u0131 hale geleceksiniz. K\u0131sa bir s\u00fcre sonra da sosyal d\u00fcnyaya aktif \u015fekilde kat\u0131lman\u0131n t\u00fcm avantajlar\u0131n\u0131n keyfini \u00e7\u0131karmaya ba\u015flayacaks\u0131n\u0131z.<\/p>\n","protected":false},"excerpt":{"rendered":"<p>Sosyal Durumlar Korkunuz, \u0130stedi\u011finiz Hayat\u0131 Ya\u015faman\u0131z\u0131 Engelliyor mu?Utanga\u00e7 olmak k\u00f6t\u00fc bir \u015fey de\u011fildir. Ama sosyal kayg\u0131n\u0131z ba\u015fkalar\u0131yla ili\u015fki kurman\u0131z\u0131, e\u011fitim veya kariyerinizde ilerlemenizi ya da g\u00fcnl\u00fck<span class=\"excerpt-hellip\"> [\u2026]<\/span><\/p>\n","protected":false},"featured_media":0,"template":"","meta":{"_monsterinsights_skip_tracking":false,"_monsterinsights_sitenote_active":false,"_monsterinsights_sitenote_note":"","_monsterinsights_sitenote_category":0},"product_brand":[],"product_cat":[12364,12376],"product_tag":[],"class_list":{"0":"post-734470","1":"product","2":"type-product","3":"status-publish","5":"product_cat-genel-konular","6":"product_cat-kisisel-gelisim","7":"pa_cilt-ciltsiz","8":"pa_tur-kitap","9":"pa_yayinevi-psikonet-yayinlari","10":"pa_yazar-martin-m-antony-richard-p-swinson","12":"first","13":"instock","14":"sale","15":"shipping-taxable","16":"purchasable","17":"product-type-simple"},"_links":{"self":[{"href":"https:\/\/roveyayinevi.com.tr\/index.php\/wp-json\/wp\/v2\/product\/734470","targetHints":{"allow":["GET"]}}],"collection":[{"href":"https:\/\/roveyayinevi.com.tr\/index.php\/wp-json\/wp\/v2\/product"}],"about":[{"href":"https:\/\/roveyayinevi.com.tr\/index.php\/wp-json\/wp\/v2\/types\/product"}],"wp:attachment":[{"href":"https:\/\/roveyayinevi.com.tr\/index.php\/wp-json\/wp\/v2\/media?parent=734470"}],"wp:term":[{"taxonomy":"product_brand","embeddable":true,"href":"https:\/\/roveyayinevi.com.tr\/index.php\/wp-json\/wp\/v2\/product_brand?post=734470"},{"taxonomy":"product_cat","embeddable":true,"href":"https:\/\/roveyayinevi.com.tr\/index.php\/wp-json\/wp\/v2\/product_cat?post=734470"},{"taxonomy":"product_tag","embeddable":true,"href":"https:\/\/roveyayinevi.com.tr\/index.php\/wp-json\/wp\/v2\/product_tag?post=734470"}],"curies":[{"name":"wp","href":"https:\/\/api.w.org\/{rel}","templated":true}]}}