{"id":734468,"date":"2025-08-27T22:29:06","date_gmt":"2025-08-27T19:29:06","guid":{"rendered":"https:\/\/roveyayinevi.com.tr\/index.php\/urun\/bana-yazin-sarkisini-soyle\/"},"modified":"2026-04-16T02:42:09","modified_gmt":"2026-04-15T23:42:09","slug":"bana-yazin-sarkisini-soyle","status":"publish","type":"product","link":"https:\/\/roveyayinevi.com.tr\/index.php\/urun\/bana-yazin-sarkisini-soyle\/","title":{"rendered":"Bana Yaz\u0131n \u015eark\u0131s\u0131n\u0131 S\u00f6yle"},"content":{"rendered":"<p>\u201cBana yaz\u0131n \u015fark\u0131s\u0131n\u0131 s\u00f6yle Bak, \u0131\u015f\u0131l \u0131\u015f\u0131l deniz Kumlarda kovalar\u0131m\u0131z, k\u00fcreklerimiz.\u201d Bir mevsimden di\u011ferine ge\u00e7erken, bize d\u00f6rt mevsimin t\u00fcrk\u00fcs\u00fcn\u00fc s\u00f6yleyen bu sevimli kitab\u0131 ka\u00e7\u0131rma. Jane Godwin\u2019in \u0131\u015f\u0131lt\u0131lar sa\u00e7an metnini Alison Lester\u2019\u0131n u\u00e7ar\u0131 sulu boyalar\u0131yla birle\u015ftiren Bana Yaz\u0131n \u015eark\u0131s\u0131n\u0131 S\u00f6yle, g\u00fcnlerimizi renklendiren ve bir daha belle\u011fimizden hi\u00e7 silinmeyen de\u011ferli anlar\u0131 vurguluyor. <\/p>\n","protected":false},"excerpt":{"rendered":"<p>\u201cBana yaz\u0131n \u015fark\u0131s\u0131n\u0131 s\u00f6yle Bak, \u0131\u015f\u0131l \u0131\u015f\u0131l deniz Kumlarda kovalar\u0131m\u0131z, k\u00fcreklerimiz.\u201d Bir mevsimden di\u011ferine ge\u00e7erken, bize d\u00f6rt mevsimin t\u00fcrk\u00fcs\u00fcn\u00fc s\u00f6yleyen bu sevimli kitab\u0131 ka\u00e7\u0131rma. Jane Godwin\u2019in<span class=\"excerpt-hellip\"> [\u2026]<\/span><\/p>\n","protected":false},"featured_media":0,"template":"","meta":{"_monsterinsights_skip_tracking":false,"_monsterinsights_sitenote_active":false,"_monsterinsights_sitenote_note":"","_monsterinsights_sitenote_category":0},"product_brand":[],"product_cat":[12274,12518],"product_tag":[],"class_list":{"0":"post-734468","1":"product","2":"type-product","3":"status-publish","5":"product_cat-cocuk-ve-genclik-kitaplari","6":"product_cat-okul-oncesi-kitaplar","7":"pa_cilt-ciltsiz","8":"pa_tur-kitap","9":"pa_yayinevi-is-bankasi-kultur-yayinlari","10":"pa_yazar-jane-godwin","12":"first","13":"instock","14":"sale","15":"shipping-taxable","16":"purchasable","17":"product-type-simple"},"_links":{"self":[{"href":"https:\/\/roveyayinevi.com.tr\/index.php\/wp-json\/wp\/v2\/product\/734468","targetHints":{"allow":["GET"]}}],"collection":[{"href":"https:\/\/roveyayinevi.com.tr\/index.php\/wp-json\/wp\/v2\/product"}],"about":[{"href":"https:\/\/roveyayinevi.com.tr\/index.php\/wp-json\/wp\/v2\/types\/product"}],"wp:attachment":[{"href":"https:\/\/roveyayinevi.com.tr\/index.php\/wp-json\/wp\/v2\/media?parent=734468"}],"wp:term":[{"taxonomy":"product_brand","embeddable":true,"href":"https:\/\/roveyayinevi.com.tr\/index.php\/wp-json\/wp\/v2\/product_brand?post=734468"},{"taxonomy":"product_cat","embeddable":true,"href":"https:\/\/roveyayinevi.com.tr\/index.php\/wp-json\/wp\/v2\/product_cat?post=734468"},{"taxonomy":"product_tag","embeddable":true,"href":"https:\/\/roveyayinevi.com.tr\/index.php\/wp-json\/wp\/v2\/product_tag?post=734468"}],"curies":[{"name":"wp","href":"https:\/\/api.w.org\/{rel}","templated":true}]}}