{"id":734466,"date":"2025-08-27T22:29:04","date_gmt":"2025-08-27T19:29:04","guid":{"rendered":"https:\/\/roveyayinevi.com.tr\/index.php\/urun\/cizgili-zurafa\/"},"modified":"2026-04-16T02:42:08","modified_gmt":"2026-04-15T23:42:08","slug":"cizgili-zurafa","status":"publish","type":"product","link":"https:\/\/roveyayinevi.com.tr\/index.php\/urun\/cizgili-zurafa\/","title":{"rendered":"\u00c7izgili Z\u00fcrafa"},"content":{"rendered":"<p>Minik Gofri\u2019nin de k\u00fc\u00e7\u00fck boynuzlar\u0131 var s\u00fcr\u00fcdeki herkes gibi Burnu, uzun boynu, yelesi, kuyru\u011fu, yerli yerinde hepsi. Fakat derisindeki \u015feritler kar\u0131\u015ft\u0131r\u0131yor ortal\u0131\u011f\u0131, \u00c7\u00fcnk\u00fc herkes bilir z\u00fcrafalar\u0131n beneklidir derisi! \u0130yi de Gofri z\u00fcrafa de\u011filse, ba\u015fka ne olabilir ki? Y\u00fcksek sesle okundu\u011funda insan\u0131 \u00e7ok g\u00fcld\u00fcren bu sevimli ve bol resimli kitap, kendimizi oldu\u011fumuz gibi sevmenin keyfini payla\u015f\u0131yor.<\/p>\n","protected":false},"excerpt":{"rendered":"<p>Minik Gofri\u2019nin de k\u00fc\u00e7\u00fck boynuzlar\u0131 var s\u00fcr\u00fcdeki herkes gibi Burnu, uzun boynu, yelesi, kuyru\u011fu, yerli yerinde hepsi. Fakat derisindeki \u015feritler kar\u0131\u015ft\u0131r\u0131yor ortal\u0131\u011f\u0131, \u00c7\u00fcnk\u00fc herkes bilir z\u00fcrafalar\u0131n<span class=\"excerpt-hellip\"> [\u2026]<\/span><\/p>\n","protected":false},"featured_media":0,"template":"","meta":{"_monsterinsights_skip_tracking":false,"_monsterinsights_sitenote_active":false,"_monsterinsights_sitenote_note":"","_monsterinsights_sitenote_category":0},"product_brand":[],"product_cat":[12274,12518],"product_tag":[],"class_list":{"0":"post-734466","1":"product","2":"type-product","3":"status-publish","5":"product_cat-cocuk-ve-genclik-kitaplari","6":"product_cat-okul-oncesi-kitaplar","7":"pa_cilt-ciltsiz","8":"pa_tur-kitap","9":"pa_yayinevi-is-bankasi-kultur-yayinlari","10":"pa_yazar-thea-baker","12":"first","13":"instock","14":"sale","15":"shipping-taxable","16":"purchasable","17":"product-type-simple"},"_links":{"self":[{"href":"https:\/\/roveyayinevi.com.tr\/index.php\/wp-json\/wp\/v2\/product\/734466","targetHints":{"allow":["GET"]}}],"collection":[{"href":"https:\/\/roveyayinevi.com.tr\/index.php\/wp-json\/wp\/v2\/product"}],"about":[{"href":"https:\/\/roveyayinevi.com.tr\/index.php\/wp-json\/wp\/v2\/types\/product"}],"wp:attachment":[{"href":"https:\/\/roveyayinevi.com.tr\/index.php\/wp-json\/wp\/v2\/media?parent=734466"}],"wp:term":[{"taxonomy":"product_brand","embeddable":true,"href":"https:\/\/roveyayinevi.com.tr\/index.php\/wp-json\/wp\/v2\/product_brand?post=734466"},{"taxonomy":"product_cat","embeddable":true,"href":"https:\/\/roveyayinevi.com.tr\/index.php\/wp-json\/wp\/v2\/product_cat?post=734466"},{"taxonomy":"product_tag","embeddable":true,"href":"https:\/\/roveyayinevi.com.tr\/index.php\/wp-json\/wp\/v2\/product_tag?post=734466"}],"curies":[{"name":"wp","href":"https:\/\/api.w.org\/{rel}","templated":true}]}}