{"id":734465,"date":"2025-08-27T22:29:03","date_gmt":"2025-08-27T19:29:03","guid":{"rendered":"https:\/\/roveyayinevi.com.tr\/index.php\/urun\/homurtu-tekneleri\/"},"modified":"2026-04-16T02:42:08","modified_gmt":"2026-04-15T23:42:08","slug":"homurtu-tekneleri","status":"publish","type":"product","link":"https:\/\/roveyayinevi.com.tr\/index.php\/urun\/homurtu-tekneleri\/","title":{"rendered":"Homurtu Tekneleri"},"content":{"rendered":"<p>Emma\u2019n\u0131n surat\u0131 \u00e7ok as\u0131k, homur homur homurdan\u0131yordu. Kendisine bebek muamelesi yap\u0131lmas\u0131ndan hi\u00e7 ho\u015flanm\u0131yordu. O da a\u011fabeyi Tom\u2019la birlikte Korsanlar Partisi\u2019ne gitmek istiyordu. Ama gidemedi. H\u0131h! Neyse ki B\u00fcy\u00fckanne, Emma\u2019n\u0131n aksili\u011fini nas\u0131l ge\u00e7irece\u011fini gayet iyi biliyor\u2026 Homurtu Tekneleri, do\u011fan\u0131n ve b\u00fcy\u00fckannelerin kendimizi daha iyi hissetmemizi sa\u011flamak konusunda ne kadar marifetli olduklar\u0131n\u0131 harika bir \u00f6yk\u00fcyle hat\u0131rlat\u0131yor hepimize\u2026 <\/p>\n","protected":false},"excerpt":{"rendered":"<p>Emma\u2019n\u0131n surat\u0131 \u00e7ok as\u0131k, homur homur homurdan\u0131yordu. Kendisine bebek muamelesi yap\u0131lmas\u0131ndan hi\u00e7 ho\u015flanm\u0131yordu. O da a\u011fabeyi Tom\u2019la birlikte Korsanlar Partisi\u2019ne gitmek istiyordu. Ama gidemedi. H\u0131h! Neyse<span class=\"excerpt-hellip\"> [\u2026]<\/span><\/p>\n","protected":false},"featured_media":0,"template":"","meta":{"_monsterinsights_skip_tracking":false,"_monsterinsights_sitenote_active":false,"_monsterinsights_sitenote_note":"","_monsterinsights_sitenote_category":0},"product_brand":[],"product_cat":[12274,12518],"product_tag":[],"class_list":{"0":"post-734465","1":"product","2":"type-product","3":"status-publish","5":"product_cat-cocuk-ve-genclik-kitaplari","6":"product_cat-okul-oncesi-kitaplar","7":"pa_cilt-ciltsiz","8":"pa_tur-kitap","9":"pa_yayinevi-is-bankasi-kultur-yayinlari","10":"pa_yazar-susannah-mcfarlane","12":"first","13":"instock","14":"sale","15":"shipping-taxable","16":"purchasable","17":"product-type-simple"},"_links":{"self":[{"href":"https:\/\/roveyayinevi.com.tr\/index.php\/wp-json\/wp\/v2\/product\/734465","targetHints":{"allow":["GET"]}}],"collection":[{"href":"https:\/\/roveyayinevi.com.tr\/index.php\/wp-json\/wp\/v2\/product"}],"about":[{"href":"https:\/\/roveyayinevi.com.tr\/index.php\/wp-json\/wp\/v2\/types\/product"}],"wp:attachment":[{"href":"https:\/\/roveyayinevi.com.tr\/index.php\/wp-json\/wp\/v2\/media?parent=734465"}],"wp:term":[{"taxonomy":"product_brand","embeddable":true,"href":"https:\/\/roveyayinevi.com.tr\/index.php\/wp-json\/wp\/v2\/product_brand?post=734465"},{"taxonomy":"product_cat","embeddable":true,"href":"https:\/\/roveyayinevi.com.tr\/index.php\/wp-json\/wp\/v2\/product_cat?post=734465"},{"taxonomy":"product_tag","embeddable":true,"href":"https:\/\/roveyayinevi.com.tr\/index.php\/wp-json\/wp\/v2\/product_tag?post=734465"}],"curies":[{"name":"wp","href":"https:\/\/api.w.org\/{rel}","templated":true}]}}