{"id":734464,"date":"2025-08-27T22:29:02","date_gmt":"2025-08-27T19:29:02","guid":{"rendered":"https:\/\/roveyayinevi.com.tr\/index.php\/urun\/hayvan-kasifler-bitki-avcisi-lola\/"},"modified":"2026-04-16T02:42:08","modified_gmt":"2026-04-15T23:42:08","slug":"hayvan-kasifler-bitki-avcisi-lola","status":"publish","type":"product","link":"https:\/\/roveyayinevi.com.tr\/index.php\/urun\/hayvan-kasifler-bitki-avcisi-lola\/","title":{"rendered":"Hayvan Ka\u015fifler &#8211; Bitki Avc\u0131s\u0131 Lola"},"content":{"rendered":"<p>KE\u015eFE \u00c7IKMAYA HAZIR MISIN? Kutup ay\u0131s\u0131 Lola balta girmemi\u015f ormanlarda ola\u011fan\u00fcst\u00fc bir yolculu\u011fa \u00e7\u0131k\u0131yor. Gezegendeki en nadir bitkilerin pe\u015fine d\u00fc\u015fen Lola\u2019y\u0131 hi\u00e7bir zorluk durduramayacak. Sen de Lola\u2019n\u0131n ser\u00fcvenine kat\u0131l ve sonra ger\u00e7ek bitki avc\u0131lar\u0131n\u0131n insana ilham veren ya\u015fam \u00f6yk\u00fclerini oku. BAKALIM BU SER\u00dcVEN SEN\u0130 NERELERE S\u00dcR\u00dcKLEYECEK?<\/p>\n","protected":false},"excerpt":{"rendered":"<p>KE\u015eFE \u00c7IKMAYA HAZIR MISIN? Kutup ay\u0131s\u0131 Lola balta girmemi\u015f ormanlarda ola\u011fan\u00fcst\u00fc bir yolculu\u011fa \u00e7\u0131k\u0131yor. Gezegendeki en nadir bitkilerin pe\u015fine d\u00fc\u015fen Lola\u2019y\u0131 hi\u00e7bir zorluk durduramayacak. Sen de<span class=\"excerpt-hellip\"> [\u2026]<\/span><\/p>\n","protected":false},"featured_media":0,"template":"","meta":{"_monsterinsights_skip_tracking":false,"_monsterinsights_sitenote_active":false,"_monsterinsights_sitenote_note":"","_monsterinsights_sitenote_category":0},"product_brand":[],"product_cat":[12274,12518],"product_tag":[],"class_list":{"0":"post-734464","1":"product","2":"type-product","3":"status-publish","5":"product_cat-cocuk-ve-genclik-kitaplari","6":"product_cat-okul-oncesi-kitaplar","7":"pa_cilt-ciltsiz","8":"pa_tur-kitap","9":"pa_yayinevi-is-bankasi-kultur-yayinlari","10":"pa_yazar-sharon-rentta","12":"first","13":"instock","14":"sale","15":"shipping-taxable","16":"purchasable","17":"product-type-simple"},"_links":{"self":[{"href":"https:\/\/roveyayinevi.com.tr\/index.php\/wp-json\/wp\/v2\/product\/734464","targetHints":{"allow":["GET"]}}],"collection":[{"href":"https:\/\/roveyayinevi.com.tr\/index.php\/wp-json\/wp\/v2\/product"}],"about":[{"href":"https:\/\/roveyayinevi.com.tr\/index.php\/wp-json\/wp\/v2\/types\/product"}],"wp:attachment":[{"href":"https:\/\/roveyayinevi.com.tr\/index.php\/wp-json\/wp\/v2\/media?parent=734464"}],"wp:term":[{"taxonomy":"product_brand","embeddable":true,"href":"https:\/\/roveyayinevi.com.tr\/index.php\/wp-json\/wp\/v2\/product_brand?post=734464"},{"taxonomy":"product_cat","embeddable":true,"href":"https:\/\/roveyayinevi.com.tr\/index.php\/wp-json\/wp\/v2\/product_cat?post=734464"},{"taxonomy":"product_tag","embeddable":true,"href":"https:\/\/roveyayinevi.com.tr\/index.php\/wp-json\/wp\/v2\/product_tag?post=734464"}],"curies":[{"name":"wp","href":"https:\/\/api.w.org\/{rel}","templated":true}]}}