{"id":734463,"date":"2025-08-27T22:29:01","date_gmt":"2025-08-27T19:29:01","guid":{"rendered":"https:\/\/roveyayinevi.com.tr\/index.php\/urun\/muhtesem-konser\/"},"modified":"2026-04-15T02:54:39","modified_gmt":"2026-04-14T23:54:39","slug":"muhtesem-konser","status":"publish","type":"product","link":"https:\/\/roveyayinevi.com.tr\/index.php\/urun\/muhtesem-konser\/","title":{"rendered":"Muhte\u015fem Konser"},"content":{"rendered":"<p>Benek \u015fark\u0131 s\u00f6ylemeyi \u00e7ok seviyordu. B\u00fct\u00fcn g\u00fcn \u015fark\u0131 s\u00f6yl\u00fcyordu. Asl\u0131na bakarsan\u0131z, sadece uyudu\u011fu zaman \u015fark\u0131 s\u00f6ylemiyordu! Benek\u2019in arkada\u015flar\u0131na \u015fark\u0131 s\u00f6ylemek i\u00e7in \u00e7\u0131kt\u0131\u011f\u0131 bu e\u011flenceli yolculu\u011fa sen de kat\u0131l. <\/p>\n","protected":false},"excerpt":{"rendered":"<p>Benek \u015fark\u0131 s\u00f6ylemeyi \u00e7ok seviyordu. B\u00fct\u00fcn g\u00fcn \u015fark\u0131 s\u00f6yl\u00fcyordu. Asl\u0131na bakarsan\u0131z, sadece uyudu\u011fu zaman \u015fark\u0131 s\u00f6ylemiyordu! Benek\u2019in arkada\u015flar\u0131na \u015fark\u0131 s\u00f6ylemek i\u00e7in \u00e7\u0131kt\u0131\u011f\u0131 bu e\u011flenceli yolculu\u011fa sen<span class=\"excerpt-hellip\"> [\u2026]<\/span><\/p>\n","protected":false},"featured_media":0,"template":"","meta":{"_monsterinsights_skip_tracking":false,"_monsterinsights_sitenote_active":false,"_monsterinsights_sitenote_note":"","_monsterinsights_sitenote_category":0},"product_brand":[],"product_cat":[12274,12518],"product_tag":[],"class_list":{"0":"post-734463","1":"product","2":"type-product","3":"status-publish","5":"product_cat-cocuk-ve-genclik-kitaplari","6":"product_cat-okul-oncesi-kitaplar","7":"pa_cilt-ciltsiz","8":"pa_tur-kitap","9":"pa_yayinevi-is-bankasi-kultur-yayinlari","10":"pa_yazar-isadora-rose","12":"first","13":"instock","14":"sale","15":"shipping-taxable","16":"purchasable","17":"product-type-simple"},"_links":{"self":[{"href":"https:\/\/roveyayinevi.com.tr\/index.php\/wp-json\/wp\/v2\/product\/734463","targetHints":{"allow":["GET"]}}],"collection":[{"href":"https:\/\/roveyayinevi.com.tr\/index.php\/wp-json\/wp\/v2\/product"}],"about":[{"href":"https:\/\/roveyayinevi.com.tr\/index.php\/wp-json\/wp\/v2\/types\/product"}],"wp:attachment":[{"href":"https:\/\/roveyayinevi.com.tr\/index.php\/wp-json\/wp\/v2\/media?parent=734463"}],"wp:term":[{"taxonomy":"product_brand","embeddable":true,"href":"https:\/\/roveyayinevi.com.tr\/index.php\/wp-json\/wp\/v2\/product_brand?post=734463"},{"taxonomy":"product_cat","embeddable":true,"href":"https:\/\/roveyayinevi.com.tr\/index.php\/wp-json\/wp\/v2\/product_cat?post=734463"},{"taxonomy":"product_tag","embeddable":true,"href":"https:\/\/roveyayinevi.com.tr\/index.php\/wp-json\/wp\/v2\/product_tag?post=734463"}],"curies":[{"name":"wp","href":"https:\/\/api.w.org\/{rel}","templated":true}]}}