{"id":734462,"date":"2025-08-27T22:29:00","date_gmt":"2025-08-27T19:29:00","guid":{"rendered":"https:\/\/roveyayinevi.com.tr\/index.php\/urun\/arkadasim-ogretmen-dunyayi-ogreniyorum\/"},"modified":"2026-04-16T02:42:08","modified_gmt":"2026-04-15T23:42:08","slug":"arkadasim-ogretmen-dunyayi-ogreniyorum","status":"publish","type":"product","link":"https:\/\/roveyayinevi.com.tr\/index.php\/urun\/arkadasim-ogretmen-dunyayi-ogreniyorum\/","title":{"rendered":"Arkada\u015f\u0131m \u00d6\u011fretmen D\u00fcnyay\u0131 \u00d6\u011freniyorum"},"content":{"rendered":"<p>Arkada\u015f\u0131m Filiz \u00d6\u011fretmen, ilkokulda \u00f6\u011fretmenlik yap\u0131yor. Ben hen\u00fcz anaokulunday\u0131m. Bug\u00fcn Filiz \u00d6\u011fretmen\u2019le birlikte okula gidece\u011fiz. T\u00fcm g\u00fcn\u00fc 2-A s\u0131n\u0131f\u0131yla ge\u00e7irece\u011fim. \u0130lkokul hakk\u0131nda sorup \u00f6\u011frenmek istedi\u011fim o kadar \u00e7ok \u015fey var ki! \u00c7ocuklar bu \u00f6yk\u00fcde heyecan verici \u00f6\u011fretmenlik mesle\u011fi ve ilkokulla ilgili ilk izlenimlerini edinecekler. <\/p>\n","protected":false},"excerpt":{"rendered":"<p>Arkada\u015f\u0131m Filiz \u00d6\u011fretmen, ilkokulda \u00f6\u011fretmenlik yap\u0131yor. Ben hen\u00fcz anaokulunday\u0131m. Bug\u00fcn Filiz \u00d6\u011fretmen\u2019le birlikte okula gidece\u011fiz. T\u00fcm g\u00fcn\u00fc 2-A s\u0131n\u0131f\u0131yla ge\u00e7irece\u011fim. \u0130lkokul hakk\u0131nda sorup \u00f6\u011frenmek istedi\u011fim o<span class=\"excerpt-hellip\"> [\u2026]<\/span><\/p>\n","protected":false},"featured_media":0,"template":"","meta":{"_monsterinsights_skip_tracking":false,"_monsterinsights_sitenote_active":false,"_monsterinsights_sitenote_note":"","_monsterinsights_sitenote_category":0},"product_brand":[],"product_cat":[12274,12518],"product_tag":[],"class_list":{"0":"post-734462","1":"product","2":"type-product","3":"status-publish","5":"product_cat-cocuk-ve-genclik-kitaplari","6":"product_cat-okul-oncesi-kitaplar","7":"pa_cilt-ciltsiz","8":"pa_tur-kitap","9":"pa_yayinevi-is-bankasi-kultur-yayinlari","10":"pa_yazar-ralf-butschkow","12":"first","13":"instock","14":"sale","15":"shipping-taxable","16":"purchasable","17":"product-type-simple"},"_links":{"self":[{"href":"https:\/\/roveyayinevi.com.tr\/index.php\/wp-json\/wp\/v2\/product\/734462","targetHints":{"allow":["GET"]}}],"collection":[{"href":"https:\/\/roveyayinevi.com.tr\/index.php\/wp-json\/wp\/v2\/product"}],"about":[{"href":"https:\/\/roveyayinevi.com.tr\/index.php\/wp-json\/wp\/v2\/types\/product"}],"wp:attachment":[{"href":"https:\/\/roveyayinevi.com.tr\/index.php\/wp-json\/wp\/v2\/media?parent=734462"}],"wp:term":[{"taxonomy":"product_brand","embeddable":true,"href":"https:\/\/roveyayinevi.com.tr\/index.php\/wp-json\/wp\/v2\/product_brand?post=734462"},{"taxonomy":"product_cat","embeddable":true,"href":"https:\/\/roveyayinevi.com.tr\/index.php\/wp-json\/wp\/v2\/product_cat?post=734462"},{"taxonomy":"product_tag","embeddable":true,"href":"https:\/\/roveyayinevi.com.tr\/index.php\/wp-json\/wp\/v2\/product_tag?post=734462"}],"curies":[{"name":"wp","href":"https:\/\/api.w.org\/{rel}","templated":true}]}}