{"id":734461,"date":"2025-08-27T22:28:58","date_gmt":"2025-08-27T19:28:58","guid":{"rendered":"https:\/\/roveyayinevi.com.tr\/index.php\/urun\/ben-sana-mecburum\/"},"modified":"2026-04-16T02:42:08","modified_gmt":"2026-04-15T23:42:08","slug":"ben-sana-mecburum","status":"publish","type":"product","link":"https:\/\/roveyayinevi.com.tr\/index.php\/urun\/ben-sana-mecburum\/","title":{"rendered":"Ben Sana Mecburum"},"content":{"rendered":"<p>Bizi en ince yerimizden yakal\u0131yor hep; birimizi, baz\u0131lar\u0131m\u0131z\u0131 de\u011fil, hepimizi\u2026 Kendini anlat\u0131yor, ama dizelerinde hepimiz kendimizi buluyoruz, \u00fcstelik onlarda sadece biz var\u0131z sanarak. \u201cBize ait olan\u0131\u201d duyuyoruz onun sesinde. Hepimiz \u015fiirinin kahramanlar\u0131y\u0131z; bir t\u00fcrl\u00fc lay\u0131k\u0131yla s\u00f6ylemeyi beceremedi\u011fimizi o \u00fc\u00e7 kelimeye s\u0131\u011fd\u0131r\u0131veriyor: \u201cBen sana mecburum!\u201d Attil\u00e2 \u0130lhan \u015fiirinin tek temas\u0131 a\u015fk de\u011fil elbette; bu kitapta be\u015f b\u00f6l\u00fcmde toplad\u0131\u011f\u0131 \u015fiirlerinde, d\u00f6nemin siyasi havas\u0131n\u0131, \u00e7alkant\u0131lar\u0131n\u0131, gerilimi, direni\u015fi, ba\u015fkald\u0131r\u0131y\u0131, imk\u00e2ns\u0131z a\u015fklar\u0131 ve \u00f6zg\u00fcrl\u00fck \u00f6zlemini bulacaks\u0131n\u0131z.   *Ask\u0131da Ya\u015famak *Tension \u00e0 Smyrne *Memleket Havas\u0131 *\u0130mk\u00e2ns\u0131z A\u015fk *Cehennem Dairesi *Ortado\u011fu\u2019dan Gece Telgraflar\u0131 <\/p>\n","protected":false},"excerpt":{"rendered":"<p>Bizi en ince yerimizden yakal\u0131yor hep; birimizi, baz\u0131lar\u0131m\u0131z\u0131 de\u011fil, hepimizi\u2026 Kendini anlat\u0131yor, ama dizelerinde hepimiz kendimizi buluyoruz, \u00fcstelik onlarda sadece biz var\u0131z sanarak. \u201cBize ait olan\u0131\u201d<span class=\"excerpt-hellip\"> [\u2026]<\/span><\/p>\n","protected":false},"featured_media":0,"template":"","meta":{"_monsterinsights_skip_tracking":false,"_monsterinsights_sitenote_active":false,"_monsterinsights_sitenote_note":"","_monsterinsights_sitenote_category":0},"product_brand":[],"product_cat":[12291,12292],"product_tag":[],"class_list":{"0":"post-734461","1":"product","2":"type-product","3":"status-publish","5":"product_cat-edebiyat","6":"product_cat-turk-edebiyati","7":"pa_cilt-ciltsiz","8":"pa_tur-kitap","9":"pa_yayinevi-is-bankasi-kultur-yayinlari","10":"pa_yazar-attila-ilhan","12":"first","13":"instock","14":"sale","15":"shipping-taxable","16":"purchasable","17":"product-type-simple"},"_links":{"self":[{"href":"https:\/\/roveyayinevi.com.tr\/index.php\/wp-json\/wp\/v2\/product\/734461","targetHints":{"allow":["GET"]}}],"collection":[{"href":"https:\/\/roveyayinevi.com.tr\/index.php\/wp-json\/wp\/v2\/product"}],"about":[{"href":"https:\/\/roveyayinevi.com.tr\/index.php\/wp-json\/wp\/v2\/types\/product"}],"wp:attachment":[{"href":"https:\/\/roveyayinevi.com.tr\/index.php\/wp-json\/wp\/v2\/media?parent=734461"}],"wp:term":[{"taxonomy":"product_brand","embeddable":true,"href":"https:\/\/roveyayinevi.com.tr\/index.php\/wp-json\/wp\/v2\/product_brand?post=734461"},{"taxonomy":"product_cat","embeddable":true,"href":"https:\/\/roveyayinevi.com.tr\/index.php\/wp-json\/wp\/v2\/product_cat?post=734461"},{"taxonomy":"product_tag","embeddable":true,"href":"https:\/\/roveyayinevi.com.tr\/index.php\/wp-json\/wp\/v2\/product_tag?post=734461"}],"curies":[{"name":"wp","href":"https:\/\/api.w.org\/{rel}","templated":true}]}}