{"id":734454,"date":"2025-08-27T22:28:51","date_gmt":"2025-08-27T19:28:51","guid":{"rendered":"https:\/\/roveyayinevi.com.tr\/index.php\/urun\/minnina-isiklari-kapama\/"},"modified":"2026-04-16T02:42:08","modified_gmt":"2026-04-15T23:42:08","slug":"minnina-isiklari-kapama","status":"publish","type":"product","link":"https:\/\/roveyayinevi.com.tr\/index.php\/urun\/minnina-isiklari-kapama\/","title":{"rendered":"Minnina I\u015f\u0131klar\u0131 Kapama"},"content":{"rendered":"<p>Sen\u2026 Sen, evet\u2026 Bu kitab\u0131 elinde tutan\u2026 Hayat\u0131n\u0131n rutin i\u015flerle \u00f6r\u00fcl\u00fc oldu\u011funu d\u00fc\u015f\u00fcnen. K\u00f6t\u00fcl\u00fckten korkup hayat\u0131n k\u0131y\u0131s\u0131nda k\u00f6\u015fesinde ya\u015fayan. Bana dokunmayan y\u0131lan bin ya\u015fas\u0131n derken y\u0131lanlarla ayn\u0131 yatakta yatan. Sen, bak\u0131p da g\u00f6rmeyen, duyup da d\u00fc\u015f\u00fcnmeyen, hayat\u0131 yiyip i\u00e7tiklerinin toplam\u0131 sanan. Ruhun inceli\u011fini zay\u0131fl\u0131k, iyileri aciz g\u00f6ren. Kendi \u00f6z\u00fcn\u00fc sistem i\u00e7inde eritip kaybeden. Y\u00fczle\u015fmeye haz\u0131r m\u0131s\u0131n?Sen, kad\u0131nl\u0131\u011f\u0131nla ve erkekli\u011finle, annenin rahmine d\u00fc\u015ft\u00fc\u011f\u00fcn yaln\u0131zl\u0131\u011f\u0131nla, karanl\u0131ktan gelen korkular\u0131nla, kocaman adamlar\u0131n kendini bilmez oyunlar\u0131yla, d\u00fc\u015fler bah\u00e7esinde oynarken, masal prensesinin y\u0131rt\u0131lan ete\u011fiyle\u2026Peki ya sen, bu roman\u0131n neresindesin? Ece, \u00e7ocuklu\u011funda ailesi taraf\u0131ndan istismara u\u011fram\u0131\u015f gen\u00e7 bir kad\u0131nd\u0131r. Adile ile kar\u015f\u0131la\u015fmas\u0131 hayat\u0131n\u0131n d\u00f6n\u00fcm noktas\u0131n\u0131 olu\u015fturur. Adile, Ece\u2019yi b\u00fcy\u00fct\u00fcr, okutur fakat ruhundaki yaln\u0131zl\u0131\u011fa merhem olamaz.Bu yaln\u0131zl\u0131\u011f\u0131n \u00e7aresi Ece\u2019nin kendisindedir; bunun fark\u0131na varmas\u0131 i\u00e7in kendisiyle y\u00fczle\u015fmesi gerekir. Bir gece, ge\u00e7mi\u015fi ve gelece\u011fi aras\u0131nda se\u00e7im yapmak zorunda kal\u0131r. Bu se\u00e7iminde gelece\u011fine y\u00f6nelir, kendisinden ba\u015flay\u0131p topluma uzanan bir sava\u015f\u0131 ba\u015flat\u0131r. Kendisi ve toplum ile\u2026 Cinsel kimlik aray\u0131\u015f\u0131 i\u00e7inde kad\u0131nl\u0131\u011f\u0131n\u0131 bulan Ece, k\u0131z\u0131na kendi bedeninden utanmamay\u0131 \u00f6\u011f\u00fctl\u00fcyor.\u00d6zge Do\u011far, annelik kavram\u0131n\u0131 irdeledi\u011fi Minnina I\u015f\u0131klar\u0131 Kapama adl\u0131 roman\u0131nda kad\u0131n\u0131n toplumsal rol\u00fcn\u00fc de sorguluyor.Minnina! Kendine, topluma, insana, gelece\u011fe, dostlu\u011fa, bar\u0131\u015fa, karde\u015fli\u011fe \u0131\u015f\u0131klar\u0131n\u0131 kapama\u2026<\/p>\n","protected":false},"excerpt":{"rendered":"<p>Sen\u2026 Sen, evet\u2026 Bu kitab\u0131 elinde tutan\u2026 Hayat\u0131n\u0131n rutin i\u015flerle \u00f6r\u00fcl\u00fc oldu\u011funu d\u00fc\u015f\u00fcnen. K\u00f6t\u00fcl\u00fckten korkup hayat\u0131n k\u0131y\u0131s\u0131nda k\u00f6\u015fesinde ya\u015fayan. Bana dokunmayan y\u0131lan bin ya\u015fas\u0131n derken y\u0131lanlarla<span class=\"excerpt-hellip\"> [\u2026]<\/span><\/p>\n","protected":false},"featured_media":0,"template":"","meta":{"_monsterinsights_skip_tracking":false,"_monsterinsights_sitenote_active":false,"_monsterinsights_sitenote_note":"","_monsterinsights_sitenote_category":0},"product_brand":[],"product_cat":[12291,12711],"product_tag":[],"class_list":{"0":"post-734454","1":"product","2":"type-product","3":"status-publish","5":"product_cat-edebiyat","6":"product_cat-roman-oyku","7":"pa_cilt-ciltsiz","8":"pa_tur-kitap","9":"pa_yayinevi-ayrinti-yayinlari","10":"pa_yazar-ozge-dogar","12":"first","13":"instock","14":"sale","15":"shipping-taxable","16":"purchasable","17":"product-type-simple"},"_links":{"self":[{"href":"https:\/\/roveyayinevi.com.tr\/index.php\/wp-json\/wp\/v2\/product\/734454","targetHints":{"allow":["GET"]}}],"collection":[{"href":"https:\/\/roveyayinevi.com.tr\/index.php\/wp-json\/wp\/v2\/product"}],"about":[{"href":"https:\/\/roveyayinevi.com.tr\/index.php\/wp-json\/wp\/v2\/types\/product"}],"wp:attachment":[{"href":"https:\/\/roveyayinevi.com.tr\/index.php\/wp-json\/wp\/v2\/media?parent=734454"}],"wp:term":[{"taxonomy":"product_brand","embeddable":true,"href":"https:\/\/roveyayinevi.com.tr\/index.php\/wp-json\/wp\/v2\/product_brand?post=734454"},{"taxonomy":"product_cat","embeddable":true,"href":"https:\/\/roveyayinevi.com.tr\/index.php\/wp-json\/wp\/v2\/product_cat?post=734454"},{"taxonomy":"product_tag","embeddable":true,"href":"https:\/\/roveyayinevi.com.tr\/index.php\/wp-json\/wp\/v2\/product_tag?post=734454"}],"curies":[{"name":"wp","href":"https:\/\/api.w.org\/{rel}","templated":true}]}}