{"id":734453,"date":"2025-08-27T22:28:50","date_gmt":"2025-08-27T19:28:50","guid":{"rendered":"https:\/\/roveyayinevi.com.tr\/index.php\/urun\/2022-tyt-matematik-foy-soru-bankasi\/"},"modified":"2026-04-16T02:42:08","modified_gmt":"2026-04-15T23:42:08","slug":"2022-tyt-matematik-foy-soru-bankasi","status":"publish","type":"product","link":"https:\/\/roveyayinevi.com.tr\/index.php\/urun\/2022-tyt-matematik-foy-soru-bankasi\/","title":{"rendered":"2022 TYT Matematik F\u00f6y Soru Bankas\u0131"},"content":{"rendered":"<p>Sevgili \u00d6\u011frenciler, Soru bankam\u0131z matematik konular\u0131n\u0131n \u00f6\u011frenilmesi ve peki\u015ftirilmesi i\u00e7in ad\u0131m ad\u0131m haz\u0131rlanan f\u00f6ylerden olu\u015fturulmu\u015ftur. Her f\u00f6y konu bazl\u0131 haz\u0131rlanm\u0131\u015f olup i\u00e7inde 4 adet test bulunmaktad\u0131r. Her f\u00f6yde &#8220;\u00d6\u011freten&#8221; ve &#8220;Kazand\u0131ran&#8221; sorulara yer verilmi\u015ftir. Ayr\u0131ca baz\u0131 f\u00f6ylerde &#8220;S\u0131navda B\u00f6yle Sorulur&#8221; ba\u015fl\u0131kl\u0131 \u00e7\u00f6z\u00fcml\u00fc sorular yard\u0131m\u0131yla \u00e7al\u0131\u015fmalar\u0131n\u0131za katk\u0131 sunulmu\u015ftur. Kitab\u0131n\u0131z\u0131 yan\u0131n\u0131zda bulundurmadan istedi\u011finiz konuyla ilgili f\u00f6y\u00fc al\u0131p, \u00e7al\u0131\u015fma kolayl\u0131\u011f\u0131 <\/p>\n","protected":false},"excerpt":{"rendered":"<p>Sevgili \u00d6\u011frenciler, Soru bankam\u0131z matematik konular\u0131n\u0131n \u00f6\u011frenilmesi ve peki\u015ftirilmesi i\u00e7in ad\u0131m ad\u0131m haz\u0131rlanan f\u00f6ylerden olu\u015fturulmu\u015ftur. Her f\u00f6y konu bazl\u0131 haz\u0131rlanm\u0131\u015f olup i\u00e7inde 4 adet test bulunmaktad\u0131r.<span class=\"excerpt-hellip\"> [\u2026]<\/span><\/p>\n","protected":false},"featured_media":0,"template":"","meta":{"_monsterinsights_skip_tracking":false,"_monsterinsights_sitenote_active":false,"_monsterinsights_sitenote_note":"","_monsterinsights_sitenote_category":0},"product_brand":[],"product_cat":[12566,13473,51999,52049,52037,51998],"product_tag":[],"class_list":{"0":"post-734453","1":"product","2":"type-product","3":"status-publish","5":"product_cat-egitim","6":"product_cat-sinavlara-hazirlik-okula-yardimci-kaynaklar","7":"product_cat-tyt-kitaplari","8":"product_cat-tyt-matematik-soru-bankasi","9":"product_cat-tyt-soru-bankalari","10":"product_cat-yks-kitaplari","11":"pa_cilt-ciltsiz","12":"pa_tur-kitap","13":"pa_yayinevi-delta-kultur-yayinevi","14":"pa_yazar-delta-kultur-yayinevi-kolektif","16":"first","17":"instock","18":"sale","19":"shipping-taxable","20":"purchasable","21":"product-type-simple"},"_links":{"self":[{"href":"https:\/\/roveyayinevi.com.tr\/index.php\/wp-json\/wp\/v2\/product\/734453","targetHints":{"allow":["GET"]}}],"collection":[{"href":"https:\/\/roveyayinevi.com.tr\/index.php\/wp-json\/wp\/v2\/product"}],"about":[{"href":"https:\/\/roveyayinevi.com.tr\/index.php\/wp-json\/wp\/v2\/types\/product"}],"wp:attachment":[{"href":"https:\/\/roveyayinevi.com.tr\/index.php\/wp-json\/wp\/v2\/media?parent=734453"}],"wp:term":[{"taxonomy":"product_brand","embeddable":true,"href":"https:\/\/roveyayinevi.com.tr\/index.php\/wp-json\/wp\/v2\/product_brand?post=734453"},{"taxonomy":"product_cat","embeddable":true,"href":"https:\/\/roveyayinevi.com.tr\/index.php\/wp-json\/wp\/v2\/product_cat?post=734453"},{"taxonomy":"product_tag","embeddable":true,"href":"https:\/\/roveyayinevi.com.tr\/index.php\/wp-json\/wp\/v2\/product_tag?post=734453"}],"curies":[{"name":"wp","href":"https:\/\/api.w.org\/{rel}","templated":true}]}}