{"id":734450,"date":"2025-08-27T22:28:47","date_gmt":"2025-08-27T19:28:47","guid":{"rendered":"https:\/\/roveyayinevi.com.tr\/index.php\/urun\/afrika-seyahatlerim-ciltli\/"},"modified":"2026-04-16T02:42:08","modified_gmt":"2026-04-15T23:42:08","slug":"afrika-seyahatlerim-ciltli","status":"publish","type":"product","link":"https:\/\/roveyayinevi.com.tr\/index.php\/urun\/afrika-seyahatlerim-ciltli\/","title":{"rendered":"Afrika Seyahatlerim (Ciltli)"},"content":{"rendered":"<p>\u201cH\u00e2lden anlamak i\u00e7in insanl\u0131\u011f\u0131n h\u00e2llerine \u015fahit olmak gerek. Yurt d\u0131\u015f\u0131 yolculuklar\u0131 benim i\u00e7in, insanl\u0131k tecr\u00fcbelerine \u015fahitlik edip sorumluluklar\u0131m\u0131z\u0131 yeniden hat\u0131rlamak demek.   D\u00fcnya \u00fczerinde gidip g\u00f6rd\u00fc\u011f\u00fcm her \u00fclke, g\u00f6z g\u00f6ze geldi\u011fim her insan, bana asl\u0131nda \u2018\u00f6teki\u2019yi de\u011fil, yak\u0131nl\u0131klar\u0131 anlatt\u0131. Yunus Emre\u2019nin \u2018Gelin tan\u0131\u015f olal\u0131m, i\u015fi kolay k\u0131lal\u0131m, sevelim sevilelim, d\u00fcnya kimseye kalmaz\u2019 diyerek t\u00fcm d\u00fcnyaya miras b\u0131rakt\u0131\u011f\u0131 \u00f6\u011f\u00fcd\u00fcn mahiyetini billurla\u015ft\u0131rd\u0131.   Afrika seyahatlerim, benim i\u00e7in kapa\u011f\u0131 kapanmayacak, \u00f6mr\u00fcm vefa ettik\u00e7e yeni sat\u0131rlar eklenecek bir defter. Bu defterin temiz sayfalar\u0131na, Afrika\u2019ya dair huzur ve refah dolu sat\u0131rlar\u0131n yaz\u0131lmas\u0131n\u0131 i\u00e7tenlikle arzu ediyorum.\u201d Emine Erdo\u011fan<\/p>\n","protected":false},"excerpt":{"rendered":"<p>\u201cH\u00e2lden anlamak i\u00e7in insanl\u0131\u011f\u0131n h\u00e2llerine \u015fahit olmak gerek. Yurt d\u0131\u015f\u0131 yolculuklar\u0131 benim i\u00e7in, insanl\u0131k tecr\u00fcbelerine \u015fahitlik edip sorumluluklar\u0131m\u0131z\u0131 yeniden hat\u0131rlamak demek. D\u00fcnya \u00fczerinde gidip g\u00f6rd\u00fc\u011f\u00fcm her<span class=\"excerpt-hellip\"> [\u2026]<\/span><\/p>\n","protected":false},"featured_media":0,"template":"","meta":{"_monsterinsights_skip_tracking":false,"_monsterinsights_sitenote_active":false,"_monsterinsights_sitenote_note":"","_monsterinsights_sitenote_category":0},"product_brand":[],"product_cat":[13701,12291],"product_tag":[],"class_list":{"0":"post-734450","1":"product","2":"type-product","3":"status-publish","5":"product_cat-ani-mektup-gunluk","6":"product_cat-edebiyat","7":"pa_cilt-ciltli","8":"pa_tur-kitap","9":"pa_yayinevi-turkuvaz-kitap","10":"pa_yazar-emine-erdogan","12":"first","13":"instock","14":"sale","15":"shipping-taxable","16":"purchasable","17":"product-type-simple"},"_links":{"self":[{"href":"https:\/\/roveyayinevi.com.tr\/index.php\/wp-json\/wp\/v2\/product\/734450","targetHints":{"allow":["GET"]}}],"collection":[{"href":"https:\/\/roveyayinevi.com.tr\/index.php\/wp-json\/wp\/v2\/product"}],"about":[{"href":"https:\/\/roveyayinevi.com.tr\/index.php\/wp-json\/wp\/v2\/types\/product"}],"wp:attachment":[{"href":"https:\/\/roveyayinevi.com.tr\/index.php\/wp-json\/wp\/v2\/media?parent=734450"}],"wp:term":[{"taxonomy":"product_brand","embeddable":true,"href":"https:\/\/roveyayinevi.com.tr\/index.php\/wp-json\/wp\/v2\/product_brand?post=734450"},{"taxonomy":"product_cat","embeddable":true,"href":"https:\/\/roveyayinevi.com.tr\/index.php\/wp-json\/wp\/v2\/product_cat?post=734450"},{"taxonomy":"product_tag","embeddable":true,"href":"https:\/\/roveyayinevi.com.tr\/index.php\/wp-json\/wp\/v2\/product_tag?post=734450"}],"curies":[{"name":"wp","href":"https:\/\/api.w.org\/{rel}","templated":true}]}}