{"id":734449,"date":"2025-08-27T22:28:46","date_gmt":"2025-08-27T19:28:46","guid":{"rendered":"https:\/\/roveyayinevi.com.tr\/index.php\/urun\/bir-mevsimde-uc-bahar\/"},"modified":"2026-04-16T02:42:08","modified_gmt":"2026-04-15T23:42:08","slug":"bir-mevsimde-uc-bahar","status":"publish","type":"product","link":"https:\/\/roveyayinevi.com.tr\/index.php\/urun\/bir-mevsimde-uc-bahar\/","title":{"rendered":"Bir Mevsimde \u00dc\u00e7 Bahar"},"content":{"rendered":"<p>Hat\u0131ralar perde perde Yedi yirmi d\u00f6rt her yerde Dostlar \u00e7a\u011f\u0131r\u0131r gel der de Ben kay\u0131ts\u0131z kal\u0131r m\u0131y\u0131m   Kalmad\u0131m tabii elbette \u0130\u015fi ba\u011flad\u0131m niyette S\u0131ra \u015fimdi harekette Ben sizlersiz olur muyum   Sevgimiz bir sayg\u0131m\u0131z bir \u00dcz\u00fcnt\u00fcm\u00fcz kayg\u0131m\u0131z bir D\u00fc\u015f\u00fcncemiz duygumuz bir Ba\u015fka hava solur muyum   \u00d6zledik\u00e7e g\u00f6z\u00fcm seyer Ne \u00e7ok \u00f6zlemi\u015fim me\u011fer \u00d6lmez sa\u011f \u00e7\u0131karsam e\u011fer Ba\u011flasalar durur muyum <\/p>\n","protected":false},"excerpt":{"rendered":"<p>Hat\u0131ralar perde perde Yedi yirmi d\u00f6rt her yerde Dostlar \u00e7a\u011f\u0131r\u0131r gel der de Ben kay\u0131ts\u0131z kal\u0131r m\u0131y\u0131m Kalmad\u0131m tabii elbette \u0130\u015fi ba\u011flad\u0131m niyette S\u0131ra \u015fimdi harekette<span class=\"excerpt-hellip\"> [\u2026]<\/span><\/p>\n","protected":false},"featured_media":0,"template":"","meta":{"_monsterinsights_skip_tracking":false,"_monsterinsights_sitenote_active":false,"_monsterinsights_sitenote_note":"","_monsterinsights_sitenote_category":0},"product_brand":[],"product_cat":[12291,12509],"product_tag":[],"class_list":{"0":"post-734449","1":"product","2":"type-product","3":"status-publish","5":"product_cat-edebiyat","6":"product_cat-siir","7":"pa_cilt-ciltsiz","8":"pa_tur-kitap","9":"pa_yayinevi-gulnar-yayinlari","10":"pa_yazar-halil-ibrahim-kahraman","12":"first","13":"instock","14":"sale","15":"shipping-taxable","16":"purchasable","17":"product-type-simple"},"_links":{"self":[{"href":"https:\/\/roveyayinevi.com.tr\/index.php\/wp-json\/wp\/v2\/product\/734449","targetHints":{"allow":["GET"]}}],"collection":[{"href":"https:\/\/roveyayinevi.com.tr\/index.php\/wp-json\/wp\/v2\/product"}],"about":[{"href":"https:\/\/roveyayinevi.com.tr\/index.php\/wp-json\/wp\/v2\/types\/product"}],"wp:attachment":[{"href":"https:\/\/roveyayinevi.com.tr\/index.php\/wp-json\/wp\/v2\/media?parent=734449"}],"wp:term":[{"taxonomy":"product_brand","embeddable":true,"href":"https:\/\/roveyayinevi.com.tr\/index.php\/wp-json\/wp\/v2\/product_brand?post=734449"},{"taxonomy":"product_cat","embeddable":true,"href":"https:\/\/roveyayinevi.com.tr\/index.php\/wp-json\/wp\/v2\/product_cat?post=734449"},{"taxonomy":"product_tag","embeddable":true,"href":"https:\/\/roveyayinevi.com.tr\/index.php\/wp-json\/wp\/v2\/product_tag?post=734449"}],"curies":[{"name":"wp","href":"https:\/\/api.w.org\/{rel}","templated":true}]}}