{"id":734447,"date":"2025-08-27T22:28:44","date_gmt":"2025-08-27T19:28:44","guid":{"rendered":"https:\/\/roveyayinevi.com.tr\/index.php\/urun\/yilanbaliginin-yolu\/"},"modified":"2026-04-16T02:42:08","modified_gmt":"2026-04-15T23:42:08","slug":"yilanbaliginin-yolu","status":"publish","type":"product","link":"https:\/\/roveyayinevi.com.tr\/index.php\/urun\/yilanbaliginin-yolu\/","title":{"rendered":"Y\u0131lanbal\u0131\u011f\u0131n\u0131n Yolu"},"content":{"rendered":"<p>34 Dile \u00c7evrilen Uluslararas\u0131 \u00c7oksatan   2019 August \u00d6d\u00fcl\u00fc * 2020 Goodreads Okur \u00d6du\u0308lleri Aday\u0131 * 2021 Carnegie Madalyas\u0131 Aday\u0131     Patrik Svensson y\u0131lanbal\u0131\u011f\u0131 tutmay\u0131 ku\u0308\u00e7u\u0308k ya\u015fta babas\u0131ndan \u00f6\u011frenmi\u015fti. Baba o\u011ful saatler bazen gu\u0308nlerce, birlikte ama sessizlik i\u00e7inde, bilinen en gizemli yarat\u0131\u011f\u0131n pe\u015fine du\u0308\u015ftu\u0308ler. Do\u011fabilimlerinde an\u0131ld\u0131\u011f\u0131 \u015fekliyle \u201cy\u0131lanbal\u0131\u011f\u0131 sorusu\u201d, Aristoteles\u2019ten Freud\u2019a pek \u00e7ok parlak zihnin \u00e7\u00f6zmeyi deneyip ba\u015far\u0131s\u0131z oldu\u011fu, ya\u015fama dair en bu\u0308yu\u0308k muammalardan biri. Bugu\u0308ne dek hi\u00e7 kimse y\u0131lanbal\u0131klar\u0131n\u0131 \u00e7iftle\u015firken g\u00f6rmedi ve hi\u00e7 kimse onlar\u0131n neden sadece Sargasso Denizi\u2019nde do\u011fduklar\u0131n\u0131 ve okyanuslar a\u015f\u0131p binlerce kilometre yapt\u0131ktan sonra neden \u00f6lmek i\u00e7in yine ayn\u0131 denize d\u00f6ndu\u0308klerini \u00f6\u011frenemedi. Peki y\u0131lanbal\u0131\u011f\u0131n\u0131n bu d\u00f6ngu\u0308sel yolculu\u011fu insan\u0131n anlam aray\u0131\u015f\u0131 hakk\u0131nda ne s\u00f6yleyebilir? Ne kadar\u0131n\u0131 bilmek mu\u0308mku\u0308n: bir y\u0131lanbal\u0131\u011f\u0131 veya bir insan hakk\u0131nda? Svensson y\u0131llar sonra babas\u0131yla an\u0131lar\u0131n\u0131n izini su\u0308rmeye karar verdi\u011finde, aralar\u0131ndaki en kuvvetli ba\u011f\u0131n pe\u015finden gitmesi gerekti\u011fini anl\u0131yor. Gizem dolu y\u0131lanbal\u0131\u011f\u0131n\u0131 incelerken bir taraftan da \u00e7ocuklu\u011funa d\u00f6nu\u0308yor. Bu dolamba\u00e7l\u0131 yolda y\u0131lanbal\u0131\u011f\u0131 sorusu hayat\u0131n ta kendisine d\u00f6nu\u0308\u015fu\u0308yor: Nereden geldim? Nereye gidiyorum? Bu\u0308tu\u0308n bu yolculu\u011fun anlam\u0131 ne? \u0130sve\u00e7\u2019te prestijli August \u00d6d\u00fcl\u00fc\u2019n\u00fcn kazand\u0131ktan sonra uluslararas\u0131 bir yay\u0131nc\u0131l\u0131k hadisesine d\u00f6n\u00fc\u015f\u00fcp otuz d\u00f6rt dile \u00e7evrilen Y\u0131lanbal\u0131\u011f\u0131n\u0131n Yolu, s\u0131rlarla dolu bir hayvan\u0131n ve aray\u0131\u015fla ge\u00e7en bir ya\u015fam\u0131n birbirlerine dolanarak olu\u015fturduklar\u0131 \u00e7arp\u0131c\u0131, bu\u0308yu\u0308leyici bir masal.   YILIN EN \u0130Y\u0130 K\u0130TABI se\u00e7kilerinde  Washington Post \u2022 Time \u2022 Amazon \u2022 Publishers Weekly <\/p>\n","protected":false},"excerpt":{"rendered":"<p>34 Dile \u00c7evrilen Uluslararas\u0131 \u00c7oksatan 2019 August \u00d6d\u00fcl\u00fc * 2020 Goodreads Okur \u00d6du\u0308lleri Aday\u0131 * 2021 Carnegie Madalyas\u0131 Aday\u0131 Patrik Svensson y\u0131lanbal\u0131\u011f\u0131 tutmay\u0131 ku\u0308\u00e7u\u0308k ya\u015fta babas\u0131ndan<span class=\"excerpt-hellip\"> [\u2026]<\/span><\/p>\n","protected":false},"featured_media":0,"template":"","meta":{"_monsterinsights_skip_tracking":false,"_monsterinsights_sitenote_active":false,"_monsterinsights_sitenote_note":"","_monsterinsights_sitenote_category":0},"product_brand":[],"product_cat":[13005,13006],"product_tag":[],"class_list":{"0":"post-734447","1":"product","2":"type-product","3":"status-publish","5":"product_cat-bilim-muhendislik","6":"product_cat-populer-bilim","7":"pa_cilt-ciltsiz","8":"pa_tur-kitap","9":"pa_yayinevi-domingo-yayinevi","10":"pa_yazar-patrik-svensson","12":"first","13":"instock","14":"sale","15":"shipping-taxable","16":"purchasable","17":"product-type-simple"},"_links":{"self":[{"href":"https:\/\/roveyayinevi.com.tr\/index.php\/wp-json\/wp\/v2\/product\/734447","targetHints":{"allow":["GET"]}}],"collection":[{"href":"https:\/\/roveyayinevi.com.tr\/index.php\/wp-json\/wp\/v2\/product"}],"about":[{"href":"https:\/\/roveyayinevi.com.tr\/index.php\/wp-json\/wp\/v2\/types\/product"}],"wp:attachment":[{"href":"https:\/\/roveyayinevi.com.tr\/index.php\/wp-json\/wp\/v2\/media?parent=734447"}],"wp:term":[{"taxonomy":"product_brand","embeddable":true,"href":"https:\/\/roveyayinevi.com.tr\/index.php\/wp-json\/wp\/v2\/product_brand?post=734447"},{"taxonomy":"product_cat","embeddable":true,"href":"https:\/\/roveyayinevi.com.tr\/index.php\/wp-json\/wp\/v2\/product_cat?post=734447"},{"taxonomy":"product_tag","embeddable":true,"href":"https:\/\/roveyayinevi.com.tr\/index.php\/wp-json\/wp\/v2\/product_tag?post=734447"}],"curies":[{"name":"wp","href":"https:\/\/api.w.org\/{rel}","templated":true}]}}