{"id":734444,"date":"2025-08-27T22:28:42","date_gmt":"2025-08-27T19:28:42","guid":{"rendered":"https:\/\/roveyayinevi.com.tr\/index.php\/urun\/hanehalki-borclarini-silin\/"},"modified":"2026-04-16T02:42:08","modified_gmt":"2026-04-15T23:42:08","slug":"hanehalki-borclarini-silin","status":"publish","type":"product","link":"https:\/\/roveyayinevi.com.tr\/index.php\/urun\/hanehalki-borclarini-silin\/","title":{"rendered":"Hanehalk\u0131 Bor\u00e7lar\u0131n\u0131 Silin"},"content":{"rendered":"<p>Johnna Montgomerie, kendinden \u00f6nceki bor\u00e7 ele\u015ftirilerinin aksine borcu ve krediyi bizatihi k\u00f6t\u00fc bir \u015fey olarak ele almamakta fakat do\u011fru ve yerinde kullan\u0131mla iyiye hizmet edebilece\u011fini \u00f6ne s\u00fcrmektedir. Dolay\u0131s\u0131yla bu kitaptaki \u00f6nerisi, yaln\u0131zca bor\u00e7la cebelle\u015fen insanlar i\u00e7in de\u011fil borca batm\u0131\u015f ekonomi i\u00e7in bir rahatlama ortam\u0131 yaratmak ad\u0131na finansal sistemin sundu\u011fu mekanizmalar\u0131n kullan\u0131lmas\u0131d\u0131r. Hanehalk\u0131 bor\u00e7lar\u0131n\u0131n silinmesi ve kredinin kamu yarar\u0131na uygun k\u0131l\u0131nmas\u0131, \u00f6d\u00fcl ve servet kadar risk ve zarar\u0131n da bor\u00e7lu ve alacakl\u0131lar aras\u0131nda e\u015fit\u00e7e payla\u015f\u0131ld\u0131\u011f\u0131 yeni bir ekonomi in\u015fa edecektir. Elinizdeki kitap, hanehalk\u0131 borcunun yak\u0131c\u0131 bir toplumsal mesele h\u00e2line geldi\u011fi bir zamanda neler yap\u0131labilir sorusuna radikal oldu\u011fu kadar somut bir \u00e7\u00f6z\u00fcm \u00f6nerisi sunmaktad\u0131r. Kitap, sade ve anla\u015f\u0131l\u0131r \u00fcslubu ile genel okuyucu kitlesine de hitap etmekte ve bug\u00fcn hemen herkesin hayat\u0131nda \u00f6nemli bir iz b\u0131rakan bor\u00e7 meselesinin kara kutusunu a\u00e7maktad\u0131r. <\/p>\n","protected":false},"excerpt":{"rendered":"<p>Johnna Montgomerie, kendinden \u00f6nceki bor\u00e7 ele\u015ftirilerinin aksine borcu ve krediyi bizatihi k\u00f6t\u00fc bir \u015fey olarak ele almamakta fakat do\u011fru ve yerinde kullan\u0131mla iyiye hizmet edebilece\u011fini \u00f6ne<span class=\"excerpt-hellip\"> [\u2026]<\/span><\/p>\n","protected":false},"featured_media":0,"template":"","meta":{"_monsterinsights_skip_tracking":false,"_monsterinsights_sitenote_active":false,"_monsterinsights_sitenote_note":"","_monsterinsights_sitenote_category":0},"product_brand":[],"product_cat":[20333,13043],"product_tag":[],"class_list":{"0":"post-734444","1":"product","2":"type-product","3":"status-publish","5":"product_cat-diger-ekonomi","6":"product_cat-ekonomi","7":"pa_cilt-ciltsiz","8":"pa_tur-kitap","9":"pa_yayinevi-vakifbank-kultur-yayinlari","10":"pa_yazar-johnna-montgomerie","12":"first","13":"instock","14":"sale","15":"shipping-taxable","16":"purchasable","17":"product-type-simple"},"_links":{"self":[{"href":"https:\/\/roveyayinevi.com.tr\/index.php\/wp-json\/wp\/v2\/product\/734444","targetHints":{"allow":["GET"]}}],"collection":[{"href":"https:\/\/roveyayinevi.com.tr\/index.php\/wp-json\/wp\/v2\/product"}],"about":[{"href":"https:\/\/roveyayinevi.com.tr\/index.php\/wp-json\/wp\/v2\/types\/product"}],"wp:attachment":[{"href":"https:\/\/roveyayinevi.com.tr\/index.php\/wp-json\/wp\/v2\/media?parent=734444"}],"wp:term":[{"taxonomy":"product_brand","embeddable":true,"href":"https:\/\/roveyayinevi.com.tr\/index.php\/wp-json\/wp\/v2\/product_brand?post=734444"},{"taxonomy":"product_cat","embeddable":true,"href":"https:\/\/roveyayinevi.com.tr\/index.php\/wp-json\/wp\/v2\/product_cat?post=734444"},{"taxonomy":"product_tag","embeddable":true,"href":"https:\/\/roveyayinevi.com.tr\/index.php\/wp-json\/wp\/v2\/product_tag?post=734444"}],"curies":[{"name":"wp","href":"https:\/\/api.w.org\/{rel}","templated":true}]}}