{"id":734443,"date":"2025-08-27T22:28:41","date_gmt":"2025-08-27T19:28:41","guid":{"rendered":"https:\/\/roveyayinevi.com.tr\/index.php\/urun\/afganistan\/"},"modified":"2026-04-16T02:42:08","modified_gmt":"2026-04-15T23:42:08","slug":"afganistan","status":"publish","type":"product","link":"https:\/\/roveyayinevi.com.tr\/index.php\/urun\/afganistan\/","title":{"rendered":"Afganistan"},"content":{"rendered":"<p>Afganistan denilince, sava\u015fa, \u00e7at\u0131\u015fmalara ve i\u015fgalcilerine odaklanmak, \u00fclkenin halk\u0131n\u0131 ve tarihini g\u00f6lgede b\u0131rak\u0131yor. Bu \u00fclke ve halk\u0131, repliklerini ba\u015fkalar\u0131n\u0131n s\u00f6yledi\u011fi uzun soluklu uluslararas\u0131 bir dramada, belli belirsiz bir dekora d\u00f6nm\u00fc\u015f durumda. Afganlar bu dramada s\u00fcrekli yerleri ikame edilen, elleri silahl\u0131 bir koro gibi rol al\u0131yorlar. Elinizdeki bu kitap dramay\u0131 farkl\u0131 kurguluyor. \u00dclkeyi ve \u00fclkenin siyasi dinamiklerini anlamak i\u00e7in Afganlar bu kitab\u0131n ba\u015frol\u00fcn\u00fc oynuyor. 18. y\u00fczy\u0131l\u0131n ortas\u0131nda siyasi b\u00fct\u00fcnl\u00fc\u011fe kavu\u015fan bu \u00e7ileli \u00fclkede y\u00f6neticilerin siyasi me\u015fruiyeti nas\u0131l elde ettikleri ve \u00fclkeye nas\u0131l d\u00fczen getirdikleri ya da getiremedikleri sorusu irdeleniyor. Boston \u00dcniversitesi antropoloji profes\u00f6rlerinden Thomas Barfield\u2019in Afganistan\u2019da ge\u00e7irdi\u011fi uzun y\u0131llardan sonra kaleme ald\u0131\u011f\u0131 bu eserde, Afganistan\u2019\u0131n a\u015firet yap\u0131lar\u0131, yabanc\u0131 istilalar\u0131n\u0131n sebep ve sonu\u00e7lar\u0131 hakk\u0131nda tahliller yapt\u0131\u011f\u0131 gibi \u00fclkenin gelece\u011fi hakk\u0131nda \u00f6ng\u00f6r\u00fclerde bulunmaktan da imtina etmiyor. T\u00fcrkiye\u2019de Afganistan ve Orta Asya literat\u00fcr\u00fcnde yeni bir saha a\u00e7acak Afganistan, Politik ve K\u00fclt\u00fcrel Bir Tarih, bir kadim \u00fclkenin nas\u0131l \u0130ngiliz, Sovyet ve nihayetinde Amerikan imparatorluklar\u0131n\u0131n \u201cmezar\u0131na\u201d d\u00f6n\u00fc\u015ft\u00fc\u011f\u00fcn\u00fc merak eden her okur i\u00e7in \u00f6nemli ve de\u011ferli bir eser. <\/p>\n","protected":false},"excerpt":{"rendered":"<p>Afganistan denilince, sava\u015fa, \u00e7at\u0131\u015fmalara ve i\u015fgalcilerine odaklanmak, \u00fclkenin halk\u0131n\u0131 ve tarihini g\u00f6lgede b\u0131rak\u0131yor. Bu \u00fclke ve halk\u0131, repliklerini ba\u015fkalar\u0131n\u0131n s\u00f6yledi\u011fi uzun soluklu uluslararas\u0131 bir dramada, belli<span class=\"excerpt-hellip\"> [\u2026]<\/span><\/p>\n","protected":false},"featured_media":0,"template":"","meta":{"_monsterinsights_skip_tracking":false,"_monsterinsights_sitenote_active":false,"_monsterinsights_sitenote_note":"","_monsterinsights_sitenote_category":0},"product_brand":[],"product_cat":[12370,12304],"product_tag":[],"class_list":{"0":"post-734443","1":"product","2":"type-product","3":"status-publish","5":"product_cat-arastirma-inceleme","6":"product_cat-tarih","7":"pa_cilt-ciltsiz","8":"pa_tur-kitap","9":"pa_yayinevi-vakifbank-kultur-yayinlari","10":"pa_yazar-thomas-barfield","12":"first","13":"instock","14":"sale","15":"shipping-taxable","16":"purchasable","17":"product-type-simple"},"_links":{"self":[{"href":"https:\/\/roveyayinevi.com.tr\/index.php\/wp-json\/wp\/v2\/product\/734443","targetHints":{"allow":["GET"]}}],"collection":[{"href":"https:\/\/roveyayinevi.com.tr\/index.php\/wp-json\/wp\/v2\/product"}],"about":[{"href":"https:\/\/roveyayinevi.com.tr\/index.php\/wp-json\/wp\/v2\/types\/product"}],"wp:attachment":[{"href":"https:\/\/roveyayinevi.com.tr\/index.php\/wp-json\/wp\/v2\/media?parent=734443"}],"wp:term":[{"taxonomy":"product_brand","embeddable":true,"href":"https:\/\/roveyayinevi.com.tr\/index.php\/wp-json\/wp\/v2\/product_brand?post=734443"},{"taxonomy":"product_cat","embeddable":true,"href":"https:\/\/roveyayinevi.com.tr\/index.php\/wp-json\/wp\/v2\/product_cat?post=734443"},{"taxonomy":"product_tag","embeddable":true,"href":"https:\/\/roveyayinevi.com.tr\/index.php\/wp-json\/wp\/v2\/product_tag?post=734443"}],"curies":[{"name":"wp","href":"https:\/\/api.w.org\/{rel}","templated":true}]}}