{"id":734440,"date":"2025-08-27T22:28:37","date_gmt":"2025-08-27T19:28:37","guid":{"rendered":"https:\/\/roveyayinevi.com.tr\/index.php\/urun\/karabibik-7\/"},"modified":"2026-04-11T14:02:31","modified_gmt":"2026-04-11T11:02:31","slug":"karabibik-7","status":"publish","type":"product","link":"https:\/\/roveyayinevi.com.tr\/index.php\/urun\/karabibik-7\/","title":{"rendered":"Karabibik"},"content":{"rendered":"<p>Karabibik yaln\u0131zca \u201cger\u00e7ek\u00e7ilik\u201d anlay\u0131\u015f\u0131n\u0131n T\u00fcrk edebiyat\u0131ndaki ilk ba\u015far\u0131l\u0131 \u00f6rneklerinden biri olmas\u0131yla de\u011fil, k\u00f6y\u00fcn ve k\u00f6yl\u00fcn\u00fcn konu edildi\u011fi ilk yap\u0131tlar aras\u0131ndaki ayr\u0131cal\u0131kl\u0131 yeri ile de her zaman \u00f6nemini koruyacak bir kitapt\u0131r. Kitab\u0131n ba\u015f\u0131nda yer alan \u00f6ns\u00f6z, \u00e7o\u011fu ara\u015ft\u0131rmac\u0131 taraf\u0131ndan, realizm ve nat\u00fcralizmin edebiyat\u0131m\u0131zdaki ilk bildirisi say\u0131lmaktad\u0131r. Nabizade N\u00e2z\u0131m\u2019\u0131m bu yap\u0131t\u0131ndan \u00f6nce de Anadolu\u2019ya, k\u00f6ye ve k\u00f6yl\u00fcye y\u00f6nelme denemesi say\u0131labilecek birka\u00e7 \u00f6rne\u011fe rastlansa bile ya\u015fant\u0131s\u0131, k\u00fclt\u00fcr\u00fc, birbirleriyle ili\u015fki ve ileti\u015fim bi\u00e7imleri, d\u00fc\u015f\u00fcnce ve duygu d\u00fcnyalar\u0131, sorunlar\u0131 ve elbette diliyle k\u00f6yl\u00fcy\u00fc, k\u00f6y\u00fc as\u0131l anlatan kitap Karabilik\u2019tir. <\/p>\n","protected":false},"excerpt":{"rendered":"<p>Karabibik yaln\u0131zca \u201cger\u00e7ek\u00e7ilik\u201d anlay\u0131\u015f\u0131n\u0131n T\u00fcrk edebiyat\u0131ndaki ilk ba\u015far\u0131l\u0131 \u00f6rneklerinden biri olmas\u0131yla de\u011fil, k\u00f6y\u00fcn ve k\u00f6yl\u00fcn\u00fcn konu edildi\u011fi ilk yap\u0131tlar aras\u0131ndaki ayr\u0131cal\u0131kl\u0131 yeri ile de her zaman<span class=\"excerpt-hellip\"> [\u2026]<\/span><\/p>\n","protected":false},"featured_media":0,"template":"","meta":{"_monsterinsights_skip_tracking":false,"_monsterinsights_sitenote_active":false,"_monsterinsights_sitenote_note":"","_monsterinsights_sitenote_category":0},"product_brand":[],"product_cat":[12291,12711],"product_tag":[],"class_list":{"0":"post-734440","1":"product","2":"type-product","3":"status-publish","5":"product_cat-edebiyat","6":"product_cat-roman-oyku","7":"pa_cilt-ciltsiz","8":"pa_tur-kitap","9":"pa_yayinevi-ilbilge-yayincilik","10":"pa_yazar-nabizade-nazim","12":"first","13":"instock","14":"sale","15":"shipping-taxable","16":"purchasable","17":"product-type-simple"},"_links":{"self":[{"href":"https:\/\/roveyayinevi.com.tr\/index.php\/wp-json\/wp\/v2\/product\/734440","targetHints":{"allow":["GET"]}}],"collection":[{"href":"https:\/\/roveyayinevi.com.tr\/index.php\/wp-json\/wp\/v2\/product"}],"about":[{"href":"https:\/\/roveyayinevi.com.tr\/index.php\/wp-json\/wp\/v2\/types\/product"}],"wp:attachment":[{"href":"https:\/\/roveyayinevi.com.tr\/index.php\/wp-json\/wp\/v2\/media?parent=734440"}],"wp:term":[{"taxonomy":"product_brand","embeddable":true,"href":"https:\/\/roveyayinevi.com.tr\/index.php\/wp-json\/wp\/v2\/product_brand?post=734440"},{"taxonomy":"product_cat","embeddable":true,"href":"https:\/\/roveyayinevi.com.tr\/index.php\/wp-json\/wp\/v2\/product_cat?post=734440"},{"taxonomy":"product_tag","embeddable":true,"href":"https:\/\/roveyayinevi.com.tr\/index.php\/wp-json\/wp\/v2\/product_tag?post=734440"}],"curies":[{"name":"wp","href":"https:\/\/api.w.org\/{rel}","templated":true}]}}