{"id":734436,"date":"2025-08-27T22:28:34","date_gmt":"2025-08-27T19:28:34","guid":{"rendered":"https:\/\/roveyayinevi.com.tr\/index.php\/urun\/monadoloji-3\/"},"modified":"2026-04-16T02:42:08","modified_gmt":"2026-04-15T23:42:08","slug":"monadoloji-3","status":"publish","type":"product","link":"https:\/\/roveyayinevi.com.tr\/index.php\/urun\/monadoloji-3\/","title":{"rendered":"Monadoloji"},"content":{"rendered":"<p>Doksan paragrafl\u0131k k\u00fc\u00e7\u00fck bir kitap\u00e7\u0131k olan Monadoloji, bize, Leibniz felsefesinin \u00f6zetini sunar. Descartes\u2019la ba\u015flayan, varolan\u0131 t\u00f6ze indirgeyip sonra da t\u00f6zden, t\u00f6z\u00fcn \u00e7e\u015fitlerinden s\u00f6zeden felsefe g\u00f6r\u00fc\u015fleri, yerlerini, Leibniz\u2019de bilmenin \u00f6ne \u00e7\u0131kmas\u0131yla birlikte, t\u00f6z\u00fc art\u0131k varl\u0131kla de\u011fil bilmeyle ilgisinde ele alan felsefe g\u00f6r\u00fc\u015flerine b\u0131rakacaklard\u0131r. Monadoloji, felsefe tarihinde, t\u00f6z kavram\u0131na ili\u015fkin bu k\u0131r\u0131lma noktas\u0131n\u0131n bulunaca\u011f\u0131 kitap\u00e7\u0131kt\u0131r.      <\/p>\n","protected":false},"excerpt":{"rendered":"<p>Doksan paragrafl\u0131k k\u00fc\u00e7\u00fck bir kitap\u00e7\u0131k olan Monadoloji, bize, Leibniz felsefesinin \u00f6zetini sunar. Descartes\u2019la ba\u015flayan, varolan\u0131 t\u00f6ze indirgeyip sonra da t\u00f6zden, t\u00f6z\u00fcn \u00e7e\u015fitlerinden s\u00f6zeden felsefe g\u00f6r\u00fc\u015fleri, yerlerini,<span class=\"excerpt-hellip\"> [\u2026]<\/span><\/p>\n","protected":false},"featured_media":0,"template":"","meta":{"_monsterinsights_skip_tracking":false,"_monsterinsights_sitenote_active":false,"_monsterinsights_sitenote_note":"","_monsterinsights_sitenote_category":0},"product_brand":[],"product_cat":[12388,14717],"product_tag":[],"class_list":{"0":"post-734436","1":"product","2":"type-product","3":"status-publish","5":"product_cat-felsefe","6":"product_cat-felsefe-tarihi","7":"pa_cilt-ciltsiz","8":"pa_tur-kitap","9":"pa_yayinevi-bilgesu-yayincilik","10":"pa_yazar-gottfried-wilhelm-leibniz","12":"first","13":"instock","14":"sale","15":"shipping-taxable","16":"purchasable","17":"product-type-simple"},"_links":{"self":[{"href":"https:\/\/roveyayinevi.com.tr\/index.php\/wp-json\/wp\/v2\/product\/734436","targetHints":{"allow":["GET"]}}],"collection":[{"href":"https:\/\/roveyayinevi.com.tr\/index.php\/wp-json\/wp\/v2\/product"}],"about":[{"href":"https:\/\/roveyayinevi.com.tr\/index.php\/wp-json\/wp\/v2\/types\/product"}],"wp:attachment":[{"href":"https:\/\/roveyayinevi.com.tr\/index.php\/wp-json\/wp\/v2\/media?parent=734436"}],"wp:term":[{"taxonomy":"product_brand","embeddable":true,"href":"https:\/\/roveyayinevi.com.tr\/index.php\/wp-json\/wp\/v2\/product_brand?post=734436"},{"taxonomy":"product_cat","embeddable":true,"href":"https:\/\/roveyayinevi.com.tr\/index.php\/wp-json\/wp\/v2\/product_cat?post=734436"},{"taxonomy":"product_tag","embeddable":true,"href":"https:\/\/roveyayinevi.com.tr\/index.php\/wp-json\/wp\/v2\/product_tag?post=734436"}],"curies":[{"name":"wp","href":"https:\/\/api.w.org\/{rel}","templated":true}]}}