{"id":734433,"date":"2025-08-27T22:28:31","date_gmt":"2025-08-27T19:28:31","guid":{"rendered":"https:\/\/roveyayinevi.com.tr\/index.php\/urun\/dolunay-iki-gece-surer\/"},"modified":"2026-04-11T14:02:31","modified_gmt":"2026-04-11T11:02:31","slug":"dolunay-iki-gece-surer","status":"publish","type":"product","link":"https:\/\/roveyayinevi.com.tr\/index.php\/urun\/dolunay-iki-gece-surer\/","title":{"rendered":"Dolunay \u0130ki Gece S\u00fcrer"},"content":{"rendered":"<p>Gelece\u011fin m\u00fchendisi ba\u015far\u0131l\u0131 \u00f6\u011frenci Gamze ile k\u00f6y enstit\u00fcs\u00fc mezunu babas\u0131 emekli \u00f6\u011fretmen \u0130hsan Sami Bey\u2026 Bu ikili aras\u0131nda uzanmakta olan fay hatt\u0131, Gamze\u2019nin annesi Feriha Han\u0131m\u2019\u0131n vefat\u0131ndan beri hayli aktiftir.   Gamze\u2019nin \u00fcniversitede tan\u0131\u015ft\u0131\u011f\u0131 misafir \u00f6\u011frenci Stavros\u2019la muhabbeti ilerletmesiyle baba-k\u0131z \u00e7at\u0131\u015fmas\u0131 iyice \u015fiddetlenir. Zira kab\u0131na s\u0131\u011fmaz Gamze Yunan sevgilisinin kollar\u0131na, Girit\u2019in koylar\u0131na ka\u00e7acak, b\u00f6ylece \u0130hsan Sami Bey\u2019in ne\u015fretti\u011fi gayriresmi milli m\u00fccadele tarihinin g\u00f6lgesindeki bu cesur giri\u015fim, ka\u00e7\u0131n\u0131lmaz olarak umutla deh\u015fet aras\u0131nda gidip gelen heyecan dolu bir maceraya evrilecektir. \u00c7\u00fcnk\u00fc ne \u0130hsan Sami Bey\u2019in pes etmeye niyeti vard\u0131r ne de a\u015fk\u0131n, tutkular\u0131n ve tarihin dip ak\u0131nt\u0131lar\u0131n\u0131n \u00f6ng\u00f6r\u00fclebilir bir seyri\u2026   Yunus Nadi Roman \u00d6d\u00fcl\u00fc sahibi Ba\u015far Ba\u015far\u0131r imzal\u0131 Dolunay \u0130ki Gece S\u00fcrer, 2000\u2019li y\u0131llar\u0131n hemen ba\u015f\u0131nda ya\u015fanan beklenmedik baz\u0131 aksakl\u0131klar\u0131n b\u00fcy\u00fck f\u0131rsatlara, h\u00fcsranlar\u0131n diri umutlara, z\u0131tl\u0131klar\u0131n muhabbete, her t\u00fcrl\u00fc \u00e7\u0131lg\u0131nl\u0131\u011f\u0131n da hay\u0131rlara vesile oldu\u011fu, tabiri caizse \u201cters k\u00f6\u015fe\u201dlerle dolu muzip, h\u0131nz\u0131r, capcanl\u0131 bir roman. Akdeniz\u2019in sular\u0131 gibi s\u0131cak, t\u0131ls\u0131ml\u0131, s\u00fcrprizlerle dolu\u2026 <\/p>\n","protected":false},"excerpt":{"rendered":"<p>Gelece\u011fin m\u00fchendisi ba\u015far\u0131l\u0131 \u00f6\u011frenci Gamze ile k\u00f6y enstit\u00fcs\u00fc mezunu babas\u0131 emekli \u00f6\u011fretmen \u0130hsan Sami Bey\u2026 Bu ikili aras\u0131nda uzanmakta olan fay hatt\u0131, Gamze\u2019nin annesi Feriha Han\u0131m\u2019\u0131n<span class=\"excerpt-hellip\"> [\u2026]<\/span><\/p>\n","protected":false},"featured_media":0,"template":"","meta":{"_monsterinsights_skip_tracking":false,"_monsterinsights_sitenote_active":false,"_monsterinsights_sitenote_note":"","_monsterinsights_sitenote_category":0},"product_brand":[],"product_cat":[12291,12711],"product_tag":[],"class_list":{"0":"post-734433","1":"product","2":"type-product","3":"status-publish","5":"product_cat-edebiyat","6":"product_cat-roman-oyku","7":"pa_cilt-ciltsiz","8":"pa_tur-kitap","9":"pa_yayinevi-can-yayinlari","10":"pa_yazar-basar-basarir","12":"first","13":"instock","14":"sale","15":"shipping-taxable","16":"purchasable","17":"product-type-simple"},"_links":{"self":[{"href":"https:\/\/roveyayinevi.com.tr\/index.php\/wp-json\/wp\/v2\/product\/734433","targetHints":{"allow":["GET"]}}],"collection":[{"href":"https:\/\/roveyayinevi.com.tr\/index.php\/wp-json\/wp\/v2\/product"}],"about":[{"href":"https:\/\/roveyayinevi.com.tr\/index.php\/wp-json\/wp\/v2\/types\/product"}],"wp:attachment":[{"href":"https:\/\/roveyayinevi.com.tr\/index.php\/wp-json\/wp\/v2\/media?parent=734433"}],"wp:term":[{"taxonomy":"product_brand","embeddable":true,"href":"https:\/\/roveyayinevi.com.tr\/index.php\/wp-json\/wp\/v2\/product_brand?post=734433"},{"taxonomy":"product_cat","embeddable":true,"href":"https:\/\/roveyayinevi.com.tr\/index.php\/wp-json\/wp\/v2\/product_cat?post=734433"},{"taxonomy":"product_tag","embeddable":true,"href":"https:\/\/roveyayinevi.com.tr\/index.php\/wp-json\/wp\/v2\/product_tag?post=734433"}],"curies":[{"name":"wp","href":"https:\/\/api.w.org\/{rel}","templated":true}]}}