{"id":734424,"date":"2025-08-27T22:27:45","date_gmt":"2025-08-27T19:27:45","guid":{"rendered":"https:\/\/roveyayinevi.com.tr\/index.php\/urun\/guzellesiyorum\/"},"modified":"2026-04-16T02:42:07","modified_gmt":"2026-04-15T23:42:07","slug":"guzellesiyorum","status":"publish","type":"product","link":"https:\/\/roveyayinevi.com.tr\/index.php\/urun\/guzellesiyorum\/","title":{"rendered":"G\u00fczelle\u015fiyorum"},"content":{"rendered":"<p>\u0130nsanl\u0131k var oldu\u011fundan bu yana aray\u0131\u015f i\u00e7indedir. \u0130nsanl\u0131khakikati arar ve i\u00e7inde var olan bu aray\u0131\u015f \u00f6lene dekdevam eder. Hakk\u0131 ve hakikati ararken yoldan \u00e7\u0131kmak,iyi ve k\u00f6t\u00fcn\u00fcn yoldan ayr\u0131lmas\u0131na benzer. Bunu h\u0131rs veve azim duygular\u0131na benzetebilirsiniz. \u0130nsanlar azmettikleriher \u015fey i\u00e7in bir bedel \u00f6derler. H\u0131rslar\u0131na gafil olanhi\u00e7 kimse bedel \u00f6demez. \u00d6demedikleri her bedeli birba\u015fkas\u0131 \u00f6der. Sonu\u00e7ta da ak\u0131l ve ruh sa\u011fl\u0131\u011f\u0131, hatta birtak\u0131msa\u011fl\u0131kta bozgunculu\u011fa sebep olur.Unutmay\u0131n, v\u00fccudunuzdaki t\u00fcm bak\u0131mlar\u0131 yapabilsenizbile ruh sa\u011fl\u0131\u011f\u0131n\u0131zdaki s\u0131k\u0131nt\u0131lar\u0131 \u00e7\u00f6zebilmek i\u00e7in hayat\u0131farkl\u0131 a\u00e7\u0131lardan ve perspektiflerden g\u00f6rebilmek gerekir.Belki de arad\u0131\u011f\u0131n\u0131z\u0131 bulabilmek i\u00e7in ba\u015fka yerlerebakman\u0131z gerekiyordur. <\/p>\n","protected":false},"excerpt":{"rendered":"<p>\u0130nsanl\u0131k var oldu\u011fundan bu yana aray\u0131\u015f i\u00e7indedir. \u0130nsanl\u0131khakikati arar ve i\u00e7inde var olan bu aray\u0131\u015f \u00f6lene dekdevam eder. Hakk\u0131 ve hakikati ararken yoldan \u00e7\u0131kmak,iyi ve k\u00f6t\u00fcn\u00fcn<span class=\"excerpt-hellip\"> [\u2026]<\/span><\/p>\n","protected":false},"featured_media":0,"template":"","meta":{"_monsterinsights_skip_tracking":false,"_monsterinsights_sitenote_active":false,"_monsterinsights_sitenote_note":"","_monsterinsights_sitenote_category":0},"product_brand":[],"product_cat":[12291,12711],"product_tag":[],"class_list":{"0":"post-734424","1":"product","2":"type-product","3":"status-publish","5":"product_cat-edebiyat","6":"product_cat-roman-oyku","7":"pa_cilt-ciltsiz","8":"pa_tur-kitap","9":"pa_yayinevi-luna-yayinlari","10":"pa_yazar-sibel-benan-ozturk","12":"first","13":"instock","14":"sale","15":"shipping-taxable","16":"purchasable","17":"product-type-simple"},"_links":{"self":[{"href":"https:\/\/roveyayinevi.com.tr\/index.php\/wp-json\/wp\/v2\/product\/734424","targetHints":{"allow":["GET"]}}],"collection":[{"href":"https:\/\/roveyayinevi.com.tr\/index.php\/wp-json\/wp\/v2\/product"}],"about":[{"href":"https:\/\/roveyayinevi.com.tr\/index.php\/wp-json\/wp\/v2\/types\/product"}],"wp:attachment":[{"href":"https:\/\/roveyayinevi.com.tr\/index.php\/wp-json\/wp\/v2\/media?parent=734424"}],"wp:term":[{"taxonomy":"product_brand","embeddable":true,"href":"https:\/\/roveyayinevi.com.tr\/index.php\/wp-json\/wp\/v2\/product_brand?post=734424"},{"taxonomy":"product_cat","embeddable":true,"href":"https:\/\/roveyayinevi.com.tr\/index.php\/wp-json\/wp\/v2\/product_cat?post=734424"},{"taxonomy":"product_tag","embeddable":true,"href":"https:\/\/roveyayinevi.com.tr\/index.php\/wp-json\/wp\/v2\/product_tag?post=734424"}],"curies":[{"name":"wp","href":"https:\/\/api.w.org\/{rel}","templated":true}]}}