{"id":734422,"date":"2025-08-27T22:27:43","date_gmt":"2025-08-27T19:27:43","guid":{"rendered":"https:\/\/roveyayinevi.com.tr\/index.php\/urun\/garip-gezegen-suhan\/"},"modified":"2026-04-16T02:42:07","modified_gmt":"2026-04-15T23:42:07","slug":"garip-gezegen-suhan","status":"publish","type":"product","link":"https:\/\/roveyayinevi.com.tr\/index.php\/urun\/garip-gezegen-suhan\/","title":{"rendered":"Garip Gezegen Suhan"},"content":{"rendered":"<p>Can \u201cBen de daha \u00f6nce b\u00f6yle bir bitki g\u00f6rd\u00fc\u011f\u00fcm\u00fc hat\u0131rlam\u0131yorum,\u201d dedi. Cem \u201cKom\u015fumuz Neriman Nine burada olsayd\u0131 kesin bilirdi, o b\u00fct\u00fcn bitkileri tan\u0131yor,\u201d dedi. Bunu s\u00f6ylerken de eli ile metal uzant\u0131lara dokundu. Tam o anda bast\u0131klar\u0131 toprak hareket etmeye ba\u015flad\u0131, deprem oldu\u011funu d\u00fc\u015f\u00fcnd\u00fcler. Ama deprem de\u011fildi. Topra\u011f\u0131n alt\u0131ndan bir \u015feyler \u00e7\u0131k\u0131yordu. Bir \u00e7e\u015fit panele benziyorlard\u0131. \u00c7\u0131kan bu paneller, yapraklar\u0131n alt\u0131ndan uzayan metallerle birle\u015fiyordu. \u0130kizler \u00e7ukurdan \u00e7\u0131kmak i\u00e7in u\u011fra\u015ft\u0131lar ama nafile art\u0131k kendilerini ku\u015fatan bir arac\u0131n i\u00e7indeydiler. <\/p>\n","protected":false},"excerpt":{"rendered":"<p>Can \u201cBen de daha \u00f6nce b\u00f6yle bir bitki g\u00f6rd\u00fc\u011f\u00fcm\u00fc hat\u0131rlam\u0131yorum,\u201d dedi. Cem \u201cKom\u015fumuz Neriman Nine burada olsayd\u0131 kesin bilirdi, o b\u00fct\u00fcn bitkileri tan\u0131yor,\u201d dedi. Bunu s\u00f6ylerken<span class=\"excerpt-hellip\"> [\u2026]<\/span><\/p>\n","protected":false},"featured_media":0,"template":"","meta":{"_monsterinsights_skip_tracking":false,"_monsterinsights_sitenote_active":false,"_monsterinsights_sitenote_note":"","_monsterinsights_sitenote_category":0},"product_brand":[],"product_cat":[12275,12274],"product_tag":[],"class_list":{"0":"post-734422","1":"product","2":"type-product","3":"status-publish","5":"product_cat-6-12-yas-kitaplari","6":"product_cat-cocuk-ve-genclik-kitaplari","7":"pa_cilt-ciltsiz","8":"pa_tur-kitap","9":"pa_yayinevi-luna-cocuk-yayinlari","10":"pa_yazar-hilal-dogru","12":"first","13":"instock","14":"sale","15":"shipping-taxable","16":"purchasable","17":"product-type-simple"},"_links":{"self":[{"href":"https:\/\/roveyayinevi.com.tr\/index.php\/wp-json\/wp\/v2\/product\/734422","targetHints":{"allow":["GET"]}}],"collection":[{"href":"https:\/\/roveyayinevi.com.tr\/index.php\/wp-json\/wp\/v2\/product"}],"about":[{"href":"https:\/\/roveyayinevi.com.tr\/index.php\/wp-json\/wp\/v2\/types\/product"}],"wp:attachment":[{"href":"https:\/\/roveyayinevi.com.tr\/index.php\/wp-json\/wp\/v2\/media?parent=734422"}],"wp:term":[{"taxonomy":"product_brand","embeddable":true,"href":"https:\/\/roveyayinevi.com.tr\/index.php\/wp-json\/wp\/v2\/product_brand?post=734422"},{"taxonomy":"product_cat","embeddable":true,"href":"https:\/\/roveyayinevi.com.tr\/index.php\/wp-json\/wp\/v2\/product_cat?post=734422"},{"taxonomy":"product_tag","embeddable":true,"href":"https:\/\/roveyayinevi.com.tr\/index.php\/wp-json\/wp\/v2\/product_tag?post=734422"}],"curies":[{"name":"wp","href":"https:\/\/api.w.org\/{rel}","templated":true}]}}