{"id":734416,"date":"2025-08-27T22:27:38","date_gmt":"2025-08-27T19:27:38","guid":{"rendered":"https:\/\/roveyayinevi.com.tr\/index.php\/urun\/zamanin-kulturel-tarihi\/"},"modified":"2026-04-16T02:42:07","modified_gmt":"2026-04-15T23:42:07","slug":"zamanin-kulturel-tarihi","status":"publish","type":"product","link":"https:\/\/roveyayinevi.com.tr\/index.php\/urun\/zamanin-kulturel-tarihi\/","title":{"rendered":"Zaman\u0131n K\u00fclt\u00fcrel Tarihi"},"content":{"rendered":"<p>Tarih boyunca, hayat tecr\u00fcbemizin en soyut, ge\u00e7ici ve anla\u015f\u0131lmas\u0131 g\u00fc\u00e7 fenomenlerinden biri olan zamana bir d\u00fczen dayat\u0131p \u00f6l\u00e7eklendirmeye y\u00f6nelik kar\u015f\u0131 konulamaz bir ihtiya\u00e7 hissettik. \u00d6zellikle yeni biny\u0131l\u0131n ba\u015flang\u0131c\u0131ndan itibaren, zaman\u0131n do\u011fas\u0131na duydu\u011fumuz hayranl\u0131k ve onu tan\u0131mlama giri\u015fimlerimiz yeni seviyelere ula\u015ft\u0131. Bedenlerimiz, makinelerimiz ve y\u0131ld\u0131zlarla \u00f6l\u00e7t\u00fck onu. G\u00fcn\u00fcm\u00fcz\u00fcn modern d\u00fcnyas\u0131nda, do\u011fan\u0131n alg\u0131lad\u0131\u011f\u0131 zaman\u0131 par\u00e7alara ay\u0131rd\u0131k, d\u00fcz bir \u00e7izgi h\u00e2line getirdik ve anla\u015f\u0131lmaz bir h\u00e2l alana kadar uzatt\u0131k.Peki t\u00fcm bu \u00e7abaya ra\u011fmen takvimlerimiz ve saatlerimiz ger\u00e7ekte neye hizmet ediyor? Takvimimizin antik ve \u201cilkel\u201d halklar\u0131n kulland\u0131klar\u0131ndan ne fark\u0131 var? Bug\u00fcn, yirmi birinci y\u00fczy\u0131lda; zaman\u0131n do\u011fall\u0131kla atan nabz\u0131ndan, atalar\u0131m\u0131z\u0131n oldu\u011fundan daha m\u0131 uzaktay\u0131z?Anthony Aveni, zaman\u0131 alg\u0131lama, tan\u0131mlama ve \u00f6l\u00e7me bi\u00e7imimizi; astronomiden biyolojiye, mimariden teolojiye \u00e7e\u015fitli disiplinler \u00e7er\u00e7evesinde tarihsel bir bak\u0131\u015f ile ele al\u0131yor.\u201c\u00dcst d\u00fczey bilim ve iyi \u00fcslubu bir araya getiren e\u015fsiz bir eser. Hayatlar\u0131m\u0131z, hatta atalar\u0131m\u0131z\u0131n hayatlar\u0131; ustal\u0131kl\u0131 takvimler taraf\u0131ndan d\u00fczenlendi. Yaln\u0131zca ayn\u0131 zamanda antropolog ve arkeolog olan bir astronom, b\u00f6yle karma\u015f\u0131k bir meseleyi bu derece iyi bir \u00fcslupla anlatabilirdi.\u201d- Michael D. Coe (Antropoloji Profes\u00f6r\u00fc \u2013 Yale \u00dcniversitesi)\u201cHi\u00e7 kimse, bizlerin ve atalar\u0131m\u0131z\u0131n zaman\u0131n ipli\u011fine ba\u011flad\u0131\u011f\u0131 anlam d\u00fc\u011f\u00fcmlerini \u00e7\u00f6zme konusunda astronom Anthony Aveni\u2019den daha donan\u0131ml\u0131 olamazd\u0131. Bu kitap, t\u00fcm ge\u00e7mi\u015fimizi ve ak\u0131p giden zaman\u0131n zihinlerimizde b\u0131rakt\u0131\u011f\u0131 izi, bir kol saatinin saniyelik hareketinin ilgi uyand\u0131r\u0131c\u0131l\u0131\u011f\u0131 ve dijital bir okuman\u0131n netli\u011fi ile ke\u015ffediyor.\u201d &#8211; E. C. Krupp (Griffith G\u00f6zlemevi ve Planetaryum Direkt\u00f6r\u00fc)<\/p>\n","protected":false},"excerpt":{"rendered":"<p>Tarih boyunca, hayat tecr\u00fcbemizin en soyut, ge\u00e7ici ve anla\u015f\u0131lmas\u0131 g\u00fc\u00e7 fenomenlerinden biri olan zamana bir d\u00fczen dayat\u0131p \u00f6l\u00e7eklendirmeye y\u00f6nelik kar\u015f\u0131 konulamaz bir ihtiya\u00e7 hissettik. \u00d6zellikle yeni<span class=\"excerpt-hellip\"> [\u2026]<\/span><\/p>\n","protected":false},"featured_media":0,"template":"","meta":{"_monsterinsights_skip_tracking":false,"_monsterinsights_sitenote_active":false,"_monsterinsights_sitenote_note":"","_monsterinsights_sitenote_category":0},"product_brand":[],"product_cat":[20039,13488],"product_tag":[],"class_list":{"0":"post-734416","1":"product","2":"type-product","3":"status-publish","5":"product_cat-kultur-tarihi","6":"product_cat-toplum-ve-insan","7":"pa_cilt-ciltsiz","8":"pa_tur-kitap","9":"pa_yayinevi-ketebe-yayinlari","10":"pa_yazar-anthony-aveni","12":"first","13":"instock","14":"sale","15":"shipping-taxable","16":"purchasable","17":"product-type-simple"},"_links":{"self":[{"href":"https:\/\/roveyayinevi.com.tr\/index.php\/wp-json\/wp\/v2\/product\/734416","targetHints":{"allow":["GET"]}}],"collection":[{"href":"https:\/\/roveyayinevi.com.tr\/index.php\/wp-json\/wp\/v2\/product"}],"about":[{"href":"https:\/\/roveyayinevi.com.tr\/index.php\/wp-json\/wp\/v2\/types\/product"}],"wp:attachment":[{"href":"https:\/\/roveyayinevi.com.tr\/index.php\/wp-json\/wp\/v2\/media?parent=734416"}],"wp:term":[{"taxonomy":"product_brand","embeddable":true,"href":"https:\/\/roveyayinevi.com.tr\/index.php\/wp-json\/wp\/v2\/product_brand?post=734416"},{"taxonomy":"product_cat","embeddable":true,"href":"https:\/\/roveyayinevi.com.tr\/index.php\/wp-json\/wp\/v2\/product_cat?post=734416"},{"taxonomy":"product_tag","embeddable":true,"href":"https:\/\/roveyayinevi.com.tr\/index.php\/wp-json\/wp\/v2\/product_tag?post=734416"}],"curies":[{"name":"wp","href":"https:\/\/api.w.org\/{rel}","templated":true}]}}