{"id":734415,"date":"2025-08-27T22:27:37","date_gmt":"2025-08-27T19:27:37","guid":{"rendered":"https:\/\/roveyayinevi.com.tr\/index.php\/urun\/turkiyede-siyaset-ve-kulturel-cesitlilik\/"},"modified":"2026-04-16T02:42:07","modified_gmt":"2026-04-15T23:42:07","slug":"turkiyede-siyaset-ve-kulturel-cesitlilik","status":"publish","type":"product","link":"https:\/\/roveyayinevi.com.tr\/index.php\/urun\/turkiyede-siyaset-ve-kulturel-cesitlilik\/","title":{"rendered":"T\u00fcrkiye&#8217;de Siyaset ve K\u00fclt\u00fcrel \u00c7e\u015fitlilik"},"content":{"rendered":"<p>T\u00fcrkiye\u2019de k\u00fclt\u00fcrel yap\u0131, tarihselli\u011finin \u00fcr\u00fcn\u00fc olarak \u00e7e\u015fitli ve \u00e7ok katmanl\u0131d\u0131r. Cumhuriyet d\u00f6neminin Kemalist siyaset anlay\u0131\u015f\u0131, bu \u00e7e\u015fitlili\u011fi yans\u0131tacak bir zemin in\u015fa edemedi\u011fi gibi, kendisine muhalif siyasal hareketlere de izledikleri yol bak\u0131m\u0131ndan ilham vermi\u015ftir.<\/p>\n","protected":false},"excerpt":{"rendered":"<p>T\u00fcrkiye\u2019de k\u00fclt\u00fcrel yap\u0131, tarihselli\u011finin \u00fcr\u00fcn\u00fc olarak \u00e7e\u015fitli ve \u00e7ok katmanl\u0131d\u0131r. Cumhuriyet d\u00f6neminin Kemalist siyaset anlay\u0131\u015f\u0131, bu \u00e7e\u015fitlili\u011fi yans\u0131tacak bir zemin in\u015fa edemedi\u011fi gibi, kendisine muhalif siyasal<span class=\"excerpt-hellip\"> [\u2026]<\/span><\/p>\n","protected":false},"featured_media":0,"template":"","meta":{"_monsterinsights_skip_tracking":false,"_monsterinsights_sitenote_active":false,"_monsterinsights_sitenote_note":"","_monsterinsights_sitenote_category":0},"product_brand":[],"product_cat":[13590,12337],"product_tag":[],"class_list":{"0":"post-734415","1":"product","2":"type-product","3":"status-publish","5":"product_cat-arastirma-inceleme-politika-siyaset","6":"product_cat-politika-siyaset","7":"pa_cilt-ciltsiz","8":"pa_tur-kitap","9":"pa_yayinevi-siyasiyat-yayinlari","10":"pa_yazar-yilmaz-colak","12":"first","13":"instock","14":"sale","15":"shipping-taxable","16":"purchasable","17":"product-type-simple"},"_links":{"self":[{"href":"https:\/\/roveyayinevi.com.tr\/index.php\/wp-json\/wp\/v2\/product\/734415","targetHints":{"allow":["GET"]}}],"collection":[{"href":"https:\/\/roveyayinevi.com.tr\/index.php\/wp-json\/wp\/v2\/product"}],"about":[{"href":"https:\/\/roveyayinevi.com.tr\/index.php\/wp-json\/wp\/v2\/types\/product"}],"wp:attachment":[{"href":"https:\/\/roveyayinevi.com.tr\/index.php\/wp-json\/wp\/v2\/media?parent=734415"}],"wp:term":[{"taxonomy":"product_brand","embeddable":true,"href":"https:\/\/roveyayinevi.com.tr\/index.php\/wp-json\/wp\/v2\/product_brand?post=734415"},{"taxonomy":"product_cat","embeddable":true,"href":"https:\/\/roveyayinevi.com.tr\/index.php\/wp-json\/wp\/v2\/product_cat?post=734415"},{"taxonomy":"product_tag","embeddable":true,"href":"https:\/\/roveyayinevi.com.tr\/index.php\/wp-json\/wp\/v2\/product_tag?post=734415"}],"curies":[{"name":"wp","href":"https:\/\/api.w.org\/{rel}","templated":true}]}}