{"id":734412,"date":"2025-08-27T22:27:35","date_gmt":"2025-08-27T19:27:35","guid":{"rendered":"https:\/\/roveyayinevi.com.tr\/index.php\/urun\/hikmetul-israk-ciltli\/"},"modified":"2026-04-16T02:42:07","modified_gmt":"2026-04-15T23:42:07","slug":"hikmetul-israk-ciltli","status":"publish","type":"product","link":"https:\/\/roveyayinevi.com.tr\/index.php\/urun\/hikmetul-israk-ciltli\/","title":{"rendered":"Hikmet\u00fc&#8217;l \u0130\u015frak (Ciltli)"},"content":{"rendered":"<p>\u0130\u015fr\u00e2k felsefesinin fikr\u00ee-tarih\u00ee ba\u011flam\u0131 \u015fimdiye kadar tam olarak ortaya konulmu\u015f de\u011fildir. \u0130\u015fr\u00e2k\u00eelik, genelde Me\u015f\u015f\u00e2\u00ee ve \u00f6zelde \u0130bn S\u00een\u00e2 felsefesine bir tepki olarak g\u00f6r\u00fclm\u00fc\u015f, kadim Fars\u00ee unsurlar i\u00e7eren, mistik-sezgisel bir felsefe olarak tan\u0131mlanm\u0131\u015ft\u0131r. Esas\u0131nda bu unsurlar S\u00fchreverd\u00ee\u2019nin \u0130\u015fr\u00e2k\u00ee felsefesinde vard\u0131r, ancak bu unsurlar\u0131n \u0130\u015fr\u00e2k\u00eeli\u011fin b\u00fct\u00fcnl\u00fc\u011f\u00fc i\u00e7indeki yeri ve hakeza \u0130\u015fr\u00e2k\u00eeli\u011fin genel \u0130sl\u00e2m felsefesi i\u00e7indeki konumu hen\u00fcz do\u011fru \u015fekilde tespit edilememi\u015ftir. \u0130\u015fr\u00e2k felsefesi Gazz\u00e2l\u00ee\u2019nin felsefeye ve filozoflara y\u00f6neltti\u011fi ele\u015ftirileri itibara alan ve felsefenin fikr\u00ee, din\u00ee ve ahl\u00e2k\u00ee y\u00f6n\u00fcn\u00fc ona g\u00f6re reforme eden bir felsefedir. Gazz\u00e2l\u00ee\u2019nin \u201cyerlilik\u201d i\u00e7erikli ele\u015ftirilerine de yeterince cevap oldu\u011fu i\u00e7in, her ne kadar S\u00fchreverd\u00ee\u2019nin kendisi ilhad su\u00e7lamalar\u0131yla d\u00f6nemin Eyy\u00fbb\u00ee y\u00f6netimi taraf\u0131ndan \u00f6ld\u00fcr\u00fclm\u00fc\u015f olsa da, felsefesi gerek a\u00e7\u0131k\u00e7a ve kendi ad\u0131yla, gerek derinlerde ve ba\u015fka isimler alt\u0131nda varl\u0131\u011f\u0131n\u0131 s\u00fcrd\u00fcrm\u00fc\u015ft\u00fcr. \u0130\u015fr\u00e2k gelene\u011finde S\u00fchreverd\u00ee\u2019nin kendisi ve do\u011frudan \u00f6\u011frencileri birinci halkay\u0131, \u015eehrez\u00fbr\u00ee ikinci halkay\u0131, \u0130bn Kemm\u00fbne (\u00f6. 683\/1284) \u00fc\u00e7\u00fcnc\u00fc halkay\u0131, Kutb\u00fcdd\u00een \u015e\u00eer\u00e2z\u00ee (\u00f6. 710\/1311) ise d\u00f6rd\u00fcnc\u00fc halkay\u0131 olu\u015fturur. Dolay\u0131s\u0131yla \u015eehrez\u00fbr\u00ee, ba\u015fta Hikmet\u00fc\u2019l-\u0130\u015fr\u00e2k \u015eerhi olmak \u00fczere yazd\u0131\u011f\u0131 eserler arac\u0131l\u0131\u011f\u0131yla \u0130\u015fr\u00e2k\u00ee gelene\u011fi sonraki nesillere aktarmada \u00f6nemli bir rol oynam\u0131\u015ft\u0131r. <\/p>\n","protected":false},"excerpt":{"rendered":"<p>\u0130\u015fr\u00e2k felsefesinin fikr\u00ee-tarih\u00ee ba\u011flam\u0131 \u015fimdiye kadar tam olarak ortaya konulmu\u015f de\u011fildir. \u0130\u015fr\u00e2k\u00eelik, genelde Me\u015f\u015f\u00e2\u00ee ve \u00f6zelde \u0130bn S\u00een\u00e2 felsefesine bir tepki olarak g\u00f6r\u00fclm\u00fc\u015f, kadim Fars\u00ee unsurlar<span class=\"excerpt-hellip\"> [\u2026]<\/span><\/p>\n","protected":false},"featured_media":0,"template":"","meta":{"_monsterinsights_skip_tracking":false,"_monsterinsights_sitenote_active":false,"_monsterinsights_sitenote_note":"","_monsterinsights_sitenote_category":0},"product_brand":[],"product_cat":[12718,18102,12719],"product_tag":[],"class_list":{"0":"post-734412","1":"product","2":"type-product","3":"status-publish","5":"product_cat-din","6":"product_cat-edebiyat-roman","7":"product_cat-islam","8":"pa_cilt-ciltli","9":"pa_tur-kitap","10":"pa_yayinevi-ketebe-yayinlari","11":"pa_yazar-sihabuddin-suhreverdi","13":"first","14":"instock","15":"sale","16":"shipping-taxable","17":"purchasable","18":"product-type-simple"},"_links":{"self":[{"href":"https:\/\/roveyayinevi.com.tr\/index.php\/wp-json\/wp\/v2\/product\/734412","targetHints":{"allow":["GET"]}}],"collection":[{"href":"https:\/\/roveyayinevi.com.tr\/index.php\/wp-json\/wp\/v2\/product"}],"about":[{"href":"https:\/\/roveyayinevi.com.tr\/index.php\/wp-json\/wp\/v2\/types\/product"}],"wp:attachment":[{"href":"https:\/\/roveyayinevi.com.tr\/index.php\/wp-json\/wp\/v2\/media?parent=734412"}],"wp:term":[{"taxonomy":"product_brand","embeddable":true,"href":"https:\/\/roveyayinevi.com.tr\/index.php\/wp-json\/wp\/v2\/product_brand?post=734412"},{"taxonomy":"product_cat","embeddable":true,"href":"https:\/\/roveyayinevi.com.tr\/index.php\/wp-json\/wp\/v2\/product_cat?post=734412"},{"taxonomy":"product_tag","embeddable":true,"href":"https:\/\/roveyayinevi.com.tr\/index.php\/wp-json\/wp\/v2\/product_tag?post=734412"}],"curies":[{"name":"wp","href":"https:\/\/api.w.org\/{rel}","templated":true}]}}