{"id":734411,"date":"2025-08-27T22:27:34","date_gmt":"2025-08-27T19:27:34","guid":{"rendered":"https:\/\/roveyayinevi.com.tr\/index.php\/urun\/islamda-zor-zamanlar\/"},"modified":"2026-04-16T02:42:07","modified_gmt":"2026-04-15T23:42:07","slug":"islamda-zor-zamanlar","status":"publish","type":"product","link":"https:\/\/roveyayinevi.com.tr\/index.php\/urun\/islamda-zor-zamanlar\/","title":{"rendered":"\u0130slam&#8217;da Zor Zamanlar"},"content":{"rendered":"<p>Bu kitap, son salg\u0131nla hayatta kalabilme kayg\u0131s\u0131na kap\u0131lan, inan\u00e7 d\u00fcnyas\u0131 derinden sars\u0131lan topyek\u00fbn insanl\u0131k ailesinin, sadece salg\u0131n\u0131 de\u011fil, genel olarak zor zamanlar\u0131 \u0130slam\u2019\u0131n berrak hakikatleri \u0131\u015f\u0131\u011f\u0131nda anlama ve anlamland\u0131rma \u00e7abas\u0131na, katk\u0131 sunmay\u0131 hedeflemektedir.   Bu ama\u00e7la \u201cmusibetleri afet olarak de\u011fil, ayet olarak telakki etme; ayetleri ise ibareler \u00fczerinden de\u011fil, ibretler \u00fczerinden okuma\u201d prensibini i\u015fler k\u0131lmay\u0131 \u00f6nermektedir. Zor zamanlarda h\u00fczn\u00fcm\u00fcz\u00fc sevince, mahrumiyetimizi rahmete, muhasaram\u0131z\u0131 muhasebeye d\u00f6n\u00fc\u015ft\u00fcrmenin yollar\u0131n\u0131 aramaktad\u0131r.<\/p>\n","protected":false},"excerpt":{"rendered":"<p>Bu kitap, son salg\u0131nla hayatta kalabilme kayg\u0131s\u0131na kap\u0131lan, inan\u00e7 d\u00fcnyas\u0131 derinden sars\u0131lan topyek\u00fbn insanl\u0131k ailesinin, sadece salg\u0131n\u0131 de\u011fil, genel olarak zor zamanlar\u0131 \u0130slam\u2019\u0131n berrak hakikatleri \u0131\u015f\u0131\u011f\u0131nda<span class=\"excerpt-hellip\"> [\u2026]<\/span><\/p>\n","protected":false},"featured_media":0,"template":"","meta":{"_monsterinsights_skip_tracking":false,"_monsterinsights_sitenote_active":false,"_monsterinsights_sitenote_note":"","_monsterinsights_sitenote_category":0},"product_brand":[],"product_cat":[12718,12719,18109],"product_tag":[],"class_list":{"0":"post-734411","1":"product","2":"type-product","3":"status-publish","5":"product_cat-din","6":"product_cat-islam","7":"product_cat-islam-tarihi","8":"pa_cilt-ciltsiz","9":"pa_tur-kitap","10":"pa_yayinevi-otto-yayinlari","11":"pa_yazar-mehmet-gormez","13":"first","14":"instock","15":"sale","16":"shipping-taxable","17":"purchasable","18":"product-type-simple"},"_links":{"self":[{"href":"https:\/\/roveyayinevi.com.tr\/index.php\/wp-json\/wp\/v2\/product\/734411","targetHints":{"allow":["GET"]}}],"collection":[{"href":"https:\/\/roveyayinevi.com.tr\/index.php\/wp-json\/wp\/v2\/product"}],"about":[{"href":"https:\/\/roveyayinevi.com.tr\/index.php\/wp-json\/wp\/v2\/types\/product"}],"wp:attachment":[{"href":"https:\/\/roveyayinevi.com.tr\/index.php\/wp-json\/wp\/v2\/media?parent=734411"}],"wp:term":[{"taxonomy":"product_brand","embeddable":true,"href":"https:\/\/roveyayinevi.com.tr\/index.php\/wp-json\/wp\/v2\/product_brand?post=734411"},{"taxonomy":"product_cat","embeddable":true,"href":"https:\/\/roveyayinevi.com.tr\/index.php\/wp-json\/wp\/v2\/product_cat?post=734411"},{"taxonomy":"product_tag","embeddable":true,"href":"https:\/\/roveyayinevi.com.tr\/index.php\/wp-json\/wp\/v2\/product_tag?post=734411"}],"curies":[{"name":"wp","href":"https:\/\/api.w.org\/{rel}","templated":true}]}}