{"id":734410,"date":"2025-08-27T22:27:33","date_gmt":"2025-08-27T19:27:33","guid":{"rendered":"https:\/\/roveyayinevi.com.tr\/index.php\/urun\/gencligin-anlam-arayisi\/"},"modified":"2026-04-16T02:42:07","modified_gmt":"2026-04-15T23:42:07","slug":"gencligin-anlam-arayisi","status":"publish","type":"product","link":"https:\/\/roveyayinevi.com.tr\/index.php\/urun\/gencligin-anlam-arayisi\/","title":{"rendered":"Gen\u00e7li\u011fin Anlam Aray\u0131\u015f\u0131"},"content":{"rendered":"<p>Bu kitap, dijitalle\u015fmenin beraberinde getirdi\u011fi bilgi kaosu ve yorum anar\u015fisinin, genelde insanl\u0131\u011f\u0131n, \u00f6zelde gen\u00e7li\u011fin anlam aray\u0131\u015f\u0131n\u0131 bir krize d\u00f6n\u00fc\u015ft\u00fcrd\u00fc\u011f\u00fc ger\u00e7e\u011finden hareketle, din ile ili\u015fkilerdeki zorluklar\u0131 a\u015facak, insan\u0131 be\u015feriyetten ademiyete, ademiyetten insaniyete y\u00fcceltecek bir yol haritas\u0131 sunmaktad\u0131r. Bilhassa gen\u00e7lerimize sanal ekran uygarl\u0131\u011f\u0131nda hay\u00e2 ile nas\u0131l hayat bulanaca\u011f\u0131na dair bir us\u00fbl \u00f6nermektedir.   Ayr\u0131ca bu kitap, \u201cBat\u0131, \u0130slam\u2019a neden Peygamberimiz \u00fczerinden sald\u0131r\u0131yor? Din ve medeniyet a\u00e7\u0131s\u0131ndan Kud\u00fcs ve Mescid-i Aksa bizim i\u00e7in ne ifade ediyor? Ayasofya\u2019n\u0131n, \u0130slam\u2019\u0131n mabet hukukunda nas\u0131l bir yeri vard\u0131r?\u201d gibi g\u00fcncel meselelere derinlikli din\u00ee bak\u0131\u015f a\u00e7\u0131lar\u0131 getirmektedir.<\/p>\n","protected":false},"excerpt":{"rendered":"<p>Bu kitap, dijitalle\u015fmenin beraberinde getirdi\u011fi bilgi kaosu ve yorum anar\u015fisinin, genelde insanl\u0131\u011f\u0131n, \u00f6zelde gen\u00e7li\u011fin anlam aray\u0131\u015f\u0131n\u0131 bir krize d\u00f6n\u00fc\u015ft\u00fcrd\u00fc\u011f\u00fc ger\u00e7e\u011finden hareketle, din ile ili\u015fkilerdeki zorluklar\u0131 a\u015facak,<span class=\"excerpt-hellip\"> [\u2026]<\/span><\/p>\n","protected":false},"featured_media":0,"template":"","meta":{"_monsterinsights_skip_tracking":false,"_monsterinsights_sitenote_active":false,"_monsterinsights_sitenote_note":"","_monsterinsights_sitenote_category":0},"product_brand":[],"product_cat":[12718,12719,13025],"product_tag":[],"class_list":{"0":"post-734410","1":"product","2":"type-product","3":"status-publish","5":"product_cat-din","6":"product_cat-islam","7":"product_cat-islam-ve-gunumuz-islam-dusuncesi","8":"pa_cilt-ciltsiz","9":"pa_tur-kitap","10":"pa_yayinevi-otto-yayinlari","11":"pa_yazar-mehmet-gormez","13":"first","14":"instock","15":"sale","16":"shipping-taxable","17":"purchasable","18":"product-type-simple"},"_links":{"self":[{"href":"https:\/\/roveyayinevi.com.tr\/index.php\/wp-json\/wp\/v2\/product\/734410","targetHints":{"allow":["GET"]}}],"collection":[{"href":"https:\/\/roveyayinevi.com.tr\/index.php\/wp-json\/wp\/v2\/product"}],"about":[{"href":"https:\/\/roveyayinevi.com.tr\/index.php\/wp-json\/wp\/v2\/types\/product"}],"wp:attachment":[{"href":"https:\/\/roveyayinevi.com.tr\/index.php\/wp-json\/wp\/v2\/media?parent=734410"}],"wp:term":[{"taxonomy":"product_brand","embeddable":true,"href":"https:\/\/roveyayinevi.com.tr\/index.php\/wp-json\/wp\/v2\/product_brand?post=734410"},{"taxonomy":"product_cat","embeddable":true,"href":"https:\/\/roveyayinevi.com.tr\/index.php\/wp-json\/wp\/v2\/product_cat?post=734410"},{"taxonomy":"product_tag","embeddable":true,"href":"https:\/\/roveyayinevi.com.tr\/index.php\/wp-json\/wp\/v2\/product_tag?post=734410"}],"curies":[{"name":"wp","href":"https:\/\/api.w.org\/{rel}","templated":true}]}}