{"id":734409,"date":"2025-08-27T22:27:32","date_gmt":"2025-08-27T19:27:32","guid":{"rendered":"https:\/\/roveyayinevi.com.tr\/index.php\/urun\/fasizm-tarihi-ve-teorisi\/"},"modified":"2026-04-16T02:42:07","modified_gmt":"2026-04-15T23:42:07","slug":"fasizm-tarihi-ve-teorisi","status":"publish","type":"product","link":"https:\/\/roveyayinevi.com.tr\/index.php\/urun\/fasizm-tarihi-ve-teorisi\/","title":{"rendered":"Fa\u015fizm Tarihi ve Teorisi"},"content":{"rendered":"<p>Ne oldu, nas\u0131l oldu da fa\u015fist bir iktidar kitleleri \u00f6n\u00fcne katarak devasa bir soruna d\u00f6n\u00fc\u015ft\u00fc? Bu soru h\u00e2l\u00e2 g\u00fcncelli\u011fini  koruyor. David Renton, cevaplar\u0131n pe\u015fine d\u00fc\u015ferken fa\u015fizmin \u00f6ncelikle neden bir hareket sonra da neden bir siyaset bi\u00e7imi oldu\u011funu a\u00e7\u0131klamaya \u00e7al\u0131\u015f\u0131yor. Fa\u015fizmle ilgili olu\u015fturulan teorileri, iddialar\u0131 ve ge\u00e7mi\u015fte ya\u015fananlar\u0131 anlamland\u0131rmak i\u00e7in ak\u0131l y\u00fcr\u00fct\u00fcyor.   Fa\u015fizm: Tarihi ve Teorisi, Hitler ve Mussolini d\u00f6nemlerindeki fa\u015fist y\u00fckseli\u015fi, ona kar\u015f\u0131 \u00e7\u0131kan Marksist tepkileri ve fa\u015fist s\u00f6ylemlerin ne zaman ba\u015flad\u0131\u011f\u0131 konusunu ge\u00e7mi\u015ften g\u00fcn\u00fcm\u00fcze ta\u015f\u0131yor. Tro\u00e7ki ve Gramsci\u2019nin yaz\u0131lar\u0131 ile \u00e7a\u011fda\u015f teorisyenlerin \u00f6ne s\u00fcrd\u00fckleri savlar\u0131n \u00e7e\u015fitlili\u011fi okurun kafas\u0131ndaki sorulara netlik kazand\u0131r\u0131yor.   Fa\u015fizm: Tarihi ve Teorisi  ge\u00e7mi\u015fi anlamak ve  g\u00fcn\u00fcm\u00fczde ya\u015fananlar\u0131 yorumlamak isteyenler i\u00e7in bir ba\u015fvuru kitab\u0131. <\/p>\n","protected":false},"excerpt":{"rendered":"<p>Ne oldu, nas\u0131l oldu da fa\u015fist bir iktidar kitleleri \u00f6n\u00fcne katarak devasa bir soruna d\u00f6n\u00fc\u015ft\u00fc? Bu soru h\u00e2l\u00e2 g\u00fcncelli\u011fini koruyor. David Renton, cevaplar\u0131n pe\u015fine d\u00fc\u015ferken fa\u015fizmin<span class=\"excerpt-hellip\"> [\u2026]<\/span><\/p>\n","protected":false},"featured_media":0,"template":"","meta":{"_monsterinsights_skip_tracking":false,"_monsterinsights_sitenote_active":false,"_monsterinsights_sitenote_note":"","_monsterinsights_sitenote_category":0},"product_brand":[],"product_cat":[13590,12337],"product_tag":[],"class_list":{"0":"post-734409","1":"product","2":"type-product","3":"status-publish","5":"product_cat-arastirma-inceleme-politika-siyaset","6":"product_cat-politika-siyaset","7":"pa_cilt-ciltsiz","8":"pa_tur-kitap","9":"pa_yayinevi-nora-kitap","10":"pa_yazar-david-renton","12":"first","13":"instock","14":"sale","15":"shipping-taxable","16":"purchasable","17":"product-type-simple"},"_links":{"self":[{"href":"https:\/\/roveyayinevi.com.tr\/index.php\/wp-json\/wp\/v2\/product\/734409","targetHints":{"allow":["GET"]}}],"collection":[{"href":"https:\/\/roveyayinevi.com.tr\/index.php\/wp-json\/wp\/v2\/product"}],"about":[{"href":"https:\/\/roveyayinevi.com.tr\/index.php\/wp-json\/wp\/v2\/types\/product"}],"wp:attachment":[{"href":"https:\/\/roveyayinevi.com.tr\/index.php\/wp-json\/wp\/v2\/media?parent=734409"}],"wp:term":[{"taxonomy":"product_brand","embeddable":true,"href":"https:\/\/roveyayinevi.com.tr\/index.php\/wp-json\/wp\/v2\/product_brand?post=734409"},{"taxonomy":"product_cat","embeddable":true,"href":"https:\/\/roveyayinevi.com.tr\/index.php\/wp-json\/wp\/v2\/product_cat?post=734409"},{"taxonomy":"product_tag","embeddable":true,"href":"https:\/\/roveyayinevi.com.tr\/index.php\/wp-json\/wp\/v2\/product_tag?post=734409"}],"curies":[{"name":"wp","href":"https:\/\/api.w.org\/{rel}","templated":true}]}}