{"id":734406,"date":"2025-08-27T22:27:29","date_gmt":"2025-08-27T19:27:29","guid":{"rendered":"https:\/\/roveyayinevi.com.tr\/index.php\/urun\/menajer-transferin-gizli-yuzu\/"},"modified":"2026-04-16T02:42:07","modified_gmt":"2026-04-15T23:42:07","slug":"menajer-transferin-gizli-yuzu","status":"publish","type":"product","link":"https:\/\/roveyayinevi.com.tr\/index.php\/urun\/menajer-transferin-gizli-yuzu\/","title":{"rendered":"Menajer &#8211; Transferin Gizli Y\u00fcz\u00fc"},"content":{"rendered":"<p>Mustafa A\u00e7\u0131kg\u00f6z menajerlik kavram\u0131n\u0131n ne oldu\u011funu ve bilinmeyen y\u00f6nlerini Menajer: Transferin Gizli Y\u00fcz\u00fc kitab\u0131nda anlat\u0131yor. S\u00f6zle\u015fme s\u00fcre\u00e7lerinde ya\u015fananlar ve transfer d\u00f6nemlerindeki kritik kararlar gibi ye\u015fil sahan\u0131n d\u0131\u015f\u0131nda da devam eden \u00f6nemli anlar  g\u00fcn y\u00fcz\u00fcne \u00e7\u0131k\u0131yor.   Oyuncusunun her an\u0131nda, iyi g\u00fcn\u00fcnde de k\u00f6t\u00fc g\u00fcn\u00fcnde de yan\u0131nda olan, her ihtiyac\u0131n\u0131 kar\u015f\u0131layabilen menajer, futbolun olmazsa olmaz par\u00e7alar\u0131ndan biridir. Nihat KahveciDaha olumlu olup bu karamsarl\u0131\u011f\u0131 b\u0131rak\u0131r ve g\u00fczel hik\u00e2yelerle yola \u00e7\u0131karsak futbol kalitemizi, k\u00fclt\u00fcr\u00fcm\u00fcz\u00fc art\u0131r\u0131r\u0131z. Hamit Alt\u0131ntopMenajer olman\u0131n metodolojisinden bahseden pek kitap yok ve bu, ger\u00e7ekten ak\u0131ll\u0131ca bir fikir. Futbol bilgi, ileti\u015fim ve d\u00fcr\u00fcstl\u00fckle ba\u015far\u0131ya ula\u015fabilir. Victor Orta &#8211; Leeds United Sportif Direkt\u00f6r\u00fcFutbol tek bir ki\u015finin y\u00f6netebilece\u011fi durumdan \u00e7\u0131k\u0131p ekip i\u015fi haline geldi. Menajerlerin de bu ekibin bir par\u00e7as\u0131 olmas\u0131  gerekti\u011fini d\u00fc\u015f\u00fcn\u00fcyorum. R\u00fc\u015ft\u00fc Re\u00e7ber <\/p>\n","protected":false},"excerpt":{"rendered":"<p>Mustafa A\u00e7\u0131kg\u00f6z menajerlik kavram\u0131n\u0131n ne oldu\u011funu ve bilinmeyen y\u00f6nlerini Menajer: Transferin Gizli Y\u00fcz\u00fc kitab\u0131nda anlat\u0131yor. S\u00f6zle\u015fme s\u00fcre\u00e7lerinde ya\u015fananlar ve transfer d\u00f6nemlerindeki kritik kararlar gibi ye\u015fil sahan\u0131n<span class=\"excerpt-hellip\"> [\u2026]<\/span><\/p>\n","protected":false},"featured_media":0,"template":"","meta":{"_monsterinsights_skip_tracking":false,"_monsterinsights_sitenote_active":false,"_monsterinsights_sitenote_note":"","_monsterinsights_sitenote_category":0},"product_brand":[],"product_cat":[15563,15564],"product_tag":[],"class_list":{"0":"post-734406","1":"product","2":"type-product","3":"status-publish","5":"product_cat-hobi","6":"product_cat-spor","7":"pa_cilt-ciltsiz","8":"pa_tur-kitap","9":"pa_yayinevi-nemesis-kitap","10":"pa_yazar-mustafa-acikgoz","12":"first","13":"instock","14":"sale","15":"shipping-taxable","16":"purchasable","17":"product-type-simple"},"_links":{"self":[{"href":"https:\/\/roveyayinevi.com.tr\/index.php\/wp-json\/wp\/v2\/product\/734406","targetHints":{"allow":["GET"]}}],"collection":[{"href":"https:\/\/roveyayinevi.com.tr\/index.php\/wp-json\/wp\/v2\/product"}],"about":[{"href":"https:\/\/roveyayinevi.com.tr\/index.php\/wp-json\/wp\/v2\/types\/product"}],"wp:attachment":[{"href":"https:\/\/roveyayinevi.com.tr\/index.php\/wp-json\/wp\/v2\/media?parent=734406"}],"wp:term":[{"taxonomy":"product_brand","embeddable":true,"href":"https:\/\/roveyayinevi.com.tr\/index.php\/wp-json\/wp\/v2\/product_brand?post=734406"},{"taxonomy":"product_cat","embeddable":true,"href":"https:\/\/roveyayinevi.com.tr\/index.php\/wp-json\/wp\/v2\/product_cat?post=734406"},{"taxonomy":"product_tag","embeddable":true,"href":"https:\/\/roveyayinevi.com.tr\/index.php\/wp-json\/wp\/v2\/product_tag?post=734406"}],"curies":[{"name":"wp","href":"https:\/\/api.w.org\/{rel}","templated":true}]}}