{"id":734405,"date":"2025-08-27T22:27:28","date_gmt":"2025-08-27T19:27:28","guid":{"rendered":"https:\/\/roveyayinevi.com.tr\/index.php\/urun\/dalgalar-5\/"},"modified":"2026-04-07T02:51:41","modified_gmt":"2026-04-06T23:51:41","slug":"dalgalar-5","status":"publish","type":"product","link":"https:\/\/roveyayinevi.com.tr\/index.php\/urun\/dalgalar-5\/","title":{"rendered":"Dalgalar"},"content":{"rendered":"<p>Virginia Woolf\u2019un 1931 y\u0131l\u0131nda bas\u0131lm\u0131\u015f en deneysel roman\u0131 Dalgalar, modernist yaz\u0131n\u0131n bilin\u00e7 ak\u0131\u015f\u0131 tekni\u011fiyle, \u015fiirle d\u00fczyaz\u0131 aras\u0131ndaki s\u0131n\u0131rda geziniyor. Woolf\u2019un en cesur ve yenilik\u00e7i eserleri aras\u0131nda say\u0131lan roman, \u00fc\u00e7 erkek ve \u00fc\u00e7 kad\u0131n karakterin etraf\u0131nda ya\u015fam, dostluk, gen\u00e7lik ve ihtiyarl\u0131k, umut ve korku, a\u015fk ve nefret sorgulamalar\u0131yla ilerliyor. Apayr\u0131 karakterlere sahip alt\u0131 sesten dinledi\u011fimiz ge\u00e7mi\u015fe ve bug\u00fcne dair anlar ve an\u0131lar, t\u0131pk\u0131 bir okyanusun y\u00fcseklip al\u00e7alan dalgalar\u0131 gibi okuyucunun alg\u0131s\u0131yla oynuyor. Monologlarla akan metin, her bir karakterin zihinsel ve ruhsal d\u00fcnyas\u0131na pencereler a\u00e7arken ayn\u0131 zamanda sessiz bir ortak bilin\u00e7 yarat\u0131yor. Yazar\u0131n\u0131n \u201coyun\u015fiir\u201d olarak tan\u0131mlad\u0131\u011f\u0131 bu yap\u0131t, bir \u015fiirin dalgalar\u0131 an\u0131msatan ritmi ve bir oyunun de\u011fi\u015fken sahneleriyle okurunu zaman ve mek\u00e2nlar aras\u0131nda gezdiriyor. <\/p>\n","protected":false},"excerpt":{"rendered":"<p>Virginia Woolf\u2019un 1931 y\u0131l\u0131nda bas\u0131lm\u0131\u015f en deneysel roman\u0131 Dalgalar, modernist yaz\u0131n\u0131n bilin\u00e7 ak\u0131\u015f\u0131 tekni\u011fiyle, \u015fiirle d\u00fczyaz\u0131 aras\u0131ndaki s\u0131n\u0131rda geziniyor. Woolf\u2019un en cesur ve yenilik\u00e7i eserleri aras\u0131nda<span class=\"excerpt-hellip\"> [\u2026]<\/span><\/p>\n","protected":false},"featured_media":0,"template":"","meta":{"_monsterinsights_skip_tracking":false,"_monsterinsights_sitenote_active":false,"_monsterinsights_sitenote_note":"","_monsterinsights_sitenote_category":0},"product_brand":[],"product_cat":[12291,12711],"product_tag":[],"class_list":{"0":"post-734405","1":"product","2":"type-product","3":"status-publish","5":"product_cat-edebiyat","6":"product_cat-roman-oyku","7":"pa_cilt-ciltsiz","8":"pa_tur-kitap","9":"pa_yayinevi-everest-yayinlari","10":"pa_yazar-wirginia-woolf","12":"first","13":"instock","14":"sale","15":"shipping-taxable","16":"purchasable","17":"product-type-simple"},"_links":{"self":[{"href":"https:\/\/roveyayinevi.com.tr\/index.php\/wp-json\/wp\/v2\/product\/734405","targetHints":{"allow":["GET"]}}],"collection":[{"href":"https:\/\/roveyayinevi.com.tr\/index.php\/wp-json\/wp\/v2\/product"}],"about":[{"href":"https:\/\/roveyayinevi.com.tr\/index.php\/wp-json\/wp\/v2\/types\/product"}],"wp:attachment":[{"href":"https:\/\/roveyayinevi.com.tr\/index.php\/wp-json\/wp\/v2\/media?parent=734405"}],"wp:term":[{"taxonomy":"product_brand","embeddable":true,"href":"https:\/\/roveyayinevi.com.tr\/index.php\/wp-json\/wp\/v2\/product_brand?post=734405"},{"taxonomy":"product_cat","embeddable":true,"href":"https:\/\/roveyayinevi.com.tr\/index.php\/wp-json\/wp\/v2\/product_cat?post=734405"},{"taxonomy":"product_tag","embeddable":true,"href":"https:\/\/roveyayinevi.com.tr\/index.php\/wp-json\/wp\/v2\/product_tag?post=734405"}],"curies":[{"name":"wp","href":"https:\/\/api.w.org\/{rel}","templated":true}]}}