{"id":734404,"date":"2025-08-27T22:27:27","date_gmt":"2025-08-27T19:27:27","guid":{"rendered":"https:\/\/roveyayinevi.com.tr\/index.php\/urun\/sana-geldim-istanbul\/"},"modified":"2026-04-16T02:42:07","modified_gmt":"2026-04-15T23:42:07","slug":"sana-geldim-istanbul","status":"publish","type":"product","link":"https:\/\/roveyayinevi.com.tr\/index.php\/urun\/sana-geldim-istanbul\/","title":{"rendered":"Sana Geldim \u0130stanbul"},"content":{"rendered":"<p>Sana Geldim \u0130stanbul, mesle\u011fini kendi elleriyle kurdu\u011fu bir t\u0131p merkezinde icra etmeye devam eden bir hekimin, Muzaffer Se\u00e7im Toklu\u2019nun \u00f6mr\u00fcn\u00fcn \u00e7ok sesli, \u00e7ok renkli odalar\u0131nda bir yolculu\u011fa davet ediyor sizi. T\u00fcrkiye\u2019nin g\u00fcneyindeki k\u00fc\u00e7\u00fck bir k\u00f6yden \u0130stanbul\u2019a uzanan bir ya\u015fam. K\u00f6y Enstit\u00fcl\u00fc olma ruhunu t\u00fcm h\u00fccrelerinde ta\u015f\u0131yan ve \u00e7ocuklar\u0131na a\u015f\u0131layan \u00f6\u011fretmen baban\u0131n alt\u0131 \u00e7ocu\u011fundan birinin, k\u00fc\u00e7\u00fck ya\u015flarda ba\u015flayan hayat m\u00fccadelesi. Kendi eme\u011fine inanc\u0131yla ve \u00e7al\u0131\u015fkanl\u0131kla ayakta durmay\u0131 \u00f6\u011frenen bir \u00e7ocu\u011fun \u201cb\u00fcy\u00fcme\u201d \u00f6yk\u00fcs\u00fc&#8230; \u0130\u00e7inden pazarda sat\u0131lan maydanozlar, el eme\u011fi g\u00f6z nuru domatesler, asmalar, sokak sokak dola\u015ft\u0131r\u0131lan m\u0131s\u0131rlar, simitler, \u201cya\u011fl\u0131 \u00f6rdekler\u201d, dere kenar\u0131nda kurulan yarat\u0131c\u0131 oyunlar ge\u00e7en reng\u00e2renk bir \u00e7ocukluk. Y\u0131lmaz G\u00fcney\u2019in filmlerinin pe\u015finde, elde eski bir valizle \u0130stanbul\u2019la teke tek kar\u015f\u0131la\u015fmayla ba\u015flayan bir gen\u00e7lik. Ders aralar\u0131nda \u0130stanbul Hali\u2019ne ko\u015fturan bir t\u0131bbiyeli, daha \u00f6\u011frenciyken kendini acil koridorlar\u0131nda EKG teknisyeni olarak bulan hekim aday\u0131&#8230; 1960\u2019lar\u0131n Anamur\u2019u, Gaziantep\u2019i, 1970\u2019lerin Ankara\u2019s\u0131, \u0130stanbul\u2019u, 1980\u2019lerin \u00c7orum\u2019u&#8230; 1990\u2019lardan bug\u00fcne ilmek ilmek \u00f6r\u00fclen bir hekimlik kariyeri, kurtar\u0131lan hayatlar, tutkuyla sahiplenilen \u00f6m\u00fcrl\u00fck bir mesai&#8230; Bu memleketin yeti\u015ftirdi\u011fi bir hekimin ilham veren deneyimleri, g\u00fcl\u00fcmseten, h\u00fcz\u00fcnlendiren an\u0131lar\u0131&#8230;<\/p>\n","protected":false},"excerpt":{"rendered":"<p>Sana Geldim \u0130stanbul, mesle\u011fini kendi elleriyle kurdu\u011fu bir t\u0131p merkezinde icra etmeye devam eden bir hekimin, Muzaffer Se\u00e7im Toklu\u2019nun \u00f6mr\u00fcn\u00fcn \u00e7ok sesli, \u00e7ok renkli odalar\u0131nda bir<span class=\"excerpt-hellip\"> [\u2026]<\/span><\/p>\n","protected":false},"featured_media":0,"template":"","meta":{"_monsterinsights_skip_tracking":false,"_monsterinsights_sitenote_active":false,"_monsterinsights_sitenote_note":"","_monsterinsights_sitenote_category":0},"product_brand":[],"product_cat":[18545,12291],"product_tag":[],"class_list":{"0":"post-734404","1":"product","2":"type-product","3":"status-publish","5":"product_cat-anlati","6":"product_cat-edebiyat","7":"pa_cilt-ciltsiz","8":"pa_tur-kitap","9":"pa_yayinevi-epsilon-yayinlari","10":"pa_yazar-muzaffer-secim-toklu","12":"first","13":"instock","14":"sale","15":"shipping-taxable","16":"purchasable","17":"product-type-simple"},"_links":{"self":[{"href":"https:\/\/roveyayinevi.com.tr\/index.php\/wp-json\/wp\/v2\/product\/734404","targetHints":{"allow":["GET"]}}],"collection":[{"href":"https:\/\/roveyayinevi.com.tr\/index.php\/wp-json\/wp\/v2\/product"}],"about":[{"href":"https:\/\/roveyayinevi.com.tr\/index.php\/wp-json\/wp\/v2\/types\/product"}],"wp:attachment":[{"href":"https:\/\/roveyayinevi.com.tr\/index.php\/wp-json\/wp\/v2\/media?parent=734404"}],"wp:term":[{"taxonomy":"product_brand","embeddable":true,"href":"https:\/\/roveyayinevi.com.tr\/index.php\/wp-json\/wp\/v2\/product_brand?post=734404"},{"taxonomy":"product_cat","embeddable":true,"href":"https:\/\/roveyayinevi.com.tr\/index.php\/wp-json\/wp\/v2\/product_cat?post=734404"},{"taxonomy":"product_tag","embeddable":true,"href":"https:\/\/roveyayinevi.com.tr\/index.php\/wp-json\/wp\/v2\/product_tag?post=734404"}],"curies":[{"name":"wp","href":"https:\/\/api.w.org\/{rel}","templated":true}]}}