{"id":734402,"date":"2025-08-27T22:27:24","date_gmt":"2025-08-27T19:27:24","guid":{"rendered":"https:\/\/roveyayinevi.com.tr\/index.php\/urun\/kafkaslarda-uc-firari-gulsenemliler\/"},"modified":"2026-04-16T02:42:07","modified_gmt":"2026-04-15T23:42:07","slug":"kafkaslarda-uc-firari-gulsenemliler","status":"publish","type":"product","link":"https:\/\/roveyayinevi.com.tr\/index.php\/urun\/kafkaslarda-uc-firari-gulsenemliler\/","title":{"rendered":"Kafkaslar&#8217;da \u00dc\u00e7 Firari &#8211; G\u00fclsenemliler"},"content":{"rendered":"<p>\u201cDedem diyor ki atalar\u0131n\u0131n adlar\u0131n\u0131, kim olduklar\u0131n\u0131 unutanlar, k\u00f6t\u00fcl\u00fck yapmaktan utanmazlarm\u0131\u015f. \u00c7\u00fcnk\u00fc o zaman insan\u0131n nas\u0131l biri oldu\u011funu ne \u00e7ocuklar\u0131 bilirmi\u015f ne de \u00e7ocuklar\u0131n\u0131n \u00e7ocuklar\u0131\u2026\u201d    Cengiz Aytmatov     \u0130nsanlar\u0131n kadim k\u00f6klerinin pe\u015finden gitmesi bize aristokrasinin b\u0131rakt\u0131\u011f\u0131 bir gelenek. Ger\u00e7i art\u0131k soya\u011fa\u00e7lar\u0131n\u0131n par\u015f\u00f6menlerde yaz\u0131larak sakland\u0131\u011f\u0131 d\u00f6nemler ge\u00e7ti. Ayr\u0131ca insanlar soylu bir kana sahip olup olmad\u0131klar\u0131n\u0131 merak etmiyorlar pek. O d\u00f6nemler tarihin u\u00e7suz bucaks\u0131z ge\u00e7mi\u015finde yerini ald\u0131. Atadan gelen k\u00fclt\u00fcr, gelenek \u00f6rf ve adetlerimiz h\u00e2l\u00e2 ya\u015fam\u0131m\u0131z\u0131n i\u00e7inde \u00f6nemli bir yer tutuyor co\u011frafyam\u0131zda. \u00c7o\u011funlukla da atalar\u0131m\u0131z\u0131n, nenelerimizin ya\u015fad\u0131\u011f\u0131 d\u00f6nemleri, ailemizin bize \u00f6\u011fretti\u011fi davran\u0131\u015f kal\u0131plar\u0131 s\u00f6zl\u00fc bir anlat\u0131m gelene\u011finden besleniyor. Ku\u015faktan ku\u015fa\u011fa anlat\u0131larak bizlere gelen soy hik\u00e2yelerimiz bazen efsanelerle ve mistik \u00f6gelerle kar\u0131\u015fsa da bug\u00fcn bizi biz yapan bir temel de olu\u015fturuyor. G\u00fcrsel \u015eamilo\u011flu da babas\u0131n\u0131n anlat\u0131mlar\u0131ndan \u00f6\u011frendi\u011fi tarihi bizlere edebiyat\u0131n o g\u00fc\u00e7l\u00fc diliyle aktar\u0131yor. Hem de ne tarih! Kitapta anlat\u0131lan 1820-1920 d\u00f6nemi, \u00c7arl\u0131k Rusya\u2019s\u0131n\u0131n en hareketli y\u0131llar\u0131. Kafkasya da 150 y\u0131l aral\u0131ks\u0131z s\u00fcren ba\u011f\u0131ms\u0131zl\u0131k sava\u015flar\u0131, Kafkas da\u011flar\u0131nda \u015eeyh \u015eamil, \u201893 Harbi, 1. D\u00fcnya Sava\u015f\u0131, Allahuekber da\u011flar\u0131nda 90 bin askerin k\u0131rd\u0131r\u0131lmas\u0131, G\u00fcney Kafkasya ve Anadolu\u2019da ya\u015fanan g\u00f6\u00e7, sava\u015f, s\u00fcrg\u00fcn ve k\u0131y\u0131mlar hep bu s\u00fcre\u00e7te.  \u015eamilo\u011flu bize Karaba\u011f\u2019da ba\u015flayan ve t\u00fcm bu olaylar\u0131n aras\u0131nda yolunu bulmaya \u00e7al\u0131\u015fan ailesinin g\u00f6\u00e7lerle, sava\u015flarla, hapishanelerle bezeli \u00f6yk\u00fcs\u00fcn\u00fc ger\u00e7ek karakterler \u00fczerinden \u015fiirsel bir anlat\u0131mla sunuyor.\u00dc\u00e7 \u00e7ocu\u011fu, kar\u0131s\u0131 ve babas\u0131 bir anda yok edilen Ermeni Hagop\u2019un ac\u0131s\u0131yla, can\u0131ndan \u00e7ok sevdi\u011fi bebe\u011fi Albine ve gen\u00e7 kar\u0131s\u0131 Dina\u2019y\u0131 Karadeniz\u2019in karanl\u0131k sular\u0131na g\u00f6men \u00c7erkez Abrek\u2019in trajedisiyle, on be\u015f yolda\u015f\u0131 ve kar\u0131s\u0131 Maria ile \u00fclkesini i\u015fgal edenlere kar\u015f\u0131 sava\u015fmak i\u00e7in gelen ve pusuya d\u00fc\u015f\u00fcr\u00fclen Mustafa Suphi\u2019nin hayatlar\u0131yla kesi\u015fen G\u00fclsenemlilerin \u00f6yk\u00fcs\u00fc bu!   Hakan Tan\u0131tt\u0131ran <\/p>\n","protected":false},"excerpt":{"rendered":"<p>\u201cDedem diyor ki atalar\u0131n\u0131n adlar\u0131n\u0131, kim olduklar\u0131n\u0131 unutanlar, k\u00f6t\u00fcl\u00fck yapmaktan utanmazlarm\u0131\u015f. \u00c7\u00fcnk\u00fc o zaman insan\u0131n nas\u0131l biri oldu\u011funu ne \u00e7ocuklar\u0131 bilirmi\u015f ne de \u00e7ocuklar\u0131n\u0131n \u00e7ocuklar\u0131\u2026\u201d Cengiz<span class=\"excerpt-hellip\"> [\u2026]<\/span><\/p>\n","protected":false},"featured_media":0,"template":"","meta":{"_monsterinsights_skip_tracking":false,"_monsterinsights_sitenote_active":false,"_monsterinsights_sitenote_note":"","_monsterinsights_sitenote_category":0},"product_brand":[],"product_cat":[12291,12711],"product_tag":[],"class_list":{"0":"post-734402","1":"product","2":"type-product","3":"status-publish","5":"product_cat-edebiyat","6":"product_cat-roman-oyku","7":"pa_cilt-ciltsiz","8":"pa_tur-kitap","9":"pa_yayinevi-kalkedon-yayincilik","10":"pa_yazar-gursel-samiloglu","12":"first","13":"instock","14":"sale","15":"shipping-taxable","16":"purchasable","17":"product-type-simple"},"_links":{"self":[{"href":"https:\/\/roveyayinevi.com.tr\/index.php\/wp-json\/wp\/v2\/product\/734402","targetHints":{"allow":["GET"]}}],"collection":[{"href":"https:\/\/roveyayinevi.com.tr\/index.php\/wp-json\/wp\/v2\/product"}],"about":[{"href":"https:\/\/roveyayinevi.com.tr\/index.php\/wp-json\/wp\/v2\/types\/product"}],"wp:attachment":[{"href":"https:\/\/roveyayinevi.com.tr\/index.php\/wp-json\/wp\/v2\/media?parent=734402"}],"wp:term":[{"taxonomy":"product_brand","embeddable":true,"href":"https:\/\/roveyayinevi.com.tr\/index.php\/wp-json\/wp\/v2\/product_brand?post=734402"},{"taxonomy":"product_cat","embeddable":true,"href":"https:\/\/roveyayinevi.com.tr\/index.php\/wp-json\/wp\/v2\/product_cat?post=734402"},{"taxonomy":"product_tag","embeddable":true,"href":"https:\/\/roveyayinevi.com.tr\/index.php\/wp-json\/wp\/v2\/product_tag?post=734402"}],"curies":[{"name":"wp","href":"https:\/\/api.w.org\/{rel}","templated":true}]}}