{"id":734399,"date":"2025-08-27T22:27:22","date_gmt":"2025-08-27T19:27:22","guid":{"rendered":"https:\/\/roveyayinevi.com.tr\/index.php\/urun\/stoacilik\/"},"modified":"2026-04-16T02:42:07","modified_gmt":"2026-04-15T23:42:07","slug":"stoacilik","status":"publish","type":"product","link":"https:\/\/roveyayinevi.com.tr\/index.php\/urun\/stoacilik\/","title":{"rendered":"Stoac\u0131l\u0131k"},"content":{"rendered":"<p>Stoac\u0131lar, do\u011faya uygun bir ya\u015fam\u0131, insan\u0131n ula\u015fabilece\u011fi en y\u00fcksek ya\u015famla \u00f6zde\u015fle\u015ftirir. Do\u011fas\u0131 gere\u011fi ak\u0131l sahibi bir canl\u0131 olan insan\u0131n yapmas\u0131 gereken akla uygun ya\u015famakt\u0131r. Do\u011fan\u0131n yoluyla erdemin yolu ise birbirinden ayr\u0131 de\u011fildir. Stoac\u0131 d\u00fcstur, erdemli bir ya\u015fam s\u00fcrmek, do\u011faya ve\/veya akla uygun ya\u015famakt\u0131r. Aristoteles ve Platon i\u00e7in devletle ilgili olan mutluluk problemi, art\u0131k bireyle ilgilidir. B\u00f6ylece felsefe de Stoac\u0131lar i\u00e7in \u2018ya\u015fama sanat\u0131\u2019 h\u00e2line gelir. Bu kitap Stoac\u0131l\u0131\u011fa k\u0131sa bir giri\u015f yapmaktad\u0131r. Zenon\u2019dan Seneca\u2019ya, Cicero\u2019dan Epiktetus\u2019a bu kitap, Stoac\u0131l\u0131\u011f\u0131n etik, mant\u0131k, fizik ve retorik anlay\u0131\u015f\u0131n\u0131 ana hatlar\u0131yla sunmaktad\u0131r.<\/p>\n","protected":false},"excerpt":{"rendered":"<p>Stoac\u0131lar, do\u011faya uygun bir ya\u015fam\u0131, insan\u0131n ula\u015fabilece\u011fi en y\u00fcksek ya\u015famla \u00f6zde\u015fle\u015ftirir. Do\u011fas\u0131 gere\u011fi ak\u0131l sahibi bir canl\u0131 olan insan\u0131n yapmas\u0131 gereken akla uygun ya\u015famakt\u0131r. Do\u011fan\u0131n yoluyla<span class=\"excerpt-hellip\"> [\u2026]<\/span><\/p>\n","protected":false},"featured_media":0,"template":"","meta":{"_monsterinsights_skip_tracking":false,"_monsterinsights_sitenote_active":false,"_monsterinsights_sitenote_note":"","_monsterinsights_sitenote_category":0},"product_brand":[],"product_cat":[12388,15309],"product_tag":[],"class_list":{"0":"post-734399","1":"product","2":"type-product","3":"status-publish","5":"product_cat-felsefe","6":"product_cat-felsefi-akimlar","7":"pa_cilt-ciltsiz","8":"pa_tur-kitap","9":"pa_yayinevi-fol-kitap","10":"pa_yazar-st-george-stock","12":"first","13":"instock","14":"sale","15":"shipping-taxable","16":"purchasable","17":"product-type-simple"},"_links":{"self":[{"href":"https:\/\/roveyayinevi.com.tr\/index.php\/wp-json\/wp\/v2\/product\/734399","targetHints":{"allow":["GET"]}}],"collection":[{"href":"https:\/\/roveyayinevi.com.tr\/index.php\/wp-json\/wp\/v2\/product"}],"about":[{"href":"https:\/\/roveyayinevi.com.tr\/index.php\/wp-json\/wp\/v2\/types\/product"}],"wp:attachment":[{"href":"https:\/\/roveyayinevi.com.tr\/index.php\/wp-json\/wp\/v2\/media?parent=734399"}],"wp:term":[{"taxonomy":"product_brand","embeddable":true,"href":"https:\/\/roveyayinevi.com.tr\/index.php\/wp-json\/wp\/v2\/product_brand?post=734399"},{"taxonomy":"product_cat","embeddable":true,"href":"https:\/\/roveyayinevi.com.tr\/index.php\/wp-json\/wp\/v2\/product_cat?post=734399"},{"taxonomy":"product_tag","embeddable":true,"href":"https:\/\/roveyayinevi.com.tr\/index.php\/wp-json\/wp\/v2\/product_tag?post=734399"}],"curies":[{"name":"wp","href":"https:\/\/api.w.org\/{rel}","templated":true}]}}