{"id":734397,"date":"2025-08-27T22:27:20","date_gmt":"2025-08-27T19:27:20","guid":{"rendered":"https:\/\/roveyayinevi.com.tr\/index.php\/urun\/ortacag-felsefesi\/"},"modified":"2026-04-16T02:42:06","modified_gmt":"2026-04-15T23:42:06","slug":"ortacag-felsefesi","status":"publish","type":"product","link":"https:\/\/roveyayinevi.com.tr\/index.php\/urun\/ortacag-felsefesi\/","title":{"rendered":"Orta\u00e7a\u011f Felsefesi"},"content":{"rendered":"<p>Bu kitap Orta\u00e7a\u011f felsefesine ve Skolastik d\u00fc\u015f\u00fcnceye giri\u015f niteli\u011findedir. Felsefenin bin y\u0131ldan fazla bir s\u00fcre \u2018karanl\u0131k \u00e7a\u011flar\u2019\u0131 ya\u015fad\u0131\u011f\u0131na, hatta Aziz Augustinus\u2019tan Francis Bacon\u2019a kadar, bir trans halinde oldu\u011funa inan\u0131ld\u0131. Oysa bug\u00fcn modern zihin kendi kal\u0131plar\u0131ndan \u00e7\u0131karak bu \u00e7a\u011flara yakla\u015fmay\u0131 \u00f6\u011freniyor. Modern d\u00fc\u015f\u00fcnce hafife alsa da, b\u00fct\u00fcn Orta\u00e7a\u011f felsefesi madde ve form aras\u0131ndaki ayr\u0131ma dayan\u0131r. Orta\u00e7a\u011f d\u00fc\u015f\u00fcnceSsine y\u00f6n veren t\u00f6z ve ilinek ayr\u0131m\u0131, ilk madde, yeti psikolojisi ve bireyle\u015fme ilkesi bu kitapta tart\u0131\u015f\u0131lan konulardand\u0131r. Skolastik d\u00fc\u015f\u00fcncenin k\u00f6kenleri, ortak \u00f6zellikleri ve \u00e7\u00f6k\u00fc\u015f\u00fcn\u00fc anlamak isteyen okur i\u00e7in bu kitap k\u0131lavuz niteli\u011findedir.<\/p>\n","protected":false},"excerpt":{"rendered":"<p>Bu kitap Orta\u00e7a\u011f felsefesine ve Skolastik d\u00fc\u015f\u00fcnceye giri\u015f niteli\u011findedir. Felsefenin bin y\u0131ldan fazla bir s\u00fcre \u2018karanl\u0131k \u00e7a\u011flar\u2019\u0131 ya\u015fad\u0131\u011f\u0131na, hatta Aziz Augustinus\u2019tan Francis Bacon\u2019a kadar, bir trans<span class=\"excerpt-hellip\"> [\u2026]<\/span><\/p>\n","protected":false},"featured_media":0,"template":"","meta":{"_monsterinsights_skip_tracking":false,"_monsterinsights_sitenote_active":false,"_monsterinsights_sitenote_note":"","_monsterinsights_sitenote_category":0},"product_brand":[],"product_cat":[12388,14717],"product_tag":[],"class_list":{"0":"post-734397","1":"product","2":"type-product","3":"status-publish","5":"product_cat-felsefe","6":"product_cat-felsefe-tarihi","7":"pa_cilt-ciltsiz","8":"pa_tur-kitap","9":"pa_yayinevi-fol-kitap","10":"pa_yazar-joseph-rickaby","12":"first","13":"instock","14":"sale","15":"shipping-taxable","16":"purchasable","17":"product-type-simple"},"_links":{"self":[{"href":"https:\/\/roveyayinevi.com.tr\/index.php\/wp-json\/wp\/v2\/product\/734397","targetHints":{"allow":["GET"]}}],"collection":[{"href":"https:\/\/roveyayinevi.com.tr\/index.php\/wp-json\/wp\/v2\/product"}],"about":[{"href":"https:\/\/roveyayinevi.com.tr\/index.php\/wp-json\/wp\/v2\/types\/product"}],"wp:attachment":[{"href":"https:\/\/roveyayinevi.com.tr\/index.php\/wp-json\/wp\/v2\/media?parent=734397"}],"wp:term":[{"taxonomy":"product_brand","embeddable":true,"href":"https:\/\/roveyayinevi.com.tr\/index.php\/wp-json\/wp\/v2\/product_brand?post=734397"},{"taxonomy":"product_cat","embeddable":true,"href":"https:\/\/roveyayinevi.com.tr\/index.php\/wp-json\/wp\/v2\/product_cat?post=734397"},{"taxonomy":"product_tag","embeddable":true,"href":"https:\/\/roveyayinevi.com.tr\/index.php\/wp-json\/wp\/v2\/product_tag?post=734397"}],"curies":[{"name":"wp","href":"https:\/\/api.w.org\/{rel}","templated":true}]}}