{"id":734395,"date":"2025-08-27T22:27:18","date_gmt":"2025-08-27T19:27:18","guid":{"rendered":"https:\/\/roveyayinevi.com.tr\/index.php\/urun\/erken-yunan-felsefesi\/"},"modified":"2026-04-16T02:42:06","modified_gmt":"2026-04-15T23:42:06","slug":"erken-yunan-felsefesi","status":"publish","type":"product","link":"https:\/\/roveyayinevi.com.tr\/index.php\/urun\/erken-yunan-felsefesi\/","title":{"rendered":"Erken Yunan Felsefesi"},"content":{"rendered":"<p>Alfred William Benn bu kitab\u0131nda, Antik \u00e7a\u011fdaki Bat\u0131 Anadolu bilgelerinden ba\u015flayarak, Do\u011fa d\u00fc\u015f\u00fcn\u00fcrlerinin, Sofistlerin ve Sokrates\u2019in \u00e7al\u0131\u015fmalar\u0131n\u0131n ana hatlar\u0131n\u0131 vermektedir. Yazar, Antik d\u00f6nem felsefi d\u00fc\u015f\u00fcncesini teknik olmayan yal\u0131n bir dille sunmaktad\u0131r. Miletli filozoflar Anaksimandros ve Anaksimenes\u2019in arkhe anlay\u0131\u015flar\u0131, Pythagoras Okulunda matematik ve do\u011fa ili\u015fkisi, Herakleitos\u2019un ate\u015f, ak\u0131\u015f ve logos \u00f6\u011fretisi, Parmenides\u2019in varl\u0131k anlay\u0131\u015f\u0131 bu kitapta ele al\u0131nan baz\u0131 konulardand\u0131r. Thales\u2019ten Sokrates\u2019e Erken Yunan Felsefesi \u00f6\u011fretilerine giri\u015f yapmak isteyen okur i\u00e7in bu kitap k\u0131lavuz niteli\u011findedir.<\/p>\n","protected":false},"excerpt":{"rendered":"<p>Alfred William Benn bu kitab\u0131nda, Antik \u00e7a\u011fdaki Bat\u0131 Anadolu bilgelerinden ba\u015flayarak, Do\u011fa d\u00fc\u015f\u00fcn\u00fcrlerinin, Sofistlerin ve Sokrates\u2019in \u00e7al\u0131\u015fmalar\u0131n\u0131n ana hatlar\u0131n\u0131 vermektedir. Yazar, Antik d\u00f6nem felsefi d\u00fc\u015f\u00fcncesini teknik<span class=\"excerpt-hellip\"> [\u2026]<\/span><\/p>\n","protected":false},"featured_media":0,"template":"","meta":{"_monsterinsights_skip_tracking":false,"_monsterinsights_sitenote_active":false,"_monsterinsights_sitenote_note":"","_monsterinsights_sitenote_category":0},"product_brand":[],"product_cat":[12388,14717],"product_tag":[],"class_list":{"0":"post-734395","1":"product","2":"type-product","3":"status-publish","5":"product_cat-felsefe","6":"product_cat-felsefe-tarihi","7":"pa_cilt-ciltsiz","8":"pa_tur-kitap","9":"pa_yayinevi-fol-kitap","10":"pa_yazar-alfred-william-benn","12":"first","13":"instock","14":"sale","15":"shipping-taxable","16":"purchasable","17":"product-type-simple"},"_links":{"self":[{"href":"https:\/\/roveyayinevi.com.tr\/index.php\/wp-json\/wp\/v2\/product\/734395","targetHints":{"allow":["GET"]}}],"collection":[{"href":"https:\/\/roveyayinevi.com.tr\/index.php\/wp-json\/wp\/v2\/product"}],"about":[{"href":"https:\/\/roveyayinevi.com.tr\/index.php\/wp-json\/wp\/v2\/types\/product"}],"wp:attachment":[{"href":"https:\/\/roveyayinevi.com.tr\/index.php\/wp-json\/wp\/v2\/media?parent=734395"}],"wp:term":[{"taxonomy":"product_brand","embeddable":true,"href":"https:\/\/roveyayinevi.com.tr\/index.php\/wp-json\/wp\/v2\/product_brand?post=734395"},{"taxonomy":"product_cat","embeddable":true,"href":"https:\/\/roveyayinevi.com.tr\/index.php\/wp-json\/wp\/v2\/product_cat?post=734395"},{"taxonomy":"product_tag","embeddable":true,"href":"https:\/\/roveyayinevi.com.tr\/index.php\/wp-json\/wp\/v2\/product_tag?post=734395"}],"curies":[{"name":"wp","href":"https:\/\/api.w.org\/{rel}","templated":true}]}}