{"id":734394,"date":"2025-08-27T22:27:17","date_gmt":"2025-08-27T19:27:17","guid":{"rendered":"https:\/\/roveyayinevi.com.tr\/index.php\/urun\/bilim-ve-sarlatanlik\/"},"modified":"2026-04-16T02:42:06","modified_gmt":"2026-04-15T23:42:06","slug":"bilim-ve-sarlatanlik","status":"publish","type":"product","link":"https:\/\/roveyayinevi.com.tr\/index.php\/urun\/bilim-ve-sarlatanlik\/","title":{"rendered":"Bilim ve \u015earlatanl\u0131k"},"content":{"rendered":"<p>Bu kitap, \u015farlatanlar ile d\u00e2hilerin bitmek bilmez kavgas\u0131n\u0131n \u00f6yk\u00fcs\u00fcn\u00fc anlat\u0131yor. Neye \u2018inanman\u0131z\u2019 de\u011fil, neye \u2018inanmaman\u0131z\u2019 gerekti\u011fini bilim tarihinin en \u2018\u00f6zel\u2019 \u00f6rnekleriyle sunuyor. \u015earlatan kimdir? Bir bilim insan\u0131 ile \u015farlatan\u0131 nas\u0131l ay\u0131rt ederiz? Peki astronomlar; ne s\u00f6yleseler inanmal\u0131 m\u0131? Mars\u2019ta hayat var m\u0131? Ya d\u00fcnya, ger\u00e7ekten de d\u00fcz olamaz m\u0131? Bur\u00e7lar ya da Ven\u00fcs ger\u00e7ekten de kalbimize y\u00f6n verebilirler mi? Paranormal olaylar ger\u00e7ek olamaz m\u0131? Pasteur\u2019den Koch\u2019a, Eric von Daniken\u2019den Zakkumcu Doktora; alternatif t\u0131p \u015farlatanlar\u0131ndan \u00e7ubuk ile su bulmaya elinizdeki kitap; k\u00f6kleri ve omurgas\u0131 ile patolojik bir bilim tarihi okumas\u0131 sunmaktad\u0131r. \u015e\u00fcpheci yarat\u0131l\u0131\u015fa bir ad\u0131m daha yakla\u015fmak ve dogmatik uykular\u0131m\u0131zdan uyanmam\u0131z bu kitab\u0131n en b\u00fcy\u00fck dile\u011fidir.<\/p>\n","protected":false},"excerpt":{"rendered":"<p>Bu kitap, \u015farlatanlar ile d\u00e2hilerin bitmek bilmez kavgas\u0131n\u0131n \u00f6yk\u00fcs\u00fcn\u00fc anlat\u0131yor. Neye \u2018inanman\u0131z\u2019 de\u011fil, neye \u2018inanmaman\u0131z\u2019 gerekti\u011fini bilim tarihinin en \u2018\u00f6zel\u2019 \u00f6rnekleriyle sunuyor. \u015earlatan kimdir? Bir bilim<span class=\"excerpt-hellip\"> [\u2026]<\/span><\/p>\n","protected":false},"featured_media":0,"template":"","meta":{"_monsterinsights_skip_tracking":false,"_monsterinsights_sitenote_active":false,"_monsterinsights_sitenote_note":"","_monsterinsights_sitenote_category":0},"product_brand":[],"product_cat":[13005,15998],"product_tag":[],"class_list":{"0":"post-734394","1":"product","2":"type-product","3":"status-publish","5":"product_cat-bilim-muhendislik","6":"product_cat-bilim-tarihi","7":"pa_cilt-ciltsiz","8":"pa_tur-kitap","9":"pa_yayinevi-fol-kitap","10":"pa_yazar-huseyin-batuhan","12":"first","13":"instock","14":"sale","15":"shipping-taxable","16":"purchasable","17":"product-type-simple"},"_links":{"self":[{"href":"https:\/\/roveyayinevi.com.tr\/index.php\/wp-json\/wp\/v2\/product\/734394","targetHints":{"allow":["GET"]}}],"collection":[{"href":"https:\/\/roveyayinevi.com.tr\/index.php\/wp-json\/wp\/v2\/product"}],"about":[{"href":"https:\/\/roveyayinevi.com.tr\/index.php\/wp-json\/wp\/v2\/types\/product"}],"wp:attachment":[{"href":"https:\/\/roveyayinevi.com.tr\/index.php\/wp-json\/wp\/v2\/media?parent=734394"}],"wp:term":[{"taxonomy":"product_brand","embeddable":true,"href":"https:\/\/roveyayinevi.com.tr\/index.php\/wp-json\/wp\/v2\/product_brand?post=734394"},{"taxonomy":"product_cat","embeddable":true,"href":"https:\/\/roveyayinevi.com.tr\/index.php\/wp-json\/wp\/v2\/product_cat?post=734394"},{"taxonomy":"product_tag","embeddable":true,"href":"https:\/\/roveyayinevi.com.tr\/index.php\/wp-json\/wp\/v2\/product_tag?post=734394"}],"curies":[{"name":"wp","href":"https:\/\/api.w.org\/{rel}","templated":true}]}}