{"id":734392,"date":"2025-08-27T22:27:16","date_gmt":"2025-08-27T19:27:16","guid":{"rendered":"https:\/\/roveyayinevi.com.tr\/index.php\/urun\/hurafeler\/"},"modified":"2026-04-16T02:42:06","modified_gmt":"2026-04-15T23:42:06","slug":"hurafeler","status":"publish","type":"product","link":"https:\/\/roveyayinevi.com.tr\/index.php\/urun\/hurafeler\/","title":{"rendered":"Hurafeler"},"content":{"rendered":"<p>\u201cAtat\u00fcrk\u2019e Y\u00f6nelik Kara Propaganda!\u201d\u2026 \u00e7al\u0131\u015fmaya bu ba\u015fl\u0131\u011f\u0131 vermek bizim i\u00e7in her ne kadar \u00fcz\u00fcc\u00fc olsa da tarih\u00ee misyon, mill\u00ee g\u00f6rev ve Ata\u2019ya olan minnet borcumuz gere\u011fi bu propaganday\u0131 organize edenleri de\u015fifre etmek ad\u0131na elzem bir ba\u015fl\u0131k oldu\u011funa inan\u0131yoruz. \u201cHurafeler\u201d ise propagandan\u0131n sonucu ortaya \u00e7\u0131kan efsaneler ve yalanlar yuma\u011f\u0131d\u0131r. 1940\u2019l\u0131 y\u0131llardan beri Atat\u00fcrk\u2019e kar\u015f\u0131 sistemli ve bilin\u00e7li \u015fekilde y\u00fcr\u00fct\u00fclen kara propagandan\u0131n temelinde; Ata\u2019n\u0131n \u015fahsiyetini, kimli\u011fini, karakterini, ailesini, \u00f6zel hayat\u0131n\u0131, inan\u00e7lar\u0131n\u0131, mesleki hayat\u0131n\u0131 ve \u00f6mr\u00fcn\u00fc adayarak milleti i\u00e7in in\u015fa etti\u011fi Cumhuriyet\u2019i ve Cumhuriyet devrimlerini; bilerek ve isteyerek \u201cbel alt\u0131ndan\u201d vurmak suretiyle \u201citibars\u0131zla\u015ft\u0131rma, k\u00fc\u00e7\u00fcltme, ya\u015fanan olaylar\u0131 \u00e7arp\u0131tma, ki\u015fi ve ki\u015fileri oldu\u011fundan farkl\u0131 g\u00f6sterme\u201d gayreti yatmaktad\u0131r. \u00dcz\u00fcc\u00fc olan \u015fudur ki Atat\u00fcrk\u2019e y\u00f6nelik alg\u0131 operasyonu ve kara propaganda sonucunda \u00fcretilen efsanelere, uydurma hik\u00e2yelere, safsatalara ve hurafelere toplumun belli bir k\u0131sm\u0131 inanmaktad\u0131r. Atat\u00fcrk d\u00f6neminde camilerin ah\u0131r yap\u0131ld\u0131\u011f\u0131 mevzusundan tutun Kur\u2019an-\u0131 Kerim okuman\u0131n yasakland\u0131\u011f\u0131na, Atat\u00fcrk\u2019\u00fcn \u0130ngiliz ajan\u0131 oldu\u011fundan validesi Z\u00fcbeyde Han\u0131m\u2019a at\u0131lan iftiralara, Kurtulu\u015f Sava\u015f\u0131 diye bir sava\u015f olmad\u0131\u011f\u0131ndan \u015fapka takmad\u0131\u011f\u0131 i\u00e7in idam edildi\u011fi s\u00f6ylenen din adamlar\u0131na kadar akla, vicdana, ahlaka s\u0131\u011fmayacak onlarca hurafe, onlarca yalan, onlarca iftira\u2026 Elinizdeki bu kitap, T\u00fcrkiye Cumhuriyeti\u2019nin kurucusu Gazi Mustafa Kemal Atat\u00fcrk\u2019e y\u00f6nelik sistemli ve bilin\u00e7li bir \u015fekilde s\u00fcrd\u00fcr\u00fclen psikolojik sava\u015f ve kara propaganday\u0131 tek tek de\u015fifre etmek amac\u0131yla haz\u0131rlanm\u0131\u015f, tamam\u0131 kaynaklara ve ar\u015fiv belgelerine dayal\u0131 bir de\u015fifre \u00e7al\u0131\u015fmas\u0131d\u0131r.<\/p>\n","protected":false},"excerpt":{"rendered":"<p>\u201cAtat\u00fcrk\u2019e Y\u00f6nelik Kara Propaganda!\u201d\u2026 \u00e7al\u0131\u015fmaya bu ba\u015fl\u0131\u011f\u0131 vermek bizim i\u00e7in her ne kadar \u00fcz\u00fcc\u00fc olsa da tarih\u00ee misyon, mill\u00ee g\u00f6rev ve Ata\u2019ya olan minnet borcumuz gere\u011fi<span class=\"excerpt-hellip\"> [\u2026]<\/span><\/p>\n","protected":false},"featured_media":0,"template":"","meta":{"_monsterinsights_skip_tracking":false,"_monsterinsights_sitenote_active":false,"_monsterinsights_sitenote_note":"","_monsterinsights_sitenote_category":0},"product_brand":[],"product_cat":[13590,12337],"product_tag":[],"class_list":{"0":"post-734392","1":"product","2":"type-product","3":"status-publish","5":"product_cat-arastirma-inceleme-politika-siyaset","6":"product_cat-politika-siyaset","7":"pa_cilt-ciltsiz","8":"pa_tur-kitap","9":"pa_yayinevi-kripto-basim-yayin","10":"pa_yazar-umit-dogan","12":"first","13":"instock","14":"sale","15":"shipping-taxable","16":"purchasable","17":"product-type-simple"},"_links":{"self":[{"href":"https:\/\/roveyayinevi.com.tr\/index.php\/wp-json\/wp\/v2\/product\/734392","targetHints":{"allow":["GET"]}}],"collection":[{"href":"https:\/\/roveyayinevi.com.tr\/index.php\/wp-json\/wp\/v2\/product"}],"about":[{"href":"https:\/\/roveyayinevi.com.tr\/index.php\/wp-json\/wp\/v2\/types\/product"}],"wp:attachment":[{"href":"https:\/\/roveyayinevi.com.tr\/index.php\/wp-json\/wp\/v2\/media?parent=734392"}],"wp:term":[{"taxonomy":"product_brand","embeddable":true,"href":"https:\/\/roveyayinevi.com.tr\/index.php\/wp-json\/wp\/v2\/product_brand?post=734392"},{"taxonomy":"product_cat","embeddable":true,"href":"https:\/\/roveyayinevi.com.tr\/index.php\/wp-json\/wp\/v2\/product_cat?post=734392"},{"taxonomy":"product_tag","embeddable":true,"href":"https:\/\/roveyayinevi.com.tr\/index.php\/wp-json\/wp\/v2\/product_tag?post=734392"}],"curies":[{"name":"wp","href":"https:\/\/api.w.org\/{rel}","templated":true}]}}