{"id":734387,"date":"2025-08-27T22:27:10","date_gmt":"2025-08-27T19:27:10","guid":{"rendered":"https:\/\/roveyayinevi.com.tr\/index.php\/urun\/kerim-ya-da-zalim\/"},"modified":"2026-04-16T02:42:06","modified_gmt":"2026-04-15T23:42:06","slug":"kerim-ya-da-zalim","status":"publish","type":"product","link":"https:\/\/roveyayinevi.com.tr\/index.php\/urun\/kerim-ya-da-zalim\/","title":{"rendered":"Kerim ya da Zalim"},"content":{"rendered":"<p>Elinizdeki derlemeyi olu\u015fturan metinlerin hepsine; Osmanl\u0131 devlet ve toplum yap\u0131s\u0131 tart\u0131\u015fmalar\u0131n\u0131 yeniden sorunsalla\u015ft\u0131rman\u0131n getirdi\u011fi, bir b\u00fct\u00fcn olarak 1960\u2019lar\u0131n politik ba\u011flam\u0131n\u0131 yeniden sorunsalla\u015ft\u0131rman\u0131n ya da tam tersine bu ba\u011flama gark olman\u0131n kokusu sinmi\u015ftir.Osmanl\u0131 devlet ve toplum yap\u0131s\u0131 tart\u0131\u015fmalar\u0131n\u0131 gerekli olgunlu\u011fa eri\u015femeden kesiliveren patikalar olarak g\u00f6rmek gerekir. B\u00f6yle bak\u0131ld\u0131\u011f\u0131nda, tart\u0131\u015fmalar i\u00e7erisinde kaleme al\u0131nan eserler, Cumhuriyet d\u00f6neminde ya\u015fanan politik, k\u00fclt\u00fcrel ya da sosyal sorunlar\u0131n k\u00f6kenini Osmanl\u0131 toplumsal yap\u0131s\u0131nda arama y\u00f6nelimlerinden dolay\u0131, \u00fclkenin tarihsel sosyoloji literat\u00fcr\u00fcn\u00fcn ilk \u00f6rnekleri haline gelirler.A\u00e7\u0131lan patikalar bir yan\u0131yla b\u00fcy\u00fck \u00f6l\u00e7\u00fcde kapanm\u0131\u015f olup, bir di\u011fer yan\u0131yla \u00f6nemli vukuflar i\u00e7ermektedir. Dolay\u0131s\u0131yla bu metinlerle kurulacak ele\u015ftirel bir diyalog, tarihsel sosyolojinin kendini kuramsalla\u015ft\u0131rmas\u0131 ve kurumsalla\u015ft\u0131rmas\u0131 a\u00e7\u0131s\u0131ndan elzemdir. Bu elzem mefhuma gerekli olan na\u00e7izane katk\u0131 -e\u011fer varsa- elinizdeki kitapta yer almaktad\u0131r.<\/p>\n","protected":false},"excerpt":{"rendered":"<p>Elinizdeki derlemeyi olu\u015fturan metinlerin hepsine; Osmanl\u0131 devlet ve toplum yap\u0131s\u0131 tart\u0131\u015fmalar\u0131n\u0131 yeniden sorunsalla\u015ft\u0131rman\u0131n getirdi\u011fi, bir b\u00fct\u00fcn olarak 1960\u2019lar\u0131n politik ba\u011flam\u0131n\u0131 yeniden sorunsalla\u015ft\u0131rman\u0131n ya da tam tersine<span class=\"excerpt-hellip\"> [\u2026]<\/span><\/p>\n","protected":false},"featured_media":0,"template":"","meta":{"_monsterinsights_skip_tracking":false,"_monsterinsights_sitenote_active":false,"_monsterinsights_sitenote_note":"","_monsterinsights_sitenote_category":0},"product_brand":[],"product_cat":[12325,12324],"product_tag":[],"class_list":{"0":"post-734387","1":"product","2":"type-product","3":"status-publish","5":"product_cat-diger-sosyoloji","6":"product_cat-sosyoloji","7":"pa_cilt-ciltsiz","8":"pa_tur-kitap","9":"pa_yayinevi-phoenix-yayinevi","10":"pa_yazar-phoenix-yayinevi-kolektif","12":"first","13":"instock","14":"sale","15":"shipping-taxable","16":"purchasable","17":"product-type-simple"},"_links":{"self":[{"href":"https:\/\/roveyayinevi.com.tr\/index.php\/wp-json\/wp\/v2\/product\/734387","targetHints":{"allow":["GET"]}}],"collection":[{"href":"https:\/\/roveyayinevi.com.tr\/index.php\/wp-json\/wp\/v2\/product"}],"about":[{"href":"https:\/\/roveyayinevi.com.tr\/index.php\/wp-json\/wp\/v2\/types\/product"}],"wp:attachment":[{"href":"https:\/\/roveyayinevi.com.tr\/index.php\/wp-json\/wp\/v2\/media?parent=734387"}],"wp:term":[{"taxonomy":"product_brand","embeddable":true,"href":"https:\/\/roveyayinevi.com.tr\/index.php\/wp-json\/wp\/v2\/product_brand?post=734387"},{"taxonomy":"product_cat","embeddable":true,"href":"https:\/\/roveyayinevi.com.tr\/index.php\/wp-json\/wp\/v2\/product_cat?post=734387"},{"taxonomy":"product_tag","embeddable":true,"href":"https:\/\/roveyayinevi.com.tr\/index.php\/wp-json\/wp\/v2\/product_tag?post=734387"}],"curies":[{"name":"wp","href":"https:\/\/api.w.org\/{rel}","templated":true}]}}