{"id":734385,"date":"2025-08-27T22:27:08","date_gmt":"2025-08-27T19:27:08","guid":{"rendered":"https:\/\/roveyayinevi.com.tr\/index.php\/urun\/boyle-bir-dunyaya-cocuk-getirmek\/"},"modified":"2026-04-16T02:42:06","modified_gmt":"2026-04-15T23:42:06","slug":"boyle-bir-dunyaya-cocuk-getirmek","status":"publish","type":"product","link":"https:\/\/roveyayinevi.com.tr\/index.php\/urun\/boyle-bir-dunyaya-cocuk-getirmek\/","title":{"rendered":"B\u00f6yle Bir D\u00fcnyaya \u00c7ocuk Getirmek"},"content":{"rendered":"<p>B\u00f6yle Bir D\u00fcnyaya \u00c7ocuk Getirmek Umut Nedir? Umutsuz muyuz? Umut Ne Yapabilir? Nas\u0131l Daha \u0130yi Umut Edebiliriz? Ne Umut Edebiliriz? Yeti\u015fkinlerin s\u0131k s\u0131k i\u00e7ine d\u00fc\u015ft\u00fc\u011f\u00fc bir ikilem vard\u0131r: \u201cB\u00f6yle bir d\u00fcnyaya \u00e7ocuk getirmek istemiyorum\u201d diyenler ger\u00e7ekten hakl\u0131 m\u0131d\u0131r? Yoksa d\u00fcnya t\u00fcm felaketlerine ra\u011fmen ya\u015fanmaya de\u011fer bir yer midir?    Yazar Tom Whyman\u2019\u0131n g\u00fcncesinden sat\u0131rlarla a\u00e7\u0131l\u0131yor kitap. \u201cBug\u00fcn seni ilk kez g\u00f6rd\u00fcm.\u201d Y\u0131llar sonra evlad\u0131na sunabilece\u011fi bir mektubu and\u0131ran sat\u0131rlar\u0131, can al\u0131c\u0131 bir soruyla sonlan\u0131yor: \u201cSenin i\u00e7in, veyahut seninle birlikte do\u011fanlar i\u00e7in, mutlu bir hayat m\u00fcmk\u00fcn olabilir mi?\u201d Kolay bir soru de\u011fil bu. Zaten, tam da bu soruyla cebelle\u015fmek i\u00e7in yaz\u0131lan bir kitap var elinizde. Yazar bir yandan kendi i\u00e7ine d\u00f6nerek ebeveyn olman\u0131n ahlaki ve vicdani sorumluluklar\u0131yla y\u00fczle\u015firken; di\u011fer yandan Immanuel Kant\u2019tan Theodor Adorno\u2019ya, Walter Benjamin\u2019den Mark Fisher\u2019a, Jean Rhys\u2019den Kafka\u2019ya kadar pek \u00e7ok yazar ve d\u00fc\u015f\u00fcn\u00fcre ba\u015fvurdu\u011fu azametli bir soru\u015fturma y\u00fcr\u00fct\u00fcyor. Nihai olarak cevap aranan sorular sabit: Umut nedir? Umutsuz muyuz? Umut ne yapabilir? Nas\u0131l daha iyi umut edebiliriz? Ne umut edebiliriz?   Gelir adaletsizli\u011finin ve ge\u00e7im s\u0131k\u0131nt\u0131lar\u0131n\u0131n e\u015fi benzeri g\u00f6r\u00fclmemi\u015f bir noktaya geldi\u011fi, iklim krizinin etkilerinin hi\u00e7 olmad\u0131\u011f\u0131 kadar hissedildi\u011fi, \u00e7ekmecesinde n\u00fckleer f\u00fcze f\u0131rlatma tu\u015fu bulunan tak\u0131m elbiseli boomer\u2019lar\u0131n d\u00fcnya lideri oldu\u011fu bir \u00e7a\u011fda, ku\u015faklar\u0131n en \u00e7ilelisi ve en anksiyetelisi olan milenyaller ve onlar\u0131n evlatlar\u0131 i\u00e7in umut var m\u0131 ger\u00e7ekten? G\u00fcn\u00fcm\u00fczde bir hayli kafa yorulan bu konu \u00fczerine kulak mollal\u0131\u011f\u0131ndan ibaret esnaf kitaplar\u0131 \u00e7ok\u00e7a yaz\u0131l\u0131yor. Ancak birinci elden, samimi ve dolu bir diyaloga denk gelmek nadiren m\u00fcmk\u00fcn olabiliyor. Elinizde tuttu\u011funuz kitap, \u015f\u00fcphesiz onlardan biri.    B\u00f6yle Bir D\u00fcnyaya \u00c7ocuk Getirmek, \u00e7a\u011f\u0131n berbat hallerinin en can s\u0131k\u0131c\u0131 \u015fekillerde tezah\u00fcr etti\u011fi \u00fclkemiz sakinleri i\u00e7in ka\u00e7\u0131r\u0131lmamas\u0131 gereken bir umut ko\u015fusu. Sadece potansiyel\/yeni ebeveynlerin de\u011fil, herhangi bir gen\u00e7 ya da yeti\u015fkinin rahatl\u0131kla okuyabilece\u011fi ve kendisi i\u00e7in bir \u015feyler bulabilece\u011fi bir eser.<\/p>\n","protected":false},"excerpt":{"rendered":"<p>B\u00f6yle Bir D\u00fcnyaya \u00c7ocuk Getirmek Umut Nedir? Umutsuz muyuz? Umut Ne Yapabilir? Nas\u0131l Daha \u0130yi Umut Edebiliriz? Ne Umut Edebiliriz? Yeti\u015fkinlerin s\u0131k s\u0131k i\u00e7ine d\u00fc\u015ft\u00fc\u011f\u00fc bir<span class=\"excerpt-hellip\"> [\u2026]<\/span><\/p>\n","protected":false},"featured_media":0,"template":"","meta":{"_monsterinsights_skip_tracking":false,"_monsterinsights_sitenote_active":false,"_monsterinsights_sitenote_note":"","_monsterinsights_sitenote_category":0},"product_brand":[],"product_cat":[17996,12364],"product_tag":[],"class_list":{"0":"post-734385","1":"product","2":"type-product","3":"status-publish","5":"product_cat-ebeveyn-kitaplari","6":"product_cat-genel-konular","7":"pa_cilt-ciltsiz","8":"pa_tur-kitap","9":"pa_yayinevi-okuyan-us-yayin","10":"pa_yazar-tom-whyman","12":"first","13":"instock","14":"sale","15":"shipping-taxable","16":"purchasable","17":"product-type-simple"},"_links":{"self":[{"href":"https:\/\/roveyayinevi.com.tr\/index.php\/wp-json\/wp\/v2\/product\/734385","targetHints":{"allow":["GET"]}}],"collection":[{"href":"https:\/\/roveyayinevi.com.tr\/index.php\/wp-json\/wp\/v2\/product"}],"about":[{"href":"https:\/\/roveyayinevi.com.tr\/index.php\/wp-json\/wp\/v2\/types\/product"}],"wp:attachment":[{"href":"https:\/\/roveyayinevi.com.tr\/index.php\/wp-json\/wp\/v2\/media?parent=734385"}],"wp:term":[{"taxonomy":"product_brand","embeddable":true,"href":"https:\/\/roveyayinevi.com.tr\/index.php\/wp-json\/wp\/v2\/product_brand?post=734385"},{"taxonomy":"product_cat","embeddable":true,"href":"https:\/\/roveyayinevi.com.tr\/index.php\/wp-json\/wp\/v2\/product_cat?post=734385"},{"taxonomy":"product_tag","embeddable":true,"href":"https:\/\/roveyayinevi.com.tr\/index.php\/wp-json\/wp\/v2\/product_tag?post=734385"}],"curies":[{"name":"wp","href":"https:\/\/api.w.org\/{rel}","templated":true}]}}