{"id":734380,"date":"2025-08-27T22:27:01","date_gmt":"2025-08-27T19:27:01","guid":{"rendered":"https:\/\/roveyayinevi.com.tr\/index.php\/urun\/cocuklar-icin-yunus-emre\/"},"modified":"2026-04-16T02:42:06","modified_gmt":"2026-04-15T23:42:06","slug":"cocuklar-icin-yunus-emre","status":"publish","type":"product","link":"https:\/\/roveyayinevi.com.tr\/index.php\/urun\/cocuklar-icin-yunus-emre\/","title":{"rendered":"\u00c7ocuklar \u0130\u00e7in Yunus Emre"},"content":{"rendered":"<p>Sevgili \u00e7ocuklar, Bu kitapta Anadolu\u2019nun \u201cSevgi \u00e7i\u00e7e\u011fi\u201d Yunus Emre\u2019mizin \u00f6rnek hayat\u0131 anlat\u0131l\u0131yor.    Y\u00fcce kitab\u0131m\u0131z Kur\u2019an-\u0131 Kerim\u2019den al\u0131nm\u0131\u015f derslerle \u201c\u00f6rnek bir insan\u201d modeli hik\u00e2yele\u015ftiriliyor.   Sevgili Peygamberimizin hadislerinden esinlenilmi\u015f Yunus Emre \u015fiirleri ile g\u00fczel dinimizi \u00f6\u011frenme imk\u00e2n\u0131 sunuluyor. Haydi de\u011ferli \u00e7ocuklar, Bu g\u00fczel hik\u00e2yeyi hemen okuyal\u0131m. \u0130yi okumalar\u2026 <\/p>\n","protected":false},"excerpt":{"rendered":"<p>Sevgili \u00e7ocuklar, Bu kitapta Anadolu\u2019nun \u201cSevgi \u00e7i\u00e7e\u011fi\u201d Yunus Emre\u2019mizin \u00f6rnek hayat\u0131 anlat\u0131l\u0131yor. Y\u00fcce kitab\u0131m\u0131z Kur\u2019an-\u0131 Kerim\u2019den al\u0131nm\u0131\u015f derslerle \u201c\u00f6rnek bir insan\u201d modeli hik\u00e2yele\u015ftiriliyor. Sevgili Peygamberimizin hadislerinden<span class=\"excerpt-hellip\"> [\u2026]<\/span><\/p>\n","protected":false},"featured_media":0,"template":"","meta":{"_monsterinsights_skip_tracking":false,"_monsterinsights_sitenote_active":false,"_monsterinsights_sitenote_note":"","_monsterinsights_sitenote_category":0},"product_brand":[],"product_cat":[12275,12274],"product_tag":[],"class_list":{"0":"post-734380","1":"product","2":"type-product","3":"status-publish","5":"product_cat-6-12-yas-kitaplari","6":"product_cat-cocuk-ve-genclik-kitaplari","7":"pa_cilt-ciltsiz","8":"pa_tur-kitap","9":"pa_yayinevi-nesil-cocuk-yayinlari","10":"pa_yazar-yilmaz-yenidinc","12":"first","13":"instock","14":"sale","15":"shipping-taxable","16":"purchasable","17":"product-type-simple"},"_links":{"self":[{"href":"https:\/\/roveyayinevi.com.tr\/index.php\/wp-json\/wp\/v2\/product\/734380","targetHints":{"allow":["GET"]}}],"collection":[{"href":"https:\/\/roveyayinevi.com.tr\/index.php\/wp-json\/wp\/v2\/product"}],"about":[{"href":"https:\/\/roveyayinevi.com.tr\/index.php\/wp-json\/wp\/v2\/types\/product"}],"wp:attachment":[{"href":"https:\/\/roveyayinevi.com.tr\/index.php\/wp-json\/wp\/v2\/media?parent=734380"}],"wp:term":[{"taxonomy":"product_brand","embeddable":true,"href":"https:\/\/roveyayinevi.com.tr\/index.php\/wp-json\/wp\/v2\/product_brand?post=734380"},{"taxonomy":"product_cat","embeddable":true,"href":"https:\/\/roveyayinevi.com.tr\/index.php\/wp-json\/wp\/v2\/product_cat?post=734380"},{"taxonomy":"product_tag","embeddable":true,"href":"https:\/\/roveyayinevi.com.tr\/index.php\/wp-json\/wp\/v2\/product_tag?post=734380"}],"curies":[{"name":"wp","href":"https:\/\/api.w.org\/{rel}","templated":true}]}}