{"id":734379,"date":"2025-08-27T22:27:00","date_gmt":"2025-08-27T19:27:00","guid":{"rendered":"https:\/\/roveyayinevi.com.tr\/index.php\/urun\/butun-oyunlariyla-shakespeare-ciltli\/"},"modified":"2026-02-28T03:02:22","modified_gmt":"2026-02-28T00:02:22","slug":"butun-oyunlariyla-shakespeare-ciltli","status":"publish","type":"product","link":"https:\/\/roveyayinevi.com.tr\/index.php\/urun\/butun-oyunlariyla-shakespeare-ciltli\/","title":{"rendered":"B\u00fct\u00fcn Oyunlar\u0131yla Shakespeare (Ciltli)"},"content":{"rendered":"<p>Romeo ve Juliet\u2019in talihsiz a\u015fk\u0131ndan Macbeth\u2019in karanl\u0131k h\u0131rslar\u0131na, Shakespeare\u2019in karakterleri ve oyunlar\u0131 d\u00fcnyaca tan\u0131n\u0131r. \u0130ngiliz edebiyat\u0131n\u0131n en \u00e7ok okunan yazar\u0131n\u0131n b\u00fct\u00fcn oyunlar\u0131ndan derlenen, muhte\u015fem \u00e7izimler ve unutulmayacak al\u0131nt\u0131larla s\u00fcsl\u00fc bu hik\u00e2ye koleksiyonu, Shakespeare\u2019in d\u00fcnyas\u0131yla tan\u0131\u015fmak i\u00e7in kusursuz bir ba\u015flang\u0131\u00e7.   Shakespeare\u2019in t\u00fcm oyunlar\u0131ndan derlenen, muhte\u015fem \u00e7izimler ve al\u0131nt\u0131larla dolu bu hik\u00e2ye koleksiyonu, Shakespeare\u2019e m\u00fckemmel bir giri\u015f niteli\u011findedir. Komedi, trajedi, a\u015fk ve b\u00fcy\u00fc dolu, d\u00fcnyan\u0131n en bilinen eserlerine imza atan, edebiyat\u0131n en b\u00fcy\u00fck yap\u0131 ta\u015flar\u0131ndan Shakespeare\u2019in d\u00fcnyas\u0131n\u0131 ke\u015ffederken, her hik\u00e2yenin ba\u015f\u0131nda ana karakterler hakk\u0131nda k\u0131sa bilgiler, oyundan \u00fcnl\u00fc ve unutulmaz al\u0131nt\u0131lar bulacaks\u0131n\u0131z. Hem \u00e7ocuklar hem de yeti\u015fkinler taraf\u0131ndan tekrar tekrar ba\u015fvurulacak ola\u011fan\u00fcst\u00fc bir koleksiyon.<\/p>\n","protected":false},"excerpt":{"rendered":"<p>Romeo ve Juliet\u2019in talihsiz a\u015fk\u0131ndan Macbeth\u2019in karanl\u0131k h\u0131rslar\u0131na, Shakespeare\u2019in karakterleri ve oyunlar\u0131 d\u00fcnyaca tan\u0131n\u0131r. \u0130ngiliz edebiyat\u0131n\u0131n en \u00e7ok okunan yazar\u0131n\u0131n b\u00fct\u00fcn oyunlar\u0131ndan derlenen, muhte\u015fem \u00e7izimler ve<span class=\"excerpt-hellip\"> [\u2026]<\/span><\/p>\n","protected":false},"featured_media":0,"template":"","meta":{"_monsterinsights_skip_tracking":false,"_monsterinsights_sitenote_active":false,"_monsterinsights_sitenote_note":"","_monsterinsights_sitenote_category":0},"product_brand":[],"product_cat":[12409,12408],"product_tag":[],"class_list":{"0":"post-734379","1":"product","2":"type-product","3":"status-publish","5":"product_cat-fotograf-sinema-tiyatro","6":"product_cat-sanat","7":"pa_cilt-ciltli","8":"pa_tur-kitap","9":"pa_yayinevi-artemis-yayinlari","10":"pa_yazar-anna-milbourne","12":"first","13":"instock","14":"sale","15":"shipping-taxable","16":"purchasable","17":"product-type-simple"},"_links":{"self":[{"href":"https:\/\/roveyayinevi.com.tr\/index.php\/wp-json\/wp\/v2\/product\/734379","targetHints":{"allow":["GET"]}}],"collection":[{"href":"https:\/\/roveyayinevi.com.tr\/index.php\/wp-json\/wp\/v2\/product"}],"about":[{"href":"https:\/\/roveyayinevi.com.tr\/index.php\/wp-json\/wp\/v2\/types\/product"}],"wp:attachment":[{"href":"https:\/\/roveyayinevi.com.tr\/index.php\/wp-json\/wp\/v2\/media?parent=734379"}],"wp:term":[{"taxonomy":"product_brand","embeddable":true,"href":"https:\/\/roveyayinevi.com.tr\/index.php\/wp-json\/wp\/v2\/product_brand?post=734379"},{"taxonomy":"product_cat","embeddable":true,"href":"https:\/\/roveyayinevi.com.tr\/index.php\/wp-json\/wp\/v2\/product_cat?post=734379"},{"taxonomy":"product_tag","embeddable":true,"href":"https:\/\/roveyayinevi.com.tr\/index.php\/wp-json\/wp\/v2\/product_tag?post=734379"}],"curies":[{"name":"wp","href":"https:\/\/api.w.org\/{rel}","templated":true}]}}