{"id":734377,"date":"2025-08-27T22:26:58","date_gmt":"2025-08-27T19:26:58","guid":{"rendered":"https:\/\/roveyayinevi.com.tr\/index.php\/urun\/48-saat\/"},"modified":"2026-04-16T02:42:06","modified_gmt":"2026-04-15T23:42:06","slug":"48-saat","status":"publish","type":"product","link":"https:\/\/roveyayinevi.com.tr\/index.php\/urun\/48-saat\/","title":{"rendered":"48 Saat"},"content":{"rendered":"<p>Nar Sahne ilk bas\u0131l\u0131 yay\u0131n\u0131 olan, Ahmet Ku\u015fcu\u2019nun 1974 y\u0131l\u0131nda \u201cK\u0131br\u0131s Bar\u0131\u015f Harekat\u0131\u201d s\u0131ras\u0131nda bir can sal\u0131 i\u00e7inde ge\u00e7en 48 saatlik hayatta kalma m\u00fccadelesini ve kurtulduktan sonra ya\u015fad\u0131klar\u0131n\u0131 anlatt\u0131\u011f\u0131 \u201c48 Saat\u201d ile okuyucusuyla bulu\u015fuyor!  <\/p>\n","protected":false},"excerpt":{"rendered":"<p>Nar Sahne ilk bas\u0131l\u0131 yay\u0131n\u0131 olan, Ahmet Ku\u015fcu\u2019nun 1974 y\u0131l\u0131nda \u201cK\u0131br\u0131s Bar\u0131\u015f Harekat\u0131\u201d s\u0131ras\u0131nda bir can sal\u0131 i\u00e7inde ge\u00e7en 48 saatlik hayatta kalma m\u00fccadelesini ve kurtulduktan<span class=\"excerpt-hellip\"> [\u2026]<\/span><\/p>\n","protected":false},"featured_media":0,"template":"","meta":{"_monsterinsights_skip_tracking":false,"_monsterinsights_sitenote_active":false,"_monsterinsights_sitenote_note":"","_monsterinsights_sitenote_category":0},"product_brand":[],"product_cat":[13701,12291],"product_tag":[],"class_list":{"0":"post-734377","1":"product","2":"type-product","3":"status-publish","5":"product_cat-ani-mektup-gunluk","6":"product_cat-edebiyat","7":"pa_cilt-ciltsiz","8":"pa_tur-kitap","9":"pa_yayinevi-nar-sahne-yayinlari","10":"pa_yazar-ahmet-kuscu","12":"first","13":"instock","14":"sale","15":"shipping-taxable","16":"purchasable","17":"product-type-simple"},"_links":{"self":[{"href":"https:\/\/roveyayinevi.com.tr\/index.php\/wp-json\/wp\/v2\/product\/734377","targetHints":{"allow":["GET"]}}],"collection":[{"href":"https:\/\/roveyayinevi.com.tr\/index.php\/wp-json\/wp\/v2\/product"}],"about":[{"href":"https:\/\/roveyayinevi.com.tr\/index.php\/wp-json\/wp\/v2\/types\/product"}],"wp:attachment":[{"href":"https:\/\/roveyayinevi.com.tr\/index.php\/wp-json\/wp\/v2\/media?parent=734377"}],"wp:term":[{"taxonomy":"product_brand","embeddable":true,"href":"https:\/\/roveyayinevi.com.tr\/index.php\/wp-json\/wp\/v2\/product_brand?post=734377"},{"taxonomy":"product_cat","embeddable":true,"href":"https:\/\/roveyayinevi.com.tr\/index.php\/wp-json\/wp\/v2\/product_cat?post=734377"},{"taxonomy":"product_tag","embeddable":true,"href":"https:\/\/roveyayinevi.com.tr\/index.php\/wp-json\/wp\/v2\/product_tag?post=734377"}],"curies":[{"name":"wp","href":"https:\/\/api.w.org\/{rel}","templated":true}]}}