{"id":734376,"date":"2025-08-27T22:26:56","date_gmt":"2025-08-27T19:26:56","guid":{"rendered":"https:\/\/roveyayinevi.com.tr\/index.php\/urun\/cizgili-hikaye\/"},"modified":"2026-04-16T02:42:06","modified_gmt":"2026-04-15T23:42:06","slug":"cizgili-hikaye","status":"publish","type":"product","link":"https:\/\/roveyayinevi.com.tr\/index.php\/urun\/cizgili-hikaye\/","title":{"rendered":"\u00c7izgili Hikaye"},"content":{"rendered":"<p>D\u00fcnyaya kaybolmu\u015f bir zebran\u0131n g\u00f6zlerinden bakmaya haz\u0131r m\u0131s\u0131n\u0131z?   K\u00fc\u00e7\u00fck bir zebraysan\u0131z, \u00fcstelik annenizi markette kaybetmi\u015fseniz olduk\u00e7a zor bir g\u00fcn ge\u00e7irebilirsiniz.   Dikkat edin! Yolda kar\u015f\u0131la\u015ft\u0131\u011f\u0131n\u0131z her \u00e7izgili anneniz olmayabilir.   K\u00fc\u00e7\u00fck Zebra yollarda annesini aramaya ba\u015flar. Tek bildi\u011fi, annesine benzeyen \u00e7izgilileri takip etmesi gerekti\u011fidir. Fakat \u00e7ok ge\u00e7meden \u00e7izgili olan her \u015feyin zebra olmad\u0131\u011f\u0131n\u0131 fark eder. \u00d6d\u00fcll\u00fc yazar ve ill\u00fcstrat\u00f6r K\u0119stutis Kasparavi\u010dius\u2019un ola\u011fan\u00fcst\u00fc \u00e7izimleri, \u00e7ocuklar\u0131 hayvanlar\u0131n \u00e7izgili d\u00fcnyas\u0131na davet ediyor.<\/p>\n","protected":false},"excerpt":{"rendered":"<p>D\u00fcnyaya kaybolmu\u015f bir zebran\u0131n g\u00f6zlerinden bakmaya haz\u0131r m\u0131s\u0131n\u0131z? K\u00fc\u00e7\u00fck bir zebraysan\u0131z, \u00fcstelik annenizi markette kaybetmi\u015fseniz olduk\u00e7a zor bir g\u00fcn ge\u00e7irebilirsiniz. Dikkat edin! Yolda kar\u015f\u0131la\u015ft\u0131\u011f\u0131n\u0131z her \u00e7izgili<span class=\"excerpt-hellip\"> [\u2026]<\/span><\/p>\n","protected":false},"featured_media":0,"template":"","meta":{"_monsterinsights_skip_tracking":false,"_monsterinsights_sitenote_active":false,"_monsterinsights_sitenote_note":"","_monsterinsights_sitenote_category":0},"product_brand":[],"product_cat":[12274,12284],"product_tag":[],"class_list":{"0":"post-734376","1":"product","2":"type-product","3":"status-publish","5":"product_cat-cocuk-ve-genclik-kitaplari","6":"product_cat-hikayeler","7":"pa_cilt-ciltsiz","8":"pa_tur-kitap","9":"pa_yayinevi-yeni-insan-yayinlari","10":"pa_yazar-kestutis-kasparavicius","12":"first","13":"instock","14":"sale","15":"shipping-taxable","16":"purchasable","17":"product-type-simple"},"_links":{"self":[{"href":"https:\/\/roveyayinevi.com.tr\/index.php\/wp-json\/wp\/v2\/product\/734376","targetHints":{"allow":["GET"]}}],"collection":[{"href":"https:\/\/roveyayinevi.com.tr\/index.php\/wp-json\/wp\/v2\/product"}],"about":[{"href":"https:\/\/roveyayinevi.com.tr\/index.php\/wp-json\/wp\/v2\/types\/product"}],"wp:attachment":[{"href":"https:\/\/roveyayinevi.com.tr\/index.php\/wp-json\/wp\/v2\/media?parent=734376"}],"wp:term":[{"taxonomy":"product_brand","embeddable":true,"href":"https:\/\/roveyayinevi.com.tr\/index.php\/wp-json\/wp\/v2\/product_brand?post=734376"},{"taxonomy":"product_cat","embeddable":true,"href":"https:\/\/roveyayinevi.com.tr\/index.php\/wp-json\/wp\/v2\/product_cat?post=734376"},{"taxonomy":"product_tag","embeddable":true,"href":"https:\/\/roveyayinevi.com.tr\/index.php\/wp-json\/wp\/v2\/product_tag?post=734376"}],"curies":[{"name":"wp","href":"https:\/\/api.w.org\/{rel}","templated":true}]}}